{"id":360,"date":"2020-03-19T17:55:11","date_gmt":"2020-03-19T16:55:11","guid":{"rendered":"https:\/\/www.irriga.es\/?page_id=360"},"modified":"2023-07-17T11:51:15","modified_gmt":"2023-07-17T10:51:15","slug":"empresa","status":"publish","type":"page","link":"https:\/\/irriga.es\/index.php\/empresa\/","title":{"rendered":"Irriga Water Solutions"},"content":{"rendered":"<p>[et_pb_section fb_built=&#8221;1&#8243; _builder_version=&#8221;4.4.8&#8243; background_color=&#8221;#003d52&#8243; custom_padding=&#8221;0px||0px||false|false&#8221;][et_pb_row column_structure=&#8221;1_4,3_4&#8243; make_equal=&#8221;on&#8221; _builder_version=&#8221;4.4.8&#8243;][et_pb_column type=&#8221;1_4&#8243; module_id=&#8221;icontitulo&#8221; _builder_version=&#8221;4.4.8&#8243;][et_pb_image src=&#8221;https:\/\/irriga.es\/wp-content\/uploads\/2020\/07\/icon-irriga.png&#8221; title_text=&#8221;icon-irriga&#8221; align_tablet=&#8221;left&#8221; align_phone=&#8221;left&#8221; align_last_edited=&#8221;off|desktop&#8221; _builder_version=&#8221;4.4.8&#8243; width=&#8221;75px&#8221; custom_margin=&#8221;-0.5px||||false|false&#8221;][\/et_pb_image][\/et_pb_column][et_pb_column type=&#8221;3_4&#8243; _builder_version=&#8221;4.4.8&#8243; custom_padding=&#8221;20px||||false|false&#8221; custom_padding_tablet=&#8221;&#8221; custom_padding_phone=&#8221;&#8221; custom_padding_last_edited=&#8221;on|desktop&#8221;][et_pb_text admin_label=&#8221;Texto&#8221; _builder_version=&#8221;4.4.8&#8243; custom_margin=&#8221;||||false|false&#8221; custom_padding=&#8221;||||false|false&#8221; custom_padding_last_edited=&#8221;off|desktop&#8221;]<\/p>\n<div class=\"et_pb_column et_pb_column_4_4 et_pb_column_0_tb_body  et_pb_css_mix_blend_mode_passthrough et-last-child\">\n<div class=\"et_pb_module et_pb_post_title et_pb_post_title_0_tb_body et_pb_bg_layout_dark  et_pb_text_align_left et_had_animation\">\n<div class=\"et_pb_title_container\">\n<h1 id=\"titulopaginaservicios\" class=\"entry-title\">Irriga Water Solutions<\/h1>\n<\/div>\n<\/div>\n<\/div>\n<p>[\/et_pb_text][\/et_pb_column][\/et_pb_row][\/et_pb_section][et_pb_section fb_built=&#8221;1&#8243; _builder_version=&#8221;4.1&#8243; custom_padding=&#8221;||0px||false|false&#8221; animation_style=&#8221;slide&#8221; animation_direction=&#8221;bottom&#8221; animation_duration=&#8221;800ms&#8221; animation_intensity_slide=&#8221;20%&#8221;][et_pb_row column_structure=&#8221;2_3,1_3&#8243; _builder_version=&#8221;4.4.8&#8243;][et_pb_column type=&#8221;2_3&#8243; _builder_version=&#8221;4.1&#8243;][et_pb_text _builder_version=&#8221;4.4.8&#8243; custom_margin=&#8221;||50px||false|false&#8221;]<\/p>\n<p>A <strong>Irriga<\/strong> desenvolupem <strong>projectes \u00fatils<\/strong>, <strong>eficients<\/strong> i <strong>sostenibles<\/strong>, amb una tecnologia espec\u00edfica per a cada treball i localitzaci\u00f3 <strong>amb l&#8217;objectiu d&#8217;obtenir la m\u00e0xima rendibilitat<\/strong>.<\/p>\n<p>El cor del nostre negoci \u00e9s <strong>obtenir solucions de sistemes de reg per a la gesti\u00f3 de l&#8217;aigua, en instal\u00b7lacions i obres hidr\u00e0uliques<\/strong>.<\/p>\n<p>Per aix\u00f2, disposem d&#8217;uns <strong>serveis de maquin\u00e0ria i tallers propis<\/strong> (el\u00e8ctric i caldereria de polietil\u00e8\/acer) a m\u00e9s d&#8217;un <strong>parc de vehicles<\/strong>. Tenim un estoc de m\u00e9s de 6.000 refer\u00e8ncies per executar els projectes, subministrar materials i disposar de recanvis per al servei postvenda.<\/p>\n<p>El nostre <strong>equip d&#8217;enginyeria i de producci\u00f3<\/strong> desenvolupa la <strong>projecci\u00f3<\/strong>, <strong>direcci\u00f3<\/strong> i <strong>execuci\u00f3 de projectes integrals de les instal\u00b7lacions de reg, l&#8217;execuci\u00f3 d&#8217;obra hidr\u00e0ulica i l&#8217;assessorament t\u00e8cnic<\/strong> posterior en acabar el projecte.<\/p>\n<p>[\/et_pb_text][et_pb_text _builder_version=&#8221;4.4.8&#8243; header_4_text_color=&#8221;#53c8e7&#8243;]<\/p>\n<h4>Origen i hist\u00f2ria<\/h4>\n<p>Irriga neix l\u2019<strong>any 2010<\/strong> de la iniciativa d\u2019un grup d&#8217;enginyers i t\u00e8cnics que hav\u00edem desenvolupat\u00a0 projectes i instal\u00b7lacions de reg i abastament d\u2019aigua\u00a0 des de l\u2019any 1985, amb la voluntat d\u2019oferir productes d\u2019una gran qualitat, en l\u2019avantguarda tecnol\u00f2gica i amb una clara vocaci\u00f3 de servei al client.<\/p>\n<p>[\/et_pb_text][\/et_pb_column][et_pb_column type=&#8221;1_3&#8243; _builder_version=&#8221;4.1&#8243;][et_pb_number_counter title=&#8221;any de fundaci\u00f3&#8221; number=&#8221;2010&#8243; percent_sign=&#8221;off&#8221; _builder_version=&#8221;4.4.8&#8243; title_text_color=&#8221;#93d400&#8243; number_font=&#8221;|800|||||||&#8221; number_text_color=&#8221;#93d400&#8243; custom_margin=&#8221;||50px||false|false&#8221;][\/et_pb_number_counter][et_pb_number_counter title=&#8221;anys d&#8217;experi\u00e8ncia&#8221; number=&#8221;+10&#8243; percent_sign=&#8221;off&#8221; _builder_version=&#8221;4.4.8&#8243; title_text_color=&#8221;#53c8e7&#8243; number_font=&#8221;|800|||||||&#8221;][\/et_pb_number_counter][\/et_pb_column][\/et_pb_row][\/et_pb_section][et_pb_section fb_built=&#8221;1&#8243; _builder_version=&#8221;4.4.8&#8243; background_enable_color=&#8221;off&#8221; use_background_color_gradient=&#8221;on&#8221; background_color_gradient_start=&#8221;rgba(83,200,231,0.15)&#8221; background_color_gradient_end=&#8221;rgba(147,212,0,0.15)&#8221; background_color_gradient_direction=&#8221;16deg&#8221; background_color_gradient_start_position=&#8221;25%&#8221; top_divider_style=&#8221;wave&#8221; top_divider_color=&#8221;#ffffff&#8221; top_divider_height=&#8221;150px&#8221; top_divider_flip=&#8221;horizontal&#8221; top_divider_height_tablet=&#8221;100px&#8221; top_divider_height_phone=&#8221;80px&#8221; top_divider_height_last_edited=&#8221;on|phone&#8221; bottom_divider_style=&#8221;wave&#8221; bottom_divider_color=&#8221;#ffffff&#8221; bottom_divider_height=&#8221;150px&#8221; bottom_divider_flip=&#8221;vertical&#8221; bottom_divider_height_tablet=&#8221;100px&#8221; bottom_divider_height_phone=&#8221;80px&#8221; bottom_divider_height_last_edited=&#8221;on|desktop&#8221; locked=&#8221;off&#8221;][et_pb_row _builder_version=&#8221;4.1&#8243;][et_pb_column type=&#8221;4_4&#8243; _builder_version=&#8221;4.1&#8243;][et_pb_text admin_label=&#8221;Text&#8221; _builder_version=&#8221;4.4.8&#8243; background_enable_color=&#8221;off&#8221; text_orientation=&#8221;center&#8221;]<\/p>\n<h2>Oferim un servei <span style=\"color: #93d400;\">altament qualificat<\/span> per al teu projecte de reg<\/h2>\n<p>[\/et_pb_text][et_pb_text _builder_version=&#8221;4.4.8&#8243;]<\/p>\n<p>Coneixem la import\u00e0ncia que t\u00e9 una instal\u00b7laci\u00f3 de reg per a la rendibilitat de la teva explotaci\u00f3 agr\u00edcola. Regar no \u00e9s tan sols abocar-hi aigua, una instal\u00b7laci\u00f3 de reg del segle XXI ha d&#8217;anar m\u00e9s enll\u00e0. Per aquest motiu, a Irriga oferim:<\/p>\n<p>[\/et_pb_text][\/et_pb_column][\/et_pb_row][et_pb_row column_structure=&#8221;1_4,1_4,1_4,1_4&#8243; _builder_version=&#8221;4.1&#8243;][et_pb_column type=&#8221;1_4&#8243; _builder_version=&#8221;4.1&#8243;][et_pb_blurb title=&#8221;Seguretat&#8221; image=&#8221;https:\/\/irriga.es\/wp-content\/uploads\/2020\/02\/seguridad-riego.png&#8221; image_max_width=&#8221;50%&#8221; admin_label=&#8221;Blurb&#8221; _builder_version=&#8221;4.4.8&#8243; header_level=&#8221;h3&#8243; header_font=&#8221;|||on|||||&#8221; header_text_color=&#8221;#93d400&#8243;]<\/p>\n<p>Dissenyem i treballem perqu\u00e8 la teva instal\u00b7laci\u00f3 sigui robusta,\u00a0 fiable i amb un bon servei postvenda i de recanvis.<\/p>\n<p>[\/et_pb_blurb][\/et_pb_column][et_pb_column type=&#8221;1_4&#8243; _builder_version=&#8221;4.1&#8243;][et_pb_blurb title=&#8221;Efici\u00e8ncia&#8221; image=&#8221;https:\/\/irriga.es\/wp-content\/uploads\/2020\/02\/riego-eficiente.png&#8221; image_max_width=&#8221;50%&#8221; _builder_version=&#8221;4.4.8&#8243; header_level=&#8221;h3&#8243; header_font=&#8221;|||on|||||&#8221; header_text_color=&#8221;#93d400&#8243;]<\/p>\n<p><span lang=\"CA\">Un objectiu prioritari en el disseny \u00e9s l<\/span><span dir=\"RTL\"><\/span><span lang=\"AR-SA\" dir=\"RTL\"><span dir=\"RTL\"><\/span>\u2019<\/span><span lang=\"CA\">estalvi en el consum d<\/span><span dir=\"RTL\"><\/span><span lang=\"AR-SA\" dir=\"RTL\"><span dir=\"RTL\"><\/span>\u2019<\/span><span lang=\"CA\">aigua, fertilitzants i energia.<\/span><\/p>\n<p>[\/et_pb_blurb][\/et_pb_column][et_pb_column type=&#8221;1_4&#8243; _builder_version=&#8221;4.1&#8243;][et_pb_blurb title=&#8221;F\u00e0cil maneig&#8221; image=&#8221;https:\/\/irriga.es\/wp-content\/uploads\/2020\/02\/riego-facil.png&#8221; image_max_width=&#8221;50%&#8221; _builder_version=&#8221;4.4.8&#8243; header_level=&#8221;h3&#8243; header_font=&#8221;|||on|||||&#8221; header_text_color=&#8221;#93d400&#8243;]<\/p>\n<p><span>El nostre equip de enginyeria treballa amb la tecnologia m\u00e9s avan\u00e7ada, dissenyant instal\u00b7lacions f\u00e0cils de manejar i incorporant-hi les noves tecnologies.<\/span><\/p>\n<p>[\/et_pb_blurb][\/et_pb_column][et_pb_column type=&#8221;1_4&#8243; _builder_version=&#8221;4.1&#8243;][et_pb_blurb title=&#8221;Rendabilitat&#8221; image=&#8221;https:\/\/irriga.es\/wp-content\/uploads\/2020\/02\/rentabilidad-riego.png&#8221; image_max_width=&#8221;50%&#8221; _builder_version=&#8221;4.4.8&#8243; header_level=&#8221;h3&#8243; header_font=&#8221;|||on|||||&#8221; header_text_color=&#8221;#93d400&#8243;]<\/p>\n<p class=\"Body\"><span lang=\"CA\">A les nostres instal\u00b7lacions de reg prioritzem el baix manteniment, el m\u00ednim consum d<\/span><span dir=\"RTL\"><\/span><span lang=\"AR-SA\" dir=\"RTL\"><span dir=\"RTL\"><\/span>\u2019<\/span><span lang=\"CA\">aigua i la m\u00e0xima productivitat.<\/span><\/p>\n<p>[\/et_pb_blurb][\/et_pb_column][\/et_pb_row][et_pb_row _builder_version=&#8221;4.1&#8243;][et_pb_column type=&#8221;4_4&#8243; _builder_version=&#8221;4.1&#8243;][et_pb_text _builder_version=&#8221;4.4.8&#8243;]<\/p>\n<p style=\"text-align: left;\">Amb aquests\u00a0 par\u00e0metres projectem, seleccionem els materials i realitzem la teva instal\u00b7laci\u00f3 de reg.<\/p>\n<p>[\/et_pb_text][\/et_pb_column][\/et_pb_row][\/et_pb_section][et_pb_section fb_built=&#8221;1&#8243; _builder_version=&#8221;4.4.8&#8243; custom_padding=&#8221;0px||0px|||&#8221;][et_pb_row column_structure=&#8221;1_5,1_5,1_5,1_5,1_5&#8243; use_custom_gutter=&#8221;on&#8221; gutter_width=&#8221;1&#8243; _builder_version=&#8221;4.4.8&#8243; width=&#8221;100%&#8221; max_width=&#8221;100%&#8221;][et_pb_column type=&#8221;1_5&#8243; _builder_version=&#8221;4.4.8&#8243; border_width_right=&#8221;8px&#8221; border_color_right=&#8221;#ffffff&#8221; border_width_bottom=&#8221;8px&#8221; border_color_bottom=&#8221;#ffffff&#8221;][et_pb_image src=&#8221;https:\/\/irriga.es\/wp-content\/uploads\/2021\/01\/GrupIRRIGA_001.jpg&#8221; title_text=&#8221;GrupIRRIGA_001&#8243; _builder_version=&#8221;4.4.8&#8243;][\/et_pb_image][\/et_pb_column][et_pb_column type=&#8221;1_5&#8243; _builder_version=&#8221;4.4.8&#8243; border_width_right=&#8221;8px&#8221; border_color_right=&#8221;#ffffff&#8221; border_width_bottom=&#8221;8px&#8221; border_color_bottom=&#8221;#ffffff&#8221;][et_pb_image src=&#8221;https:\/\/irriga.es\/wp-content\/uploads\/2021\/01\/IRRIGA_001.jpg&#8221; title_text=&#8221;IRRIGA_001&#8243; _builder_version=&#8221;4.4.8&#8243;][\/et_pb_image][\/et_pb_column][et_pb_column type=&#8221;1_5&#8243; _builder_version=&#8221;4.4.8&#8243; border_width_right=&#8221;8px&#8221; border_color_right=&#8221;#ffffff&#8221; border_width_bottom=&#8221;8px&#8221; border_color_bottom=&#8221;#ffffff&#8221;][et_pb_image src=&#8221;https:\/\/irriga.es\/wp-content\/uploads\/2022\/02\/IMG-20211115-WA0001-2-scaled.jpg&#8221; title_text=&#8221;IMG-20211115-WA0001 (2)&#8221; _builder_version=&#8221;4.4.8&#8243; hover_enabled=&#8221;0&#8243; alt=&#8221;equip, obra p\u00fablica&#8221;][\/et_pb_image][\/et_pb_column][et_pb_column type=&#8221;1_5&#8243; _builder_version=&#8221;4.4.8&#8243; border_width_right=&#8221;8px&#8221; border_color_right=&#8221;#ffffff&#8221; border_width_bottom=&#8221;8px&#8221; border_color_bottom=&#8221;#ffffff&#8221;][et_pb_image src=&#8221;https:\/\/irriga.es\/wp-content\/uploads\/2021\/01\/IRRIGA_063.jpg&#8221; title_text=&#8221;IRRIGA_063&#8243; _builder_version=&#8221;4.4.8&#8243;][\/et_pb_image][\/et_pb_column][et_pb_column type=&#8221;1_5&#8243; _builder_version=&#8221;4.4.8&#8243; border_width_right=&#8221;8px&#8221; border_color_right=&#8221;#ffffff&#8221; border_width_bottom=&#8221;8px&#8221; border_color_bottom=&#8221;#ffffff&#8221;][et_pb_image src=&#8221;https:\/\/irriga.es\/wp-content\/uploads\/2021\/01\/IRRIGA_068.jpg&#8221; title_text=&#8221;IRRIGA_068&#8243; _builder_version=&#8221;4.4.8&#8243;][\/et_pb_image][\/et_pb_column][\/et_pb_row][\/et_pb_section][et_pb_section fb_built=&#8221;1&#8243; _builder_version=&#8221;4.4.1&#8243;][et_pb_row _builder_version=&#8221;4.4.1&#8243;][et_pb_column type=&#8221;4_4&#8243; _builder_version=&#8221;4.4.1&#8243;][et_pb_text _builder_version=&#8221;4.4.8&#8243; header_4_text_color=&#8221;#53c8e7&#8243;]<\/p>\n<h4>Valors<\/h4>\n<p>Som gent <strong><em>honesta<\/em><\/strong>, la veritat i el tracte just est\u00e0 en el nostre ADN. Estem clarament <strong><em>orientats al client<\/em><\/strong> amb la finalitat d\u2019aportar-li tot all\u00f2 que ens demana: enginyers i especialistes que l\u2019acompanyaran, li resoldran tots els problemes que pugui tenir i li implementaran els projectes amb les \u00faltimes <strong>innovacions <\/strong>relacionades amb les xarxes hidr\u00e0uliques.<\/p>\n<p>I tot aix\u00f2 ho fem amb <strong><em>passi\u00f3<\/em><\/strong>,\u00a0 perqu\u00e8 la nostra feina ens agrada, ens motiva i ens il\u00b7lusiona.<\/p>\n<p>[\/et_pb_text][\/et_pb_column][\/et_pb_row][\/et_pb_section][et_pb_section fb_built=&#8221;1&#8243; admin_label=&#8221;Si ets\/has sigut client d&#8217;Irriga i t&#8217;agradaria participar amb aquest programa, t&#8217;invitem a que ens envi\u00efs un correu a marqueting@irriga.es. T&#8217;esperem!&#8221; _builder_version=&#8221;4.4.8&#8243; background_color=&#8221;#ffffff&#8221; background_image=&#8221;https:\/\/irriga.es\/wp-content\/uploads\/2020\/01\/favicon.png&#8221; background_size=&#8221;contain&#8221; background_position=&#8221;center_left&#8221; custom_margin=&#8221;25px||||false|false&#8221; custom_padding=&#8221;0px||0px||false|false&#8221; animation_style=&#8221;slide&#8221; animation_direction=&#8221;left&#8221; animation_duration=&#8221;800ms&#8221; animation_intensity_slide=&#8221;20%&#8221; background_last_edited=&#8221;on|desktop&#8221; background_enable_image_tablet=&#8221;off&#8221; background_size_tablet=&#8221;contain&#8221; background_blend_tablet=&#8221;normal&#8221; global_module=&#8221;290&#8243; saved_tabs=&#8221;all&#8221; collapsed=&#8221;off&#8221;][\/et_pb_section][et_pb_section fb_built=&#8221;1&#8243; _builder_version=&#8221;4.1&#8243; custom_padding=&#8221;||0px||false|false&#8221;][et_pb_row use_custom_gutter=&#8221;on&#8221; gutter_width=&#8221;1&#8243; make_equal=&#8221;on&#8221; _builder_version=&#8221;4.4.1&#8243; background_image=&#8221;https:\/\/irriga.es\/wp-content\/uploads\/2020\/03\/riego-gota-a-gota-obra-hidraulica.jpg&#8221; parallax=&#8221;on&#8221; width=&#8221;100%&#8221; max_width=&#8221;2560px&#8221; custom_padding=&#8221;0px||0px||false|false&#8221; animation_style=&#8221;slide&#8221; animation_direction=&#8221;bottom&#8221; animation_duration=&#8221;800ms&#8221; animation_intensity_slide=&#8221;20%&#8221;][et_pb_column type=&#8221;4_4&#8243; _builder_version=&#8221;4.4.1&#8243; background_enable_image=&#8221;off&#8221;][et_pb_divider show_divider=&#8221;off&#8221; _builder_version=&#8221;4.1&#8243; min_height=&#8221;350px&#8221;][\/et_pb_divider][\/et_pb_column][\/et_pb_row][\/et_pb_section]<\/p>\n","protected":false},"excerpt":{"rendered":"<p>Irriga Water Solutions A Irriga desenvolupem projectes \u00fatils, eficients i sostenibles, amb una tecnologia espec\u00edfica per a cada treball i localitzaci\u00f3 amb l&#8217;objectiu d&#8217;obtenir la m\u00e0xima rendibilitat. El cor del nostre negoci \u00e9s obtenir solucions de sistemes de reg per a la gesti\u00f3 de l&#8217;aigua, en instal\u00b7lacions i obres hidr\u00e0uliques. Per aix\u00f2, disposem d&#8217;uns serveis [&hellip;]<\/p>\n","protected":false},"author":1,"featured_media":0,"parent":0,"menu_order":0,"comment_status":"closed","ping_status":"closed","template":"","meta":{"_et_pb_use_builder":"on","_et_pb_old_content":"<!-- wp:paragraph -->\r\n<p>This is an example page. It's different from a blog post because it will stay in one place and will show up in your site navigation (in most themes). Most people start with an About page that introduces them to potential site visitors. It might say something like this:<\/p>\r\n<!-- \/wp:paragraph -->\r\n\r\n<!-- wp:quote -->\r\n<blockquote class=\"wp-block-quote\"><p>Hi there! I'm a bike messenger by day, aspiring actor by night, and this is my website. I live in Los Angeles, have a great dog named Jack, and I like pi\u00f1a coladas. (And gettin' caught in the rain.)<\/p><\/blockquote>\r\n<!-- \/wp:quote -->\r\n\r\n<!-- wp:paragraph -->\r\n<p>...or something like this:<\/p>\r\n<!-- \/wp:paragraph -->\r\n\r\n<!-- wp:quote -->\r\n<blockquote class=\"wp-block-quote\"><p>The XYZ Doohickey Company was founded in 1971, and has been providing quality doohickeys to the public ever since. Located in Gotham City, XYZ employs over 2,000 people and does all kinds of awesome things for the Gotham community.<\/p><\/blockquote>\r\n<!-- \/wp:quote -->\r\n\r\n<!-- wp:paragraph -->\r\n<p>As a new WordPress user, you should go to <a href=\"https:\/\/irriga.es\/wp-admin\/\">your dashboard<\/a> to delete this page and create new pages for your content. Have fun!<\/p>\r\n<!-- \/wp:paragraph -->","_et_gb_content_width":"","_monsterinsights_skip_tracking":false,"_monsterinsights_sitenote_active":false,"_monsterinsights_sitenote_note":"","_monsterinsights_sitenote_category":0,"footnotes":""},"class_list":["post-360","page","type-page","status-publish","hentry"],"yoast_head":"<!-- This site is optimized with the Yoast SEO plugin v26.6 - https:\/\/yoast.com\/wordpress\/plugins\/seo\/ -->\n<title>Irriga Water Solutions - Irriga Water Solutions<\/title>\n<meta name=\"robots\" content=\"index, follow, max-snippet:-1, max-image-preview:large, max-video-preview:-1\" \/>\n<link rel=\"canonical\" href=\"https:\/\/irriga.es\/index.php\/empresa\/\" \/>\n<meta property=\"og:locale\" content=\"ca_ES\" \/>\n<meta property=\"og:type\" content=\"article\" \/>\n<meta property=\"og:title\" content=\"Irriga Water Solutions - Irriga Water Solutions\" \/>\n<meta property=\"og:description\" content=\"Irriga Water Solutions A Irriga desenvolupem projectes \u00fatils, eficients i sostenibles, amb una tecnologia espec\u00edfica per a cada treball i localitzaci\u00f3 amb l&#039;objectiu d&#039;obtenir la m\u00e0xima rendibilitat. El cor del nostre negoci \u00e9s obtenir solucions de sistemes de reg per a la gesti\u00f3 de l&#039;aigua, en instal\u00b7lacions i obres hidr\u00e0uliques. Per aix\u00f2, disposem d&#039;uns serveis [&hellip;]\" \/>\n<meta property=\"og:url\" content=\"https:\/\/irriga.es\/index.php\/empresa\/\" \/>\n<meta property=\"og:site_name\" content=\"Irriga Water Solutions\" \/>\n<meta property=\"article:modified_time\" content=\"2023-07-17T10:51:15+00:00\" \/>\n<meta name=\"twitter:card\" content=\"summary_large_image\" \/>\n<meta name=\"twitter:label1\" content=\"Temps estimat de lectura\" \/>\n\t<meta name=\"twitter:data1\" content=\"8 minuts\" \/>\n<script type=\"application\/ld+json\" class=\"yoast-schema-graph\">{\"@context\":\"https:\/\/schema.org\",\"@graph\":[{\"@type\":\"WebPage\",\"@id\":\"https:\/\/irriga.es\/index.php\/empresa\/\",\"url\":\"https:\/\/irriga.es\/index.php\/empresa\/\",\"name\":\"Irriga Water Solutions - Irriga Water Solutions\",\"isPartOf\":{\"@id\":\"https:\/\/irriga.es\/#website\"},\"datePublished\":\"2020-03-19T16:55:11+00:00\",\"dateModified\":\"2023-07-17T10:51:15+00:00\",\"breadcrumb\":{\"@id\":\"https:\/\/irriga.es\/index.php\/empresa\/#breadcrumb\"},\"inLanguage\":\"ca\",\"potentialAction\":[{\"@type\":\"ReadAction\",\"target\":[\"https:\/\/irriga.es\/index.php\/empresa\/\"]}]},{\"@type\":\"BreadcrumbList\",\"@id\":\"https:\/\/irriga.es\/index.php\/empresa\/#breadcrumb\",\"itemListElement\":[{\"@type\":\"ListItem\",\"position\":1,\"name\":\"Portada\",\"item\":\"https:\/\/irriga.es\/\"},{\"@type\":\"ListItem\",\"position\":2,\"name\":\"Irriga Water Solutions\"}]},{\"@type\":\"WebSite\",\"@id\":\"https:\/\/irriga.es\/#website\",\"url\":\"https:\/\/irriga.es\/\",\"name\":\"Irriga Water Solutions\",\"description\":\"Sistemes de reg a mida \/\/ Obra hidr\u00e0ulica\",\"potentialAction\":[{\"@type\":\"SearchAction\",\"target\":{\"@type\":\"EntryPoint\",\"urlTemplate\":\"https:\/\/irriga.es\/?s={search_term_string}\"},\"query-input\":{\"@type\":\"PropertyValueSpecification\",\"valueRequired\":true,\"valueName\":\"search_term_string\"}}],\"inLanguage\":\"ca\"}]}<\/script>\n<!-- \/ Yoast SEO plugin. -->","yoast_head_json":{"title":"Irriga Water Solutions - Irriga Water Solutions","robots":{"index":"index","follow":"follow","max-snippet":"max-snippet:-1","max-image-preview":"max-image-preview:large","max-video-preview":"max-video-preview:-1"},"canonical":"https:\/\/irriga.es\/index.php\/empresa\/","og_locale":"ca_ES","og_type":"article","og_title":"Irriga Water Solutions - Irriga Water Solutions","og_description":"Irriga Water Solutions A Irriga desenvolupem projectes \u00fatils, eficients i sostenibles, amb una tecnologia espec\u00edfica per a cada treball i localitzaci\u00f3 amb l'objectiu d'obtenir la m\u00e0xima rendibilitat. El cor del nostre negoci \u00e9s obtenir solucions de sistemes de reg per a la gesti\u00f3 de l'aigua, en instal\u00b7lacions i obres hidr\u00e0uliques. Per aix\u00f2, disposem d'uns serveis [&hellip;]","og_url":"https:\/\/irriga.es\/index.php\/empresa\/","og_site_name":"Irriga Water Solutions","article_modified_time":"2023-07-17T10:51:15+00:00","twitter_card":"summary_large_image","twitter_misc":{"Temps estimat de lectura":"8 minuts"},"schema":{"@context":"https:\/\/schema.org","@graph":[{"@type":"WebPage","@id":"https:\/\/irriga.es\/index.php\/empresa\/","url":"https:\/\/irriga.es\/index.php\/empresa\/","name":"Irriga Water Solutions - Irriga Water Solutions","isPartOf":{"@id":"https:\/\/irriga.es\/#website"},"datePublished":"2020-03-19T16:55:11+00:00","dateModified":"2023-07-17T10:51:15+00:00","breadcrumb":{"@id":"https:\/\/irriga.es\/index.php\/empresa\/#breadcrumb"},"inLanguage":"ca","potentialAction":[{"@type":"ReadAction","target":["https:\/\/irriga.es\/index.php\/empresa\/"]}]},{"@type":"BreadcrumbList","@id":"https:\/\/irriga.es\/index.php\/empresa\/#breadcrumb","itemListElement":[{"@type":"ListItem","position":1,"name":"Portada","item":"https:\/\/irriga.es\/"},{"@type":"ListItem","position":2,"name":"Irriga Water Solutions"}]},{"@type":"WebSite","@id":"https:\/\/irriga.es\/#website","url":"https:\/\/irriga.es\/","name":"Irriga Water Solutions","description":"Sistemes de reg a mida \/\/ Obra hidr\u00e0ulica","potentialAction":[{"@type":"SearchAction","target":{"@type":"EntryPoint","urlTemplate":"https:\/\/irriga.es\/?s={search_term_string}"},"query-input":{"@type":"PropertyValueSpecification","valueRequired":true,"valueName":"search_term_string"}}],"inLanguage":"ca"}]}},"_links":{"self":[{"href":"https:\/\/irriga.es\/index.php\/wp-json\/wp\/v2\/pages\/360","targetHints":{"allow":["GET"]}}],"collection":[{"href":"https:\/\/irriga.es\/index.php\/wp-json\/wp\/v2\/pages"}],"about":[{"href":"https:\/\/irriga.es\/index.php\/wp-json\/wp\/v2\/types\/page"}],"author":[{"embeddable":true,"href":"https:\/\/irriga.es\/index.php\/wp-json\/wp\/v2\/users\/1"}],"replies":[{"embeddable":true,"href":"https:\/\/irriga.es\/index.php\/wp-json\/wp\/v2\/comments?post=360"}],"version-history":[{"count":24,"href":"https:\/\/irriga.es\/index.php\/wp-json\/wp\/v2\/pages\/360\/revisions"}],"predecessor-version":[{"id":5100,"href":"https:\/\/irriga.es\/index.php\/wp-json\/wp\/v2\/pages\/360\/revisions\/5100"}],"wp:attachment":[{"href":"https:\/\/irriga.es\/index.php\/wp-json\/wp\/v2\/media?parent=360"}],"curies":[{"name":"wp","href":"https:\/\/api.w.org\/{rel}","templated":true}]}}