{"id":4406,"date":"2022-10-06T11:35:12","date_gmt":"2022-10-06T10:35:12","guid":{"rendered":"https:\/\/www.irriga.es\/?page_id=4406"},"modified":"2024-12-12T12:55:29","modified_gmt":"2024-12-12T11:55:29","slug":"politica-de-qualitat","status":"publish","type":"page","link":"https:\/\/irriga.es\/index.php\/politica-de-qualitat\/","title":{"rendered":"Pol\u00edtica de qualitat"},"content":{"rendered":"<p>[et_pb_section fb_built=&#8221;1&#8243; fullwidth=&#8221;on&#8221; _builder_version=&#8221;4.4.8&#8243;][et_pb_fullwidth_header title=&#8221;Politica de qualitat&#8221; _builder_version=&#8221;4.4.8&#8243;][\/et_pb_fullwidth_header][\/et_pb_section][et_pb_section fb_built=&#8221;1&#8243; _builder_version=&#8221;4.4.8&#8243;][et_pb_row _builder_version=&#8221;4.4.8&#8243; custom_padding=&#8221;0px|||||&#8221;][et_pb_column type=&#8221;4_4&#8243; _builder_version=&#8221;4.4.8&#8243;][et_pb_text _builder_version=&#8221;4.4.8&#8243;]<\/p>\n<p><span><b>Comprom\u00eds amb la Qualitat<\/b><br \/> A IRRIGA, treballem seguint els est\u00e0ndards de la norma ISO 9001:2015 per garantir que els nostres serveis compleixin les expectatives m\u00e9s altes de qualitat i satisfacci\u00f3 dels nostres clients.<\/span><\/p>\n<p><span>Ens comprometem a la millora cont\u00ednua dels nostres processos, a la formaci\u00f3 del nostre equip i al compliment de totes les normatives aplicables. La nostra pol\u00edtica de qualitat reflecteix la import\u00e0ncia de col\u00b7laborar amb clients, prove\u00efdors i altres parts interessades per assolir l&#8217;excel\u00b7l\u00e8ncia en tot el que fem.<\/span><\/p>\n<p><span>Confia en nosaltres com a partner de qualitat i innovaci\u00f3.<\/span><\/p>\n<p><a href=\"https:\/\/irriga.es\/wp-content\/uploads\/2024\/12\/POLITICA-DE-QUALITAT.pdf\"><span><b>M\u00e9s informaci\u00f3.<\/b><\/span><\/a><\/p>\n<p>[\/et_pb_text][\/et_pb_column][\/et_pb_row][\/et_pb_section]<\/p>\n","protected":false},"excerpt":{"rendered":"<p>Comprom\u00eds amb la Qualitat A IRRIGA, treballem seguint els est\u00e0ndards de la norma ISO 9001:2015 per garantir que els nostres serveis compleixin les expectatives m\u00e9s altes de qualitat i satisfacci\u00f3 dels nostres clients. Ens comprometem a la millora cont\u00ednua dels nostres processos, a la formaci\u00f3 del nostre equip i al compliment de totes les normatives [&hellip;]<\/p>\n","protected":false},"author":1,"featured_media":0,"parent":0,"menu_order":0,"comment_status":"closed","ping_status":"closed","template":"","meta":{"_et_pb_use_builder":"on","_et_pb_old_content":"","_et_gb_content_width":"","_monsterinsights_skip_tracking":false,"_monsterinsights_sitenote_active":false,"_monsterinsights_sitenote_note":"","_monsterinsights_sitenote_category":0,"footnotes":""},"class_list":["post-4406","page","type-page","status-publish","hentry"],"yoast_head":"<!-- This site is optimized with the Yoast SEO plugin v26.6 - https:\/\/yoast.com\/wordpress\/plugins\/seo\/ -->\n<title>Pol\u00edtica de qualitat - Irriga Water Solutions<\/title>\n<meta name=\"robots\" content=\"index, follow, max-snippet:-1, max-image-preview:large, max-video-preview:-1\" \/>\n<link rel=\"canonical\" href=\"https:\/\/irriga.es\/index.php\/politica-de-qualitat\/\" \/>\n<meta property=\"og:locale\" content=\"ca_ES\" \/>\n<meta property=\"og:type\" content=\"article\" \/>\n<meta property=\"og:title\" content=\"Pol\u00edtica de qualitat - Irriga Water Solutions\" \/>\n<meta property=\"og:description\" content=\"Comprom\u00eds amb la Qualitat A IRRIGA, treballem seguint els est\u00e0ndards de la norma ISO 9001:2015 per garantir que els nostres serveis compleixin les expectatives m\u00e9s altes de qualitat i satisfacci\u00f3 dels nostres clients. Ens comprometem a la millora cont\u00ednua dels nostres processos, a la formaci\u00f3 del nostre equip i al compliment de totes les normatives [&hellip;]\" \/>\n<meta property=\"og:url\" content=\"https:\/\/irriga.es\/index.php\/politica-de-qualitat\/\" \/>\n<meta property=\"og:site_name\" content=\"Irriga Water Solutions\" \/>\n<meta property=\"article:modified_time\" content=\"2024-12-12T11:55:29+00:00\" \/>\n<meta name=\"twitter:card\" content=\"summary_large_image\" \/>\n<meta name=\"twitter:label1\" content=\"Temps estimat de lectura\" \/>\n\t<meta name=\"twitter:data1\" content=\"2 minuts\" \/>\n<script type=\"application\/ld+json\" class=\"yoast-schema-graph\">{\"@context\":\"https:\/\/schema.org\",\"@graph\":[{\"@type\":\"WebPage\",\"@id\":\"https:\/\/irriga.es\/index.php\/politica-de-qualitat\/\",\"url\":\"https:\/\/irriga.es\/index.php\/politica-de-qualitat\/\",\"name\":\"Pol\u00edtica de qualitat - Irriga Water Solutions\",\"isPartOf\":{\"@id\":\"https:\/\/irriga.es\/#website\"},\"datePublished\":\"2022-10-06T10:35:12+00:00\",\"dateModified\":\"2024-12-12T11:55:29+00:00\",\"breadcrumb\":{\"@id\":\"https:\/\/irriga.es\/index.php\/politica-de-qualitat\/#breadcrumb\"},\"inLanguage\":\"ca\",\"potentialAction\":[{\"@type\":\"ReadAction\",\"target\":[\"https:\/\/irriga.es\/index.php\/politica-de-qualitat\/\"]}]},{\"@type\":\"BreadcrumbList\",\"@id\":\"https:\/\/irriga.es\/index.php\/politica-de-qualitat\/#breadcrumb\",\"itemListElement\":[{\"@type\":\"ListItem\",\"position\":1,\"name\":\"Portada\",\"item\":\"https:\/\/irriga.es\/\"},{\"@type\":\"ListItem\",\"position\":2,\"name\":\"Pol\u00edtica de qualitat\"}]},{\"@type\":\"WebSite\",\"@id\":\"https:\/\/irriga.es\/#website\",\"url\":\"https:\/\/irriga.es\/\",\"name\":\"Irriga Water Solutions\",\"description\":\"Sistemes de reg a mida \/\/ Obra hidr\u00e0ulica\",\"potentialAction\":[{\"@type\":\"SearchAction\",\"target\":{\"@type\":\"EntryPoint\",\"urlTemplate\":\"https:\/\/irriga.es\/?s={search_term_string}\"},\"query-input\":{\"@type\":\"PropertyValueSpecification\",\"valueRequired\":true,\"valueName\":\"search_term_string\"}}],\"inLanguage\":\"ca\"}]}<\/script>\n<!-- \/ Yoast SEO plugin. -->","yoast_head_json":{"title":"Pol\u00edtica de qualitat - Irriga Water Solutions","robots":{"index":"index","follow":"follow","max-snippet":"max-snippet:-1","max-image-preview":"max-image-preview:large","max-video-preview":"max-video-preview:-1"},"canonical":"https:\/\/irriga.es\/index.php\/politica-de-qualitat\/","og_locale":"ca_ES","og_type":"article","og_title":"Pol\u00edtica de qualitat - Irriga Water Solutions","og_description":"Comprom\u00eds amb la Qualitat A IRRIGA, treballem seguint els est\u00e0ndards de la norma ISO 9001:2015 per garantir que els nostres serveis compleixin les expectatives m\u00e9s altes de qualitat i satisfacci\u00f3 dels nostres clients. Ens comprometem a la millora cont\u00ednua dels nostres processos, a la formaci\u00f3 del nostre equip i al compliment de totes les normatives [&hellip;]","og_url":"https:\/\/irriga.es\/index.php\/politica-de-qualitat\/","og_site_name":"Irriga Water Solutions","article_modified_time":"2024-12-12T11:55:29+00:00","twitter_card":"summary_large_image","twitter_misc":{"Temps estimat de lectura":"2 minuts"},"schema":{"@context":"https:\/\/schema.org","@graph":[{"@type":"WebPage","@id":"https:\/\/irriga.es\/index.php\/politica-de-qualitat\/","url":"https:\/\/irriga.es\/index.php\/politica-de-qualitat\/","name":"Pol\u00edtica de qualitat - Irriga Water Solutions","isPartOf":{"@id":"https:\/\/irriga.es\/#website"},"datePublished":"2022-10-06T10:35:12+00:00","dateModified":"2024-12-12T11:55:29+00:00","breadcrumb":{"@id":"https:\/\/irriga.es\/index.php\/politica-de-qualitat\/#breadcrumb"},"inLanguage":"ca","potentialAction":[{"@type":"ReadAction","target":["https:\/\/irriga.es\/index.php\/politica-de-qualitat\/"]}]},{"@type":"BreadcrumbList","@id":"https:\/\/irriga.es\/index.php\/politica-de-qualitat\/#breadcrumb","itemListElement":[{"@type":"ListItem","position":1,"name":"Portada","item":"https:\/\/irriga.es\/"},{"@type":"ListItem","position":2,"name":"Pol\u00edtica de qualitat"}]},{"@type":"WebSite","@id":"https:\/\/irriga.es\/#website","url":"https:\/\/irriga.es\/","name":"Irriga Water Solutions","description":"Sistemes de reg a mida \/\/ Obra hidr\u00e0ulica","potentialAction":[{"@type":"SearchAction","target":{"@type":"EntryPoint","urlTemplate":"https:\/\/irriga.es\/?s={search_term_string}"},"query-input":{"@type":"PropertyValueSpecification","valueRequired":true,"valueName":"search_term_string"}}],"inLanguage":"ca"}]}},"_links":{"self":[{"href":"https:\/\/irriga.es\/index.php\/wp-json\/wp\/v2\/pages\/4406","targetHints":{"allow":["GET"]}}],"collection":[{"href":"https:\/\/irriga.es\/index.php\/wp-json\/wp\/v2\/pages"}],"about":[{"href":"https:\/\/irriga.es\/index.php\/wp-json\/wp\/v2\/types\/page"}],"author":[{"embeddable":true,"href":"https:\/\/irriga.es\/index.php\/wp-json\/wp\/v2\/users\/1"}],"replies":[{"embeddable":true,"href":"https:\/\/irriga.es\/index.php\/wp-json\/wp\/v2\/comments?post=4406"}],"version-history":[{"count":5,"href":"https:\/\/irriga.es\/index.php\/wp-json\/wp\/v2\/pages\/4406\/revisions"}],"predecessor-version":[{"id":5954,"href":"https:\/\/irriga.es\/index.php\/wp-json\/wp\/v2\/pages\/4406\/revisions\/5954"}],"wp:attachment":[{"href":"https:\/\/irriga.es\/index.php\/wp-json\/wp\/v2\/media?parent=4406"}],"curies":[{"name":"wp","href":"https:\/\/api.w.org\/{rel}","templated":true}]}}