{"id":5676,"date":"2024-06-10T10:38:07","date_gmt":"2024-06-10T09:38:07","guid":{"rendered":"https:\/\/www.irriga.es\/?page_id=5676"},"modified":"2024-06-10T12:35:40","modified_gmt":"2024-06-10T11:35:40","slug":"video-ajudes-2","status":"publish","type":"page","link":"https:\/\/irriga.es\/index.php\/video-ajudes-2\/","title":{"rendered":"V\u00cdDEO &#8211; AJUDES"},"content":{"rendered":"<p>[et_pb_section fb_built=&#8221;1&#8243; _builder_version=&#8221;4.4.8&#8243; background_color=&#8221;#003d52&#8243; custom_padding=&#8221;0px||0px||false|false&#8221; locked=&#8221;off&#8221;][et_pb_row column_structure=&#8221;1_4,3_4&#8243; make_equal=&#8221;on&#8221; _builder_version=&#8221;4.4.8&#8243;][et_pb_column type=&#8221;1_4&#8243; module_id=&#8221;icontitulo&#8221; _builder_version=&#8221;4.4.8&#8243;][et_pb_image src=&#8221;https:\/\/irriga.es\/wp-content\/uploads\/2020\/07\/icon-irriga.png&#8221; title_text=&#8221;icon-irriga&#8221; align_tablet=&#8221;left&#8221; align_phone=&#8221;left&#8221; align_last_edited=&#8221;off|desktop&#8221; _builder_version=&#8221;4.4.8&#8243; width=&#8221;75px&#8221; custom_margin=&#8221;-0.5px||||false|false&#8221;][\/et_pb_image][\/et_pb_column][et_pb_column type=&#8221;3_4&#8243; _builder_version=&#8221;4.4.8&#8243; custom_padding=&#8221;20px||||false|false&#8221; custom_padding_tablet=&#8221;&#8221; custom_padding_phone=&#8221;&#8221; custom_padding_last_edited=&#8221;on|desktop&#8221;][et_pb_text admin_label=&#8221;Texto&#8221; _builder_version=&#8221;4.4.8&#8243; custom_margin=&#8221;||||false|false&#8221; custom_padding=&#8221;||||false|false&#8221; custom_padding_last_edited=&#8221;off|desktop&#8221;]<\/p>\n<div class=\"et_pb_column et_pb_column_4_4 et_pb_column_0_tb_body  et_pb_css_mix_blend_mode_passthrough et-last-child\">\n<div class=\"et_pb_module et_pb_post_title et_pb_post_title_0_tb_body et_pb_bg_layout_dark  et_pb_text_align_left et_had_animation\">\n<div class=\"et_pb_title_container\">\n<h1 id=\"titulopaginaservicios\" class=\"entry-title\">EL CANAL D&#8217;AJUDA<\/h1>\n<\/div>\n<\/div>\n<\/div>\n<p>[\/et_pb_text][\/et_pb_column][\/et_pb_row][\/et_pb_section][et_pb_section fb_built=&#8221;1&#8243; _builder_version=&#8221;4.4.8&#8243; background_image=&#8221;https:\/\/irriga.es\/wp-content\/uploads\/2024\/06\/BANNEr-video-ajudes-scaled.jpg&#8221; custom_padding=&#8221;185px||0px|||&#8221;][et_pb_row column_structure=&#8221;3_5,2_5&#8243; _builder_version=&#8221;4.4.8&#8243; custom_padding=&#8221;||0px|||&#8221;][et_pb_column type=&#8221;3_5&#8243; _builder_version=&#8221;4.4.8&#8243;][et_pb_text _builder_version=&#8221;4.4.8&#8243; text_line_height=&#8221;2.5em&#8221; custom_margin=&#8221;128px||||false|false&#8221;]<\/p>\n<h1><span style=\"background-color: #ffffff; caret-color: #53c8e7;\"><span color=\"#53c8e7\" style=\"color: #53c8e7;\">VIDEO &#8211; AJUDES<\/span><\/span><\/h1>\n<h4><span style=\"background-color: #ffffff; font-weight: normal; font-size: medium;\"><span size=\"4\">manuals <\/span><span size=\"4\">i<\/span><span size=\"4\">\u00a0consells en format v\u00eddeo<\/span><\/span><\/h4>\n<p>[\/et_pb_text][\/et_pb_column][et_pb_column type=&#8221;2_5&#8243; _builder_version=&#8221;4.4.8&#8243;][\/et_pb_column][\/et_pb_row][\/et_pb_section][et_pb_section fb_built=&#8221;1&#8243; _builder_version=&#8221;4.4.8&#8243; custom_padding=&#8221;0px|||||&#8221;][et_pb_row _builder_version=&#8221;4.4.8&#8243; custom_padding=&#8221;||13px|||&#8221;][et_pb_column type=&#8221;4_4&#8243; _builder_version=&#8221;4.4.8&#8243;][et_pb_text _builder_version=&#8221;4.4.8&#8243; custom_margin=&#8221;-25px|||||&#8221; custom_padding=&#8221;0px|||||&#8221;]<\/p>\n<h1 style=\"text-align: center;\"><span style=\"font-size: medium; color: #93d400;\">FILTRA PER LA CATEGORIA<\/span><\/h1>\n<p>[\/et_pb_text][\/et_pb_column][\/et_pb_row][\/et_pb_section][et_pb_section fb_built=&#8221;1&#8243; _builder_version=&#8221;4.4.8&#8243; custom_margin=&#8221;-92px|||||&#8221; custom_padding=&#8221;0px||0px|||&#8221;][et_pb_row column_structure=&#8221;1_4,1_4,1_4,1_4&#8243; _builder_version=&#8221;4.4.8&#8243; custom_margin=&#8221;0px||0px||false|false&#8221; custom_padding=&#8221;1px||1px||false|false&#8221;][et_pb_column type=&#8221;1_4&#8243; _builder_version=&#8221;4.4.8&#8243;][et_pb_button button_text=&#8221;Totes&#8221; module_class=&#8221;df-button&#8221; _builder_version=&#8221;4.4.8&#8243; custom_button=&#8221;on&#8221; button_text_color=&#8221;#003d52&#8243; button_bg_color=&#8221;rgba(0,0,0,0)&#8221; button_border_color=&#8221;rgba(0,0,0,0)&#8221; button_font=&#8221;||on||||||&#8221; button_icon=&#8221;%%36%%&#8221; button_icon_color=&#8221;#003d52&#8243; button_icon_placement=&#8221;left&#8221; background_layout=&#8221;dark&#8221;][\/et_pb_button][\/et_pb_column][et_pb_column type=&#8221;1_4&#8243; _builder_version=&#8221;4.4.8&#8243;][et_pb_button button_text=&#8221;Goters&#8221; module_class=&#8221;df-button dfc-goters&#8221; _builder_version=&#8221;4.4.8&#8243; custom_button=&#8221;on&#8221; button_text_color=&#8221;#003d52&#8243; button_bg_color=&#8221;rgba(0,0,0,0)&#8221; button_border_color=&#8221;rgba(0,0,0,0)&#8221; button_font=&#8221;||on||||||&#8221; button_icon=&#8221;%%36%%&#8221; button_icon_color=&#8221;#003d52&#8243; button_icon_placement=&#8221;left&#8221; background_layout=&#8221;dark&#8221;][\/et_pb_button][\/et_pb_column][et_pb_column type=&#8221;1_4&#8243; _builder_version=&#8221;4.4.8&#8243;][et_pb_button button_text=&#8221;Programadors&#8221; module_class=&#8221;df-button dfc-programadors&#8221; _builder_version=&#8221;4.4.8&#8243; custom_button=&#8221;on&#8221; button_text_color=&#8221;#003d52&#8243; button_bg_color=&#8221;rgba(0,0,0,0)&#8221; button_border_color=&#8221;rgba(0,0,0,0)&#8221; button_font=&#8221;||on||||||&#8221; button_icon=&#8221;%%36%%&#8221; button_icon_color=&#8221;#003d52&#8243; button_icon_placement=&#8221;left&#8221; background_layout=&#8221;dark&#8221;][\/et_pb_button][\/et_pb_column][et_pb_column type=&#8221;1_4&#8243; _builder_version=&#8221;4.4.8&#8243;][\/et_pb_column][\/et_pb_row][\/et_pb_section][et_pb_section fb_built=&#8221;1&#8243; module_class=&#8221;df-area&#8221; _builder_version=&#8221;4.4.8&#8243; custom_padding=&#8221;67px|||||&#8221;][et_pb_row _builder_version=&#8221;4.4.8&#8243; custom_margin=&#8221;-70px|auto||auto||&#8221; custom_padding=&#8221;||1px||false|false&#8221;][et_pb_column type=&#8221;4_4&#8243; module_class=&#8221;dfc-programadors&#8221; _builder_version=&#8221;4.4.8&#8243;][et_pb_toggle title=&#8221;PROGRAMADOR ATLAS&#8221; open_toggle_text_color=&#8221;#53c8e7&#8243; _builder_version=&#8221;4.4.8&#8243; title_text_color=&#8221;#53c8e7&#8243;]<\/p>\n<p>Manuals d&#8217;instal.laci\u00f3 del programador Atlas de Spherag.<\/p>\n<p><a href=\"https:\/\/irriga.es\/index.php\/atlas-3\/\" target=\"_blank\" rel=\"noopener noreferrer\">m\u00e9s info<\/a><\/p>\n<p>[\/et_pb_toggle][\/et_pb_column][\/et_pb_row][et_pb_row _builder_version=&#8221;4.4.8&#8243; custom_padding=&#8221;10px||5px||false|false&#8221;][et_pb_column type=&#8221;4_4&#8243; module_class=&#8221;dfc-programadors&#8221; _builder_version=&#8221;4.4.8&#8243;][\/et_pb_column][\/et_pb_row][\/et_pb_section][et_pb_section fb_built=&#8221;1&#8243; _builder_version=&#8221;4.4.8&#8243; background_image=&#8221;https:\/\/irriga.es\/wp-content\/uploads\/2022\/05\/banner-2-scaled.jpg&#8221; parallax=&#8221;on&#8221; locked=&#8221;off&#8221;][et_pb_row _builder_version=&#8221;4.4.8&#8243;][et_pb_column type=&#8221;4_4&#8243; _builder_version=&#8221;4.4.8&#8243;][et_pb_text _builder_version=&#8221;4.4.8&#8243;]<\/p>\n<h1 style=\"text-align: center;\"><span>Subscriu-te al nostre newsletter<\/span><\/h1>\n<h4 style=\"text-align: center;\"><span style=\"color: #ffffff;\">Subscriu-te al nostre newsletter per ser el primer en rebre<\/span><br \/><span style=\"color: #ffffff;\">les \u00faltimes not\u00edcies i per accedir a promocions i descomptes exclusius!<\/span><\/h4>\n<p>[\/et_pb_text][et_pb_text _builder_version=&#8221;4.4.8&#8243;]<\/p>\n<table class=\"wp-list-table widefat fixed striped table-view-list forms\" style=\"float: left;\" width=\"1086\" height=\"5\">\n<tbody id=\"the-list\" data-wp-lists=\"list:form\">\n<tr>\n<td class=\"shortcode column-shortcode\" data-colname=\"Shortcode\" style=\"width: 1085.992676px;\"><div class=\"wpforms-container wpforms-container-full\" id=\"wpforms-3271\"><form id=\"wpforms-form-3271\" class=\"wpforms-validate wpforms-form wpforms-ajax-form\" data-formid=\"3271\" method=\"post\" enctype=\"multipart\/form-data\" action=\"\/index.php\/wp-json\/wp\/v2\/pages\/5676\" data-token=\"d684ec15c5ac2516f151618c6e18df97\" data-token-time=\"1775593695\"><noscript class=\"wpforms-error-noscript\">Activeu el JavaScript al navegador per a poder completar el formulari.<\/noscript><div class=\"wpforms-field-container\"><div id=\"wpforms-3271-field_1-container\" class=\"wpforms-field wpforms-field-name\" data-field-id=\"1\"><label class=\"wpforms-field-label\" for=\"wpforms-3271-field_1\">Nom <span class=\"wpforms-required-label\">*<\/span><\/label><input type=\"text\" id=\"wpforms-3271-field_1\" class=\"wpforms-field-medium wpforms-field-required\" name=\"wpforms[fields][1]\" required><\/div><div id=\"wpforms-3271-field_3-container\" class=\"wpforms-field wpforms-field-name\" data-field-id=\"3\"><label class=\"wpforms-field-label\" for=\"wpforms-3271-field_3\">Empresa<\/label><input type=\"text\" id=\"wpforms-3271-field_3\" class=\"wpforms-field-medium\" name=\"wpforms[fields][3]\" ><\/div><div id=\"wpforms-3271-field_2-container\" class=\"wpforms-field wpforms-field-email\" data-field-id=\"2\"><label class=\"wpforms-field-label\" for=\"wpforms-3271-field_2\">Email <span class=\"wpforms-required-label\">*<\/span><\/label><input type=\"email\" id=\"wpforms-3271-field_2\" class=\"wpforms-field-medium wpforms-field-required\" name=\"wpforms[fields][2]\" spellcheck=\"false\" required><\/div><\/div><!-- .wpforms-field-container --><div class=\"wpforms-submit-container\" ><input type=\"hidden\" name=\"wpforms[id]\" value=\"3271\"><input type=\"hidden\" name=\"page_title\" value=\"\"><input type=\"hidden\" name=\"page_url\" value=\"https:\/\/irriga.es\/index.php\/wp-json\/wp\/v2\/pages\/5676\"><input type=\"hidden\" name=\"url_referer\" value=\"\"><button type=\"submit\" name=\"wpforms[submit]\" id=\"wpforms-submit-3271\" class=\"wpforms-submit\" data-alt-text=\"Sending...\" data-submit-text=\"Enviar\" aria-live=\"assertive\" value=\"wpforms-submit\">Enviar<\/button><img loading=\"lazy\" decoding=\"async\" src=\"https:\/\/irriga.es\/wp-content\/plugins\/wpforms-lite\/assets\/images\/submit-spin.svg\" class=\"wpforms-submit-spinner\" style=\"display: none;\" width=\"26\" height=\"26\" alt=\"S&#039;est\u00e0 carregant\"><\/div><\/form><\/div>  <!-- .wpforms-container --><\/td>\n<\/tr>\n<\/tbody>\n<\/table>\n<p>[\/et_pb_text][\/et_pb_column][\/et_pb_row][\/et_pb_section]<\/p>\n","protected":false},"excerpt":{"rendered":"<p>EL CANAL D&#8217;AJUDA VIDEO &#8211; AJUDES manuals i\u00a0consells en format v\u00eddeoFILTRA PER LA CATEGORIA Manuals d&#8217;instal.laci\u00f3 del programador Atlas de Spherag. m\u00e9s infoSubscriu-te al nostre newsletter Subscriu-te al nostre newsletter per ser el primer en rebreles \u00faltimes not\u00edcies i per accedir a promocions i descomptes exclusius! <div class=\"wpforms-container wpforms-container-full\" id=\"wpforms-3271\"><form id=\"wpforms-form-3271\" class=\"wpforms-validate wpforms-form wpforms-ajax-form\" data-formid=\"3271\" method=\"post\" enctype=\"multipart\/form-data\" action=\"\/index.php\/wp-json\/wp\/v2\/pages\/5676\" data-token=\"d684ec15c5ac2516f151618c6e18df97\" data-token-time=\"1775593695\"><noscript class=\"wpforms-error-noscript\">Activeu el JavaScript al navegador per a poder completar el formulari.<\/noscript><div class=\"wpforms-field-container\"><div id=\"wpforms-3271-field_1-container\" class=\"wpforms-field wpforms-field-name\" data-field-id=\"1\"><label class=\"wpforms-field-label\" for=\"wpforms-3271-field_1\">Nom <span class=\"wpforms-required-label\">*<\/span><\/label><input type=\"text\" id=\"wpforms-3271-field_1\" class=\"wpforms-field-medium wpforms-field-required\" name=\"wpforms[fields][1]\" required><\/div><div id=\"wpforms-3271-field_3-container\" class=\"wpforms-field wpforms-field-name\" data-field-id=\"3\"><label class=\"wpforms-field-label\" for=\"wpforms-3271-field_3\">Empresa<\/label><input type=\"text\" id=\"wpforms-3271-field_3\" class=\"wpforms-field-medium\" name=\"wpforms[fields][3]\" ><\/div><div id=\"wpforms-3271-field_2-container\" class=\"wpforms-field wpforms-field-email\" data-field-id=\"2\"><label class=\"wpforms-field-label\" for=\"wpforms-3271-field_2\">Email <span class=\"wpforms-required-label\">*<\/span><\/label><input type=\"email\" id=\"wpforms-3271-field_2\" class=\"wpforms-field-medium wpforms-field-required\" name=\"wpforms[fields][2]\" spellcheck=\"false\" required><\/div><\/div><!-- .wpforms-field-container --><div class=\"wpforms-submit-container\" ><input type=\"hidden\" name=\"wpforms[id]\" value=\"3271\"><input type=\"hidden\" name=\"page_title\" value=\"\"><input type=\"hidden\" name=\"page_url\" value=\"https:\/\/irriga.es\/index.php\/wp-json\/wp\/v2\/pages\/5676\"><input type=\"hidden\" name=\"url_referer\" value=\"\"><button type=\"submit\" name=\"wpforms[submit]\" id=\"wpforms-submit-3271\" class=\"wpforms-submit\" data-alt-text=\"Sending...\" data-submit-text=\"Enviar\" aria-live=\"assertive\" value=\"wpforms-submit\">Enviar<\/button><img loading=\"lazy\" decoding=\"async\" src=\"https:\/\/irriga.es\/wp-content\/plugins\/wpforms-lite\/assets\/images\/submit-spin.svg\" class=\"wpforms-submit-spinner\" style=\"display: none;\" width=\"26\" height=\"26\" alt=\"S&#039;est\u00e0 carregant\"><\/div><\/form><\/div>  <!-- .wpforms-container --><\/p>\n","protected":false},"author":1,"featured_media":5684,"parent":0,"menu_order":0,"comment_status":"closed","ping_status":"closed","template":"","meta":{"_et_pb_use_builder":"on","_et_pb_old_content":"","_et_gb_content_width":"","_monsterinsights_skip_tracking":false,"_monsterinsights_sitenote_active":false,"_monsterinsights_sitenote_note":"","_monsterinsights_sitenote_category":0,"footnotes":""},"class_list":["post-5676","page","type-page","status-publish","has-post-thumbnail","hentry"],"yoast_head":"<!-- This site is optimized with the Yoast SEO plugin v26.6 - https:\/\/yoast.com\/wordpress\/plugins\/seo\/ -->\n<title>V\u00cdDEO - AJUDES - Irriga Water Solutions<\/title>\n<meta name=\"robots\" content=\"index, follow, max-snippet:-1, max-image-preview:large, max-video-preview:-1\" \/>\n<link rel=\"canonical\" href=\"https:\/\/irriga.es\/index.php\/video-ajudes-2\/\" \/>\n<meta property=\"og:locale\" content=\"ca_ES\" \/>\n<meta property=\"og:type\" content=\"article\" \/>\n<meta property=\"og:title\" content=\"V\u00cdDEO - AJUDES - Irriga Water Solutions\" \/>\n<meta property=\"og:description\" content=\"EL CANAL D&#039;AJUDA VIDEO - AJUDES manuals i\u00a0consells en format v\u00eddeoFILTRA PER LA CATEGORIA Manuals d&#039;instal.laci\u00f3 del programador Atlas de Spherag. m\u00e9s infoSubscriu-te al nostre newsletter Subscriu-te al nostre newsletter per ser el primer en rebreles \u00faltimes not\u00edcies i per accedir a promocions i descomptes exclusius!\" \/>\n<meta property=\"og:url\" content=\"https:\/\/irriga.es\/index.php\/video-ajudes-2\/\" \/>\n<meta property=\"og:site_name\" content=\"Irriga Water Solutions\" \/>\n<meta property=\"article:modified_time\" content=\"2024-06-10T11:35:40+00:00\" \/>\n<meta property=\"og:image\" content=\"https:\/\/irriga.es\/wp-content\/uploads\/2024\/06\/video-ajudes-1.jpg\" \/>\n\t<meta property=\"og:image:width\" content=\"1000\" \/>\n\t<meta property=\"og:image:height\" content=\"1000\" \/>\n\t<meta property=\"og:image:type\" content=\"image\/jpeg\" \/>\n<meta name=\"twitter:card\" content=\"summary_large_image\" \/>\n<meta name=\"twitter:label1\" content=\"Temps estimat de lectura\" \/>\n\t<meta name=\"twitter:data1\" content=\"1 minut\" \/>\n<script type=\"application\/ld+json\" class=\"yoast-schema-graph\">{\"@context\":\"https:\/\/schema.org\",\"@graph\":[{\"@type\":\"WebPage\",\"@id\":\"https:\/\/irriga.es\/index.php\/video-ajudes-2\/\",\"url\":\"https:\/\/irriga.es\/index.php\/video-ajudes-2\/\",\"name\":\"V\u00cdDEO - AJUDES - Irriga Water Solutions\",\"isPartOf\":{\"@id\":\"https:\/\/irriga.es\/#website\"},\"primaryImageOfPage\":{\"@id\":\"https:\/\/irriga.es\/index.php\/video-ajudes-2\/#primaryimage\"},\"image\":{\"@id\":\"https:\/\/irriga.es\/index.php\/video-ajudes-2\/#primaryimage\"},\"thumbnailUrl\":\"https:\/\/irriga.es\/wp-content\/uploads\/2024\/06\/video-ajudes-1.jpg\",\"datePublished\":\"2024-06-10T09:38:07+00:00\",\"dateModified\":\"2024-06-10T11:35:40+00:00\",\"breadcrumb\":{\"@id\":\"https:\/\/irriga.es\/index.php\/video-ajudes-2\/#breadcrumb\"},\"inLanguage\":\"ca\",\"potentialAction\":[{\"@type\":\"ReadAction\",\"target\":[\"https:\/\/irriga.es\/index.php\/video-ajudes-2\/\"]}]},{\"@type\":\"ImageObject\",\"inLanguage\":\"ca\",\"@id\":\"https:\/\/irriga.es\/index.php\/video-ajudes-2\/#primaryimage\",\"url\":\"https:\/\/irriga.es\/wp-content\/uploads\/2024\/06\/video-ajudes-1.jpg\",\"contentUrl\":\"https:\/\/irriga.es\/wp-content\/uploads\/2024\/06\/video-ajudes-1.jpg\",\"width\":1000,\"height\":1000,\"caption\":\"video-ajudes\"},{\"@type\":\"BreadcrumbList\",\"@id\":\"https:\/\/irriga.es\/index.php\/video-ajudes-2\/#breadcrumb\",\"itemListElement\":[{\"@type\":\"ListItem\",\"position\":1,\"name\":\"Portada\",\"item\":\"https:\/\/irriga.es\/\"},{\"@type\":\"ListItem\",\"position\":2,\"name\":\"V\u00cdDEO &#8211; AJUDES\"}]},{\"@type\":\"WebSite\",\"@id\":\"https:\/\/irriga.es\/#website\",\"url\":\"https:\/\/irriga.es\/\",\"name\":\"Irriga Water Solutions\",\"description\":\"Sistemes de reg a mida \/\/ Obra hidr\u00e0ulica\",\"potentialAction\":[{\"@type\":\"SearchAction\",\"target\":{\"@type\":\"EntryPoint\",\"urlTemplate\":\"https:\/\/irriga.es\/?s={search_term_string}\"},\"query-input\":{\"@type\":\"PropertyValueSpecification\",\"valueRequired\":true,\"valueName\":\"search_term_string\"}}],\"inLanguage\":\"ca\"}]}<\/script>\n<!-- \/ Yoast SEO plugin. -->","yoast_head_json":{"title":"V\u00cdDEO - AJUDES - Irriga Water Solutions","robots":{"index":"index","follow":"follow","max-snippet":"max-snippet:-1","max-image-preview":"max-image-preview:large","max-video-preview":"max-video-preview:-1"},"canonical":"https:\/\/irriga.es\/index.php\/video-ajudes-2\/","og_locale":"ca_ES","og_type":"article","og_title":"V\u00cdDEO - AJUDES - Irriga Water Solutions","og_description":"EL CANAL D'AJUDA VIDEO - AJUDES manuals i\u00a0consells en format v\u00eddeoFILTRA PER LA CATEGORIA Manuals d'instal.laci\u00f3 del programador Atlas de Spherag. m\u00e9s infoSubscriu-te al nostre newsletter Subscriu-te al nostre newsletter per ser el primer en rebreles \u00faltimes not\u00edcies i per accedir a promocions i descomptes exclusius!","og_url":"https:\/\/irriga.es\/index.php\/video-ajudes-2\/","og_site_name":"Irriga Water Solutions","article_modified_time":"2024-06-10T11:35:40+00:00","og_image":[{"width":1000,"height":1000,"url":"https:\/\/irriga.es\/wp-content\/uploads\/2024\/06\/video-ajudes-1.jpg","type":"image\/jpeg"}],"twitter_card":"summary_large_image","twitter_misc":{"Temps estimat de lectura":"1 minut"},"schema":{"@context":"https:\/\/schema.org","@graph":[{"@type":"WebPage","@id":"https:\/\/irriga.es\/index.php\/video-ajudes-2\/","url":"https:\/\/irriga.es\/index.php\/video-ajudes-2\/","name":"V\u00cdDEO - AJUDES - Irriga Water Solutions","isPartOf":{"@id":"https:\/\/irriga.es\/#website"},"primaryImageOfPage":{"@id":"https:\/\/irriga.es\/index.php\/video-ajudes-2\/#primaryimage"},"image":{"@id":"https:\/\/irriga.es\/index.php\/video-ajudes-2\/#primaryimage"},"thumbnailUrl":"https:\/\/irriga.es\/wp-content\/uploads\/2024\/06\/video-ajudes-1.jpg","datePublished":"2024-06-10T09:38:07+00:00","dateModified":"2024-06-10T11:35:40+00:00","breadcrumb":{"@id":"https:\/\/irriga.es\/index.php\/video-ajudes-2\/#breadcrumb"},"inLanguage":"ca","potentialAction":[{"@type":"ReadAction","target":["https:\/\/irriga.es\/index.php\/video-ajudes-2\/"]}]},{"@type":"ImageObject","inLanguage":"ca","@id":"https:\/\/irriga.es\/index.php\/video-ajudes-2\/#primaryimage","url":"https:\/\/irriga.es\/wp-content\/uploads\/2024\/06\/video-ajudes-1.jpg","contentUrl":"https:\/\/irriga.es\/wp-content\/uploads\/2024\/06\/video-ajudes-1.jpg","width":1000,"height":1000,"caption":"video-ajudes"},{"@type":"BreadcrumbList","@id":"https:\/\/irriga.es\/index.php\/video-ajudes-2\/#breadcrumb","itemListElement":[{"@type":"ListItem","position":1,"name":"Portada","item":"https:\/\/irriga.es\/"},{"@type":"ListItem","position":2,"name":"V\u00cdDEO &#8211; AJUDES"}]},{"@type":"WebSite","@id":"https:\/\/irriga.es\/#website","url":"https:\/\/irriga.es\/","name":"Irriga Water Solutions","description":"Sistemes de reg a mida \/\/ Obra hidr\u00e0ulica","potentialAction":[{"@type":"SearchAction","target":{"@type":"EntryPoint","urlTemplate":"https:\/\/irriga.es\/?s={search_term_string}"},"query-input":{"@type":"PropertyValueSpecification","valueRequired":true,"valueName":"search_term_string"}}],"inLanguage":"ca"}]}},"_links":{"self":[{"href":"https:\/\/irriga.es\/index.php\/wp-json\/wp\/v2\/pages\/5676","targetHints":{"allow":["GET"]}}],"collection":[{"href":"https:\/\/irriga.es\/index.php\/wp-json\/wp\/v2\/pages"}],"about":[{"href":"https:\/\/irriga.es\/index.php\/wp-json\/wp\/v2\/types\/page"}],"author":[{"embeddable":true,"href":"https:\/\/irriga.es\/index.php\/wp-json\/wp\/v2\/users\/1"}],"replies":[{"embeddable":true,"href":"https:\/\/irriga.es\/index.php\/wp-json\/wp\/v2\/comments?post=5676"}],"version-history":[{"count":5,"href":"https:\/\/irriga.es\/index.php\/wp-json\/wp\/v2\/pages\/5676\/revisions"}],"predecessor-version":[{"id":5700,"href":"https:\/\/irriga.es\/index.php\/wp-json\/wp\/v2\/pages\/5676\/revisions\/5700"}],"wp:featuredmedia":[{"embeddable":true,"href":"https:\/\/irriga.es\/index.php\/wp-json\/wp\/v2\/media\/5684"}],"wp:attachment":[{"href":"https:\/\/irriga.es\/index.php\/wp-json\/wp\/v2\/media?parent=5676"}],"curies":[{"name":"wp","href":"https:\/\/api.w.org\/{rel}","templated":true}]}}