{"id":7237,"date":"2025-06-17T09:25:37","date_gmt":"2025-06-17T08:25:37","guid":{"rendered":"https:\/\/www.irriga.es\/?page_id=7237"},"modified":"2025-06-17T12:08:17","modified_gmt":"2025-06-17T11:08:17","slug":"el-canal-de-ayuda","status":"publish","type":"page","link":"https:\/\/irriga.es\/index.php\/es\/el-canal-de-ayuda\/","title":{"rendered":"EL CANAL DE AYUDA"},"content":{"rendered":"<p>[et_pb_section fb_built=&#8221;1&#8243; _builder_version=&#8221;4.16&#8243; background_color=&#8221;#003d52&#8243; custom_padding=&#8221;0px||0px||false|false&#8221; locked=&#8221;off&#8221; global_colors_info=&#8221;{}&#8221;][et_pb_row column_structure=&#8221;1_4,3_4&#8243; make_equal=&#8221;on&#8221; _builder_version=&#8221;4.16&#8243; global_colors_info=&#8221;{}&#8221;][et_pb_column type=&#8221;1_4&#8243; module_id=&#8221;icontitulo&#8221; _builder_version=&#8221;4.16&#8243; global_colors_info=&#8221;{}&#8221;][et_pb_image src=&#8221;https:\/\/irriga.es\/wp-content\/uploads\/2020\/07\/icon-irriga.png&#8221; title_text=&#8221;icon-irriga&#8221; align_tablet=&#8221;left&#8221; align_phone=&#8221;left&#8221; align_last_edited=&#8221;off|desktop&#8221; _builder_version=&#8221;4.16&#8243; width=&#8221;75px&#8221; custom_margin=&#8221;-0.5px||||false|false&#8221; global_colors_info=&#8221;{}&#8221;][\/et_pb_image][\/et_pb_column][et_pb_column type=&#8221;3_4&#8243; _builder_version=&#8221;4.16&#8243; custom_padding=&#8221;20px||||false|false&#8221; custom_padding_tablet=&#8221;&#8221; custom_padding_phone=&#8221;&#8221; custom_padding_last_edited=&#8221;on|desktop&#8221; global_colors_info=&#8221;{}&#8221;][et_pb_text admin_label=&#8221;Texto&#8221; _builder_version=&#8221;4.27.4&#8243; custom_margin=&#8221;||||false|false&#8221; custom_padding=&#8221;||||false|false&#8221; custom_padding_last_edited=&#8221;off|desktop&#8221; global_colors_info=&#8221;{}&#8221;]<\/p>\n<div class=\"et_pb_column et_pb_column_4_4 et_pb_column_0_tb_body  et_pb_css_mix_blend_mode_passthrough et-last-child\">\n<div class=\"et_pb_module et_pb_post_title et_pb_post_title_0_tb_body et_pb_bg_layout_dark  et_pb_text_align_left et_had_animation\">\n<div class=\"et_pb_title_container\">\n<h1 id=\"titulopaginaservicios\" class=\"entry-title\">EL CANAL DE AYUDA<\/h1>\n<\/div>\n<\/div>\n<\/div>\n<p>[\/et_pb_text][\/et_pb_column][\/et_pb_row][\/et_pb_section][et_pb_section fb_built=&#8221;1&#8243; admin_label=&#8221;Header&#8221; _builder_version=&#8221;4.16&#8243; background_enable_color=&#8221;off&#8221; background_color_gradient_direction=&#8221;90deg&#8221; background_image=&#8221;https:\/\/irriga.es\/wp-content\/uploads\/2024\/06\/AJUDA5-scaled.jpg&#8221; custom_margin=&#8221;-9px|||||&#8221; custom_padding=&#8221;14vw||0vw||false|false&#8221; global_colors_info=&#8221;{}&#8221;][\/et_pb_section][et_pb_section fb_built=&#8221;1&#8243; admin_label=&#8221;Services&#8221; _builder_version=&#8221;4.16&#8243; custom_padding=&#8221;0px|||||&#8221; global_colors_info=&#8221;{}&#8221;][et_pb_row _builder_version=&#8221;4.16&#8243; global_colors_info=&#8221;{}&#8221;][et_pb_column type=&#8221;4_4&#8243; _builder_version=&#8221;4.16&#8243; global_colors_info=&#8221;{}&#8221;][et_pb_text admin_label=&#8221;Text&#8221; _builder_version=&#8221;4.27.4&#8243; header_2_font=&#8221;Poppins|600|||||||&#8221; header_2_text_color=&#8221;#000763&#8243; header_2_font_size=&#8221;52px&#8221; header_2_line_height=&#8221;1.3em&#8221; text_orientation=&#8221;center&#8221; max_width=&#8221;900px&#8221; module_alignment=&#8221;center&#8221; custom_margin=&#8221;||10px||false|false&#8221; header_2_font_size_tablet=&#8221;32px&#8221; header_2_font_size_phone=&#8221;20px&#8221; header_2_font_size_last_edited=&#8221;on|tablet&#8221; header_2_line_height_tablet=&#8221;1.4em&#8221; header_2_line_height_phone=&#8221;1.6em&#8221; header_2_line_height_last_edited=&#8221;on|tablet&#8221; global_colors_info=&#8221;{}&#8221;]<\/p>\n<h3><span style=\"color: #003d52;\"><em>\u00bfComo te podemos ayudar?<\/em><\/span><\/h3>\n<p>[\/et_pb_text][\/et_pb_column][\/et_pb_row][et_pb_row column_structure=&#8221;1_3,1_3,1_3&#8243; make_equal=&#8221;on&#8221; _builder_version=&#8221;4.16&#8243; global_colors_info=&#8221;{}&#8221;][et_pb_column type=&#8221;1_3&#8243; _builder_version=&#8221;4.16&#8243; overflow-x=&#8221;visible&#8221; overflow-y=&#8221;visible&#8221; custom_padding=&#8221;30px|30px|30px|30px|true|true&#8221; border_radii=&#8221;off|200px|200px||&#8221; border_width_all=&#8221;4px&#8221; border_color_all=&#8221;#93d400&#8243; global_colors_info=&#8221;{}&#8221;][et_pb_image src=&#8221;https:\/\/irriga.es\/wp-content\/uploads\/2024\/06\/inc1-scaled.jpg&#8221; title_text=&#8221;inc1&#8243; url=&#8221;https:\/\/irriga.es\/index.php\/centre-dincidencies\/&#8221; _builder_version=&#8221;4.16&#8243; transform_translate=&#8221;20px|-20px&#8221; transform_translate_linked=&#8221;off&#8221; width=&#8221;62%&#8221; module_alignment=&#8221;center&#8221; custom_margin=&#8221;-30px|-30px||-30px|false|true&#8221; mix_blend_mode=&#8221;difference&#8221; border_radii=&#8221;off|200px|200px||&#8221; global_colors_info=&#8221;{}&#8221;][\/et_pb_image][et_pb_text _builder_version=&#8221;4.27.4&#8243; header_font=&#8221;||||||||&#8221; header_3_font=&#8221;Poppins|600|||||||&#8221; header_3_text_color=&#8221;#000763&#8243; header_3_font_size=&#8221;20px&#8221; header_3_line_height=&#8221;1.5em&#8221; custom_margin=&#8221;30px||0px||false|false&#8221; header_3_font_size_tablet=&#8221;18px&#8221; header_3_font_size_phone=&#8221;16px&#8221; header_3_font_size_last_edited=&#8221;on|tablet&#8221; header_3_line_height_tablet=&#8221;1.7em&#8221; header_3_line_height_phone=&#8221;1.8em&#8221; header_3_line_height_last_edited=&#8221;on|phone&#8221; global_colors_info=&#8221;{}&#8221;]<\/p>\n<h3><span style=\"color: #003d52;\">EL CANAL DE INCIDENCIAS<\/span><\/h3>\n<p>[\/et_pb_text][et_pb_text _builder_version=&#8221;4.16&#8243; text_font=&#8221;Poppins||||||||&#8221; text_text_color=&#8221;#4F5168&#8243; text_line_height=&#8221;1.8em&#8221; text_font_size_tablet=&#8221;15px&#8221; text_font_size_phone=&#8221;14px&#8221; text_font_size_last_edited=&#8221;on|phone&#8221; header_font_size_tablet=&#8221;55px&#8221; header_font_size_last_edited=&#8221;off|desktop&#8221; global_colors_info=&#8221;{}&#8221;]<\/p>\n<p style=\"text-align: justify;\">\u00bfTienes problemas con tu sistema de riego?<br \/>Consulta las incidencias que han experimentado algunos de nuestros clientes y las soluciones que les proporcionamos.<\/p>\n<p>[\/et_pb_text][et_pb_button button_url=&#8221;https:\/\/irriga.es\/index.php\/centre-dincidencies\/&#8221; button_text=&#8221;EL CANAL DE INCIDENCIAS&#8221; _builder_version=&#8221;4.27.4&#8243; custom_button=&#8221;on&#8221; button_text_size=&#8221;10px&#8221; button_text_color=&#8221;#93d400&#8243; button_bg_color=&#8221;rgba(0,0,0,0)&#8221; background_layout=&#8221;dark&#8221; global_colors_info=&#8221;{}&#8221;][\/et_pb_button][\/et_pb_column][et_pb_column type=&#8221;1_3&#8243; _builder_version=&#8221;4.16&#8243; overflow-x=&#8221;visible&#8221; overflow-y=&#8221;visible&#8221; custom_padding=&#8221;30px|30px|30px|30px|true|true&#8221; border_radii=&#8221;off|200px|200px||&#8221; border_width_all=&#8221;4px&#8221; border_color_all=&#8221;#93d400&#8243; global_colors_info=&#8221;{}&#8221;][et_pb_image src=&#8221;https:\/\/irriga.es\/wp-content\/uploads\/2024\/06\/DESCARGUES-scaled.jpg&#8221; title_text=&#8221;DESCARGUES&#8221; _builder_version=&#8221;4.16&#8243; transform_translate=&#8221;20px|-20px&#8221; transform_translate_linked=&#8221;off&#8221; width=&#8221;62%&#8221; module_alignment=&#8221;center&#8221; custom_margin=&#8221;-30px|-30px||-30px|false|true&#8221; mix_blend_mode=&#8221;difference&#8221; border_radii=&#8221;off|200px|200px||&#8221; global_colors_info=&#8221;{}&#8221;][\/et_pb_image][et_pb_text _builder_version=&#8221;4.16&#8243; header_font=&#8221;||||||||&#8221; header_3_font=&#8221;Poppins|600|||||||&#8221; header_3_text_color=&#8221;#000763&#8243; header_3_font_size=&#8221;20px&#8221; header_3_line_height=&#8221;1.5em&#8221; custom_margin=&#8221;30px||0px||false|false&#8221; header_3_font_size_tablet=&#8221;18px&#8221; header_3_font_size_phone=&#8221;16px&#8221; header_3_font_size_last_edited=&#8221;on|tablet&#8221; header_3_line_height_tablet=&#8221;1.7em&#8221; header_3_line_height_phone=&#8221;1.8em&#8221; header_3_line_height_last_edited=&#8221;on|phone&#8221; global_colors_info=&#8221;{}&#8221;]<\/p>\n<h3><span style=\"color: #003d52;\">EL CENTRO DE DESCARGAS<\/span><\/h3>\n<p>[\/et_pb_text][et_pb_text _builder_version=&#8221;4.16&#8243; text_font=&#8221;Poppins||||||||&#8221; text_text_color=&#8221;#4F5168&#8243; text_line_height=&#8221;1.8em&#8221; custom_margin=&#8221;||20px||false|false&#8221; text_font_size_tablet=&#8221;15px&#8221; text_font_size_phone=&#8221;14px&#8221; text_font_size_last_edited=&#8221;on|phone&#8221; header_font_size_tablet=&#8221;55px&#8221; header_font_size_last_edited=&#8221;off|desktop&#8221; global_colors_info=&#8221;{}&#8221;]<\/p>\n<p>El \u00e1rea donde podr\u00e1s encontrar toda la informaci\u00f3n pr\u00e1ctica, con manuales y archivos t\u00e9cnicos.<\/p>\n<p>[\/et_pb_text][et_pb_button button_url=&#8221;https:\/\/irriga.es\/index.php\/el-centre-de-descarregues\/&#8221; button_text=&#8221;EL CENTRO DE DESCARGAS&#8221; _builder_version=&#8221;4.27.4&#8243; custom_button=&#8221;on&#8221; button_text_size=&#8221;10px&#8221; button_text_color=&#8221;#93d400&#8243; button_bg_color=&#8221;rgba(0,0,0,0)&#8221; background_layout=&#8221;dark&#8221; global_colors_info=&#8221;{}&#8221;][\/et_pb_button][\/et_pb_column][et_pb_column type=&#8221;1_3&#8243; _builder_version=&#8221;4.16&#8243; overflow-x=&#8221;visible&#8221; overflow-y=&#8221;visible&#8221; custom_padding=&#8221;30px|30px|30px|30px|true|true&#8221; border_radii=&#8221;off|200px|200px||&#8221; border_width_all=&#8221;4px&#8221; border_color_all=&#8221;#93d400&#8243; global_colors_info=&#8221;{}&#8221;][et_pb_image src=&#8221;https:\/\/irriga.es\/wp-content\/uploads\/2024\/06\/video-ajudes.jpg&#8221; title_text=&#8221;video-ajudes&#8221; url=&#8221;https:\/\/irriga.es\/index.php\/video-ajudes-2\/&#8221; _builder_version=&#8221;4.16&#8243; transform_translate=&#8221;20px|-20px&#8221; transform_translate_linked=&#8221;off&#8221; width=&#8221;62%&#8221; module_alignment=&#8221;center&#8221; custom_margin=&#8221;-30px|-30px||-30px|false|true&#8221; mix_blend_mode=&#8221;difference&#8221; border_radii=&#8221;off|200px|200px||&#8221; global_colors_info=&#8221;{}&#8221;][\/et_pb_image][et_pb_text _builder_version=&#8221;4.27.4&#8243; header_font=&#8221;||||||||&#8221; header_3_font=&#8221;Poppins|600|||||||&#8221; header_3_text_color=&#8221;#000763&#8243; header_3_font_size=&#8221;20px&#8221; header_3_line_height=&#8221;1.5em&#8221; custom_margin=&#8221;30px||0px||false|false&#8221; header_3_font_size_tablet=&#8221;18px&#8221; header_3_font_size_phone=&#8221;16px&#8221; header_3_font_size_last_edited=&#8221;on|tablet&#8221; header_3_line_height_tablet=&#8221;1.7em&#8221; header_3_line_height_phone=&#8221;1.8em&#8221; header_3_line_height_last_edited=&#8221;on|phone&#8221; global_colors_info=&#8221;{}&#8221;]<\/p>\n<h3><span style=\"color: #003d52;\">V\u00cdDEO-AYUDAS<\/span><\/h3>\n<p>[\/et_pb_text][et_pb_text _builder_version=&#8221;4.27.4&#8243; text_font=&#8221;Poppins||||||||&#8221; text_text_color=&#8221;#4F5168&#8243; text_line_height=&#8221;1.8em&#8221; custom_margin=&#8221;||20px||false|false&#8221; text_font_size_tablet=&#8221;15px&#8221; text_font_size_phone=&#8221;14px&#8221; text_font_size_last_edited=&#8221;on|phone&#8221; header_font_size_tablet=&#8221;55px&#8221; header_font_size_last_edited=&#8221;off|desktop&#8221; global_colors_info=&#8221;{}&#8221;]<\/p>\n<p>El espacio con v\u00eddeo-manuales y consejos.<\/p>\n<p>[\/et_pb_text][et_pb_button button_url=&#8221;https:\/\/irriga.es\/index.php\/video-ajudes-2\/&#8221; button_text=&#8221;V\u00cdDEO-AYUDAS&#8221; _builder_version=&#8221;4.27.4&#8243; custom_button=&#8221;on&#8221; button_text_size=&#8221;10px&#8221; button_text_color=&#8221;#93d400&#8243; button_bg_color=&#8221;rgba(0,0,0,0)&#8221; background_layout=&#8221;dark&#8221; global_colors_info=&#8221;{}&#8221;][\/et_pb_button][\/et_pb_column][\/et_pb_row][\/et_pb_section]<\/p>\n","protected":false},"excerpt":{"rendered":"<p>EL CANAL DE AYUDA \u00bfComo te podemos ayudar?EL CANAL DE INCIDENCIAS\u00bfTienes problemas con tu sistema de riego?Consulta las incidencias que han experimentado algunos de nuestros clientes y las soluciones que les proporcionamos.EL CENTRO DE DESCARGASEl \u00e1rea donde podr\u00e1s encontrar toda la informaci\u00f3n pr\u00e1ctica, con manuales y archivos t\u00e9cnicos.V\u00cdDEO-AYUDASEl espacio con v\u00eddeo-manuales y consejos.<\/p>\n","protected":false},"author":1,"featured_media":5612,"parent":0,"menu_order":0,"comment_status":"closed","ping_status":"closed","template":"","meta":{"_et_pb_use_builder":"on","_et_pb_old_content":"","_et_gb_content_width":"","_monsterinsights_skip_tracking":false,"_monsterinsights_sitenote_active":false,"_monsterinsights_sitenote_note":"","_monsterinsights_sitenote_category":0,"footnotes":""},"class_list":["post-7237","page","type-page","status-publish","has-post-thumbnail","hentry"],"yoast_head":"<!-- This site is optimized with the Yoast SEO plugin v26.6 - https:\/\/yoast.com\/wordpress\/plugins\/seo\/ -->\n<title>EL CANAL DE AYUDA - Irriga Water Solutions<\/title>\n<meta name=\"description\" content=\"EL CENTRE DAJUDA\" \/>\n<meta name=\"robots\" content=\"index, follow, max-snippet:-1, max-image-preview:large, max-video-preview:-1\" \/>\n<link rel=\"canonical\" href=\"https:\/\/irriga.es\/index.php\/es\/el-canal-de-ayuda\/\" \/>\n<meta property=\"og:locale\" content=\"ca_ES\" \/>\n<meta property=\"og:type\" content=\"article\" \/>\n<meta property=\"og:title\" content=\"EL CANAL DE AYUDA - Irriga Water Solutions\" \/>\n<meta property=\"og:description\" content=\"EL CENTRE DAJUDA\" \/>\n<meta property=\"og:url\" content=\"https:\/\/irriga.es\/index.php\/es\/el-canal-de-ayuda\/\" \/>\n<meta property=\"og:site_name\" content=\"Irriga Water Solutions\" \/>\n<meta property=\"article:modified_time\" content=\"2025-06-17T11:08:17+00:00\" \/>\n<meta property=\"og:image\" content=\"https:\/\/irriga.es\/wp-content\/uploads\/2024\/06\/AJUDA2.jpg\" \/>\n\t<meta property=\"og:image:width\" content=\"305\" \/>\n\t<meta property=\"og:image:height\" content=\"281\" \/>\n\t<meta property=\"og:image:type\" content=\"image\/jpeg\" \/>\n<meta name=\"twitter:card\" content=\"summary_large_image\" \/>\n<meta name=\"twitter:label1\" content=\"Temps estimat de lectura\" \/>\n\t<meta name=\"twitter:data1\" content=\"2 minuts\" \/>\n<script type=\"application\/ld+json\" class=\"yoast-schema-graph\">{\"@context\":\"https:\/\/schema.org\",\"@graph\":[{\"@type\":\"WebPage\",\"@id\":\"https:\/\/irriga.es\/index.php\/es\/el-canal-de-ayuda\/\",\"url\":\"https:\/\/irriga.es\/index.php\/es\/el-canal-de-ayuda\/\",\"name\":\"EL CANAL DE AYUDA - Irriga Water Solutions\",\"isPartOf\":{\"@id\":\"https:\/\/irriga.es\/#website\"},\"primaryImageOfPage\":{\"@id\":\"https:\/\/irriga.es\/index.php\/es\/el-canal-de-ayuda\/#primaryimage\"},\"image\":{\"@id\":\"https:\/\/irriga.es\/index.php\/es\/el-canal-de-ayuda\/#primaryimage\"},\"thumbnailUrl\":\"https:\/\/irriga.es\/wp-content\/uploads\/2024\/06\/AJUDA2.jpg\",\"datePublished\":\"2025-06-17T08:25:37+00:00\",\"dateModified\":\"2025-06-17T11:08:17+00:00\",\"description\":\"EL CENTRE DAJUDA\",\"breadcrumb\":{\"@id\":\"https:\/\/irriga.es\/index.php\/es\/el-canal-de-ayuda\/#breadcrumb\"},\"inLanguage\":\"ca\",\"potentialAction\":[{\"@type\":\"ReadAction\",\"target\":[\"https:\/\/irriga.es\/index.php\/es\/el-canal-de-ayuda\/\"]}]},{\"@type\":\"ImageObject\",\"inLanguage\":\"ca\",\"@id\":\"https:\/\/irriga.es\/index.php\/es\/el-canal-de-ayuda\/#primaryimage\",\"url\":\"https:\/\/irriga.es\/wp-content\/uploads\/2024\/06\/AJUDA2.jpg\",\"contentUrl\":\"https:\/\/irriga.es\/wp-content\/uploads\/2024\/06\/AJUDA2.jpg\",\"width\":305,\"height\":281,\"caption\":\"ajuda\"},{\"@type\":\"BreadcrumbList\",\"@id\":\"https:\/\/irriga.es\/index.php\/es\/el-canal-de-ayuda\/#breadcrumb\",\"itemListElement\":[{\"@type\":\"ListItem\",\"position\":1,\"name\":\"Portada\",\"item\":\"https:\/\/irriga.es\/\"},{\"@type\":\"ListItem\",\"position\":2,\"name\":\"EL CANAL DE AYUDA\"}]},{\"@type\":\"WebSite\",\"@id\":\"https:\/\/irriga.es\/#website\",\"url\":\"https:\/\/irriga.es\/\",\"name\":\"Irriga Water Solutions\",\"description\":\"Sistemes de reg a mida \/\/ Obra hidr\u00e0ulica\",\"potentialAction\":[{\"@type\":\"SearchAction\",\"target\":{\"@type\":\"EntryPoint\",\"urlTemplate\":\"https:\/\/irriga.es\/?s={search_term_string}\"},\"query-input\":{\"@type\":\"PropertyValueSpecification\",\"valueRequired\":true,\"valueName\":\"search_term_string\"}}],\"inLanguage\":\"ca\"}]}<\/script>\n<!-- \/ Yoast SEO plugin. -->","yoast_head_json":{"title":"EL CANAL DE AYUDA - Irriga Water Solutions","description":"EL CENTRE DAJUDA","robots":{"index":"index","follow":"follow","max-snippet":"max-snippet:-1","max-image-preview":"max-image-preview:large","max-video-preview":"max-video-preview:-1"},"canonical":"https:\/\/irriga.es\/index.php\/es\/el-canal-de-ayuda\/","og_locale":"ca_ES","og_type":"article","og_title":"EL CANAL DE AYUDA - Irriga Water Solutions","og_description":"EL CENTRE DAJUDA","og_url":"https:\/\/irriga.es\/index.php\/es\/el-canal-de-ayuda\/","og_site_name":"Irriga Water Solutions","article_modified_time":"2025-06-17T11:08:17+00:00","og_image":[{"width":305,"height":281,"url":"https:\/\/irriga.es\/wp-content\/uploads\/2024\/06\/AJUDA2.jpg","type":"image\/jpeg"}],"twitter_card":"summary_large_image","twitter_misc":{"Temps estimat de lectura":"2 minuts"},"schema":{"@context":"https:\/\/schema.org","@graph":[{"@type":"WebPage","@id":"https:\/\/irriga.es\/index.php\/es\/el-canal-de-ayuda\/","url":"https:\/\/irriga.es\/index.php\/es\/el-canal-de-ayuda\/","name":"EL CANAL DE AYUDA - Irriga Water Solutions","isPartOf":{"@id":"https:\/\/irriga.es\/#website"},"primaryImageOfPage":{"@id":"https:\/\/irriga.es\/index.php\/es\/el-canal-de-ayuda\/#primaryimage"},"image":{"@id":"https:\/\/irriga.es\/index.php\/es\/el-canal-de-ayuda\/#primaryimage"},"thumbnailUrl":"https:\/\/irriga.es\/wp-content\/uploads\/2024\/06\/AJUDA2.jpg","datePublished":"2025-06-17T08:25:37+00:00","dateModified":"2025-06-17T11:08:17+00:00","description":"EL CENTRE DAJUDA","breadcrumb":{"@id":"https:\/\/irriga.es\/index.php\/es\/el-canal-de-ayuda\/#breadcrumb"},"inLanguage":"ca","potentialAction":[{"@type":"ReadAction","target":["https:\/\/irriga.es\/index.php\/es\/el-canal-de-ayuda\/"]}]},{"@type":"ImageObject","inLanguage":"ca","@id":"https:\/\/irriga.es\/index.php\/es\/el-canal-de-ayuda\/#primaryimage","url":"https:\/\/irriga.es\/wp-content\/uploads\/2024\/06\/AJUDA2.jpg","contentUrl":"https:\/\/irriga.es\/wp-content\/uploads\/2024\/06\/AJUDA2.jpg","width":305,"height":281,"caption":"ajuda"},{"@type":"BreadcrumbList","@id":"https:\/\/irriga.es\/index.php\/es\/el-canal-de-ayuda\/#breadcrumb","itemListElement":[{"@type":"ListItem","position":1,"name":"Portada","item":"https:\/\/irriga.es\/"},{"@type":"ListItem","position":2,"name":"EL CANAL DE AYUDA"}]},{"@type":"WebSite","@id":"https:\/\/irriga.es\/#website","url":"https:\/\/irriga.es\/","name":"Irriga Water Solutions","description":"Sistemes de reg a mida \/\/ Obra hidr\u00e0ulica","potentialAction":[{"@type":"SearchAction","target":{"@type":"EntryPoint","urlTemplate":"https:\/\/irriga.es\/?s={search_term_string}"},"query-input":{"@type":"PropertyValueSpecification","valueRequired":true,"valueName":"search_term_string"}}],"inLanguage":"ca"}]}},"_links":{"self":[{"href":"https:\/\/irriga.es\/index.php\/wp-json\/wp\/v2\/pages\/7237","targetHints":{"allow":["GET"]}}],"collection":[{"href":"https:\/\/irriga.es\/index.php\/wp-json\/wp\/v2\/pages"}],"about":[{"href":"https:\/\/irriga.es\/index.php\/wp-json\/wp\/v2\/types\/page"}],"author":[{"embeddable":true,"href":"https:\/\/irriga.es\/index.php\/wp-json\/wp\/v2\/users\/1"}],"replies":[{"embeddable":true,"href":"https:\/\/irriga.es\/index.php\/wp-json\/wp\/v2\/comments?post=7237"}],"version-history":[{"count":4,"href":"https:\/\/irriga.es\/index.php\/wp-json\/wp\/v2\/pages\/7237\/revisions"}],"predecessor-version":[{"id":7307,"href":"https:\/\/irriga.es\/index.php\/wp-json\/wp\/v2\/pages\/7237\/revisions\/7307"}],"wp:featuredmedia":[{"embeddable":true,"href":"https:\/\/irriga.es\/index.php\/wp-json\/wp\/v2\/media\/5612"}],"wp:attachment":[{"href":"https:\/\/irriga.es\/index.php\/wp-json\/wp\/v2\/media?parent=7237"}],"curies":[{"name":"wp","href":"https:\/\/api.w.org\/{rel}","templated":true}]}}