{"id":7261,"date":"2025-06-17T11:07:54","date_gmt":"2025-06-17T10:07:54","guid":{"rendered":"https:\/\/www.irriga.es\/?page_id=7261"},"modified":"2025-09-03T13:06:21","modified_gmt":"2025-09-03T12:06:21","slug":"opiniones","status":"publish","type":"page","link":"https:\/\/irriga.es\/index.php\/es\/opiniones\/","title":{"rendered":"Opiniones"},"content":{"rendered":"<p>[et_pb_section fb_built=&#8221;1&#8243; _builder_version=&#8221;4.27.4&#8243; background_color=&#8221;#003d52&#8243; custom_margin=&#8221;20px||||false|false&#8221; custom_padding=&#8221;0px||0px||false|false&#8221; global_colors_info=&#8221;{}&#8221; theme_builder_area=&#8221;post_content&#8221;][et_pb_row column_structure=&#8221;1_4,3_4&#8243; make_equal=&#8221;on&#8221; _builder_version=&#8221;4.16&#8243; global_colors_info=&#8221;{}&#8221; theme_builder_area=&#8221;post_content&#8221;][et_pb_column type=&#8221;1_4&#8243; module_id=&#8221;icontitulo&#8221; _builder_version=&#8221;4.16&#8243; global_colors_info=&#8221;{}&#8221; theme_builder_area=&#8221;post_content&#8221;][et_pb_image src=&#8221;https:\/\/irriga.es\/wp-content\/uploads\/2020\/07\/icon-irriga.png&#8221; title_text=&#8221;icon-irriga&#8221; align_tablet=&#8221;left&#8221; align_phone=&#8221;left&#8221; align_last_edited=&#8221;off|desktop&#8221; _builder_version=&#8221;4.16&#8243; width=&#8221;75px&#8221; custom_margin=&#8221;-0.5px||||false|false&#8221; global_colors_info=&#8221;{}&#8221; theme_builder_area=&#8221;post_content&#8221;][\/et_pb_image][\/et_pb_column][et_pb_column type=&#8221;3_4&#8243; _builder_version=&#8221;4.16&#8243; custom_padding=&#8221;20px||||false|false&#8221; custom_padding_tablet=&#8221;&#8221; custom_padding_phone=&#8221;&#8221; custom_padding_last_edited=&#8221;on|desktop&#8221; global_colors_info=&#8221;{}&#8221; theme_builder_area=&#8221;post_content&#8221;][et_pb_text admin_label=&#8221;Texto&#8221; _builder_version=&#8221;4.27.4&#8243; custom_margin=&#8221;||||false|false&#8221; custom_padding=&#8221;||||false|false&#8221; custom_padding_last_edited=&#8221;off|desktop&#8221; global_colors_info=&#8221;{}&#8221; theme_builder_area=&#8221;post_content&#8221;]<\/p>\n<div class=\"et_pb_column et_pb_column_4_4 et_pb_column_0_tb_body et_pb_css_mix_blend_mode_passthrough et-last-child\">\n<div class=\"et_pb_module et_pb_post_title et_pb_post_title_0_tb_body et_pb_bg_layout_dark et_pb_text_align_left et_had_animation\">\n<div class=\"et_pb_title_container\">\n<h1 id=\"titulopaginaservicios\" class=\"entry-title\">OPINIONES<\/h1>\n<\/div>\n<\/div>\n<\/div>\n<p>[\/et_pb_text][\/et_pb_column][\/et_pb_row][\/et_pb_section][et_pb_section fb_built=&#8221;1&#8243; _builder_version=&#8221;4.16&#8243; global_colors_info=&#8221;{}&#8221; theme_builder_area=&#8221;post_content&#8221;][et_pb_row _builder_version=&#8221;4.16&#8243; global_colors_info=&#8221;{}&#8221; theme_builder_area=&#8221;post_content&#8221;][et_pb_column type=&#8221;4_4&#8243; _builder_version=&#8221;4.16&#8243; global_colors_info=&#8221;{}&#8221; theme_builder_area=&#8221;post_content&#8221;][\/et_pb_column][\/et_pb_row][et_pb_row column_structure=&#8221;2_5,3_5&#8243; _builder_version=&#8221;4.16&#8243; global_colors_info=&#8221;{}&#8221; theme_builder_area=&#8221;post_content&#8221;][et_pb_column type=&#8221;2_5&#8243; _builder_version=&#8221;4.16&#8243; global_colors_info=&#8221;{}&#8221; theme_builder_area=&#8221;post_content&#8221;][et_pb_slider _builder_version=&#8221;4.16&#8243; animation_style=&#8221;flip&#8221; auto=&#8221;on&#8221; global_colors_info=&#8221;{}&#8221; theme_builder_area=&#8221;post_content&#8221;][et_pb_slide _builder_version=&#8221;4.16&#8243; global_colors_info=&#8221;{}&#8221; sticky_transition=&#8221;on&#8221; theme_builder_area=&#8221;post_content&#8221;]<\/p>\n<p><img loading=\"lazy\" decoding=\"async\" class=\"wp-image-1573 alignnone size-medium\" src=\"https:\/\/irriga.es\/wp-content\/uploads\/2021\/05\/3-1-300x300.jpg\" alt=\"\" width=\"300\" height=\"300\" \/><\/p>\n<p>[\/et_pb_slide][et_pb_slide _builder_version=&#8221;4.16&#8243; global_colors_info=&#8221;{}&#8221; sticky_transition=&#8221;on&#8221; theme_builder_area=&#8221;post_content&#8221;]<\/p>\n<p><img loading=\"lazy\" decoding=\"async\" class=\"wp-image-1572 alignnone size-medium\" src=\"https:\/\/irriga.es\/wp-content\/uploads\/2021\/05\/2-1-300x300.jpg\" alt=\"\" width=\"300\" height=\"300\" \/><\/p>\n<p>[\/et_pb_slide][et_pb_slide _builder_version=&#8221;4.16&#8243; global_colors_info=&#8221;{}&#8221; sticky_transition=&#8221;on&#8221; theme_builder_area=&#8221;post_content&#8221;]<\/p>\n<p><img loading=\"lazy\" decoding=\"async\" class=\"wp-image-1571 alignnone size-medium\" src=\"https:\/\/irriga.es\/wp-content\/uploads\/2021\/05\/1-1-300x300.jpg\" alt=\"\" width=\"300\" height=\"300\" \/><\/p>\n<p>[\/et_pb_slide][\/et_pb_slider][\/et_pb_column][et_pb_column type=&#8221;3_5&#8243; _builder_version=&#8221;4.16&#8243; global_colors_info=&#8221;{}&#8221; theme_builder_area=&#8221;post_content&#8221;][et_pb_text _builder_version=&#8221;4.16&#8243; custom_padding=&#8221;||0px|||&#8221; global_colors_info=&#8221;{}&#8221; theme_builder_area=&#8221;post_content&#8221;]<\/p>\n<p>Es muy f\u00e1cil hacer promesas, pero en Irriga lo que realmente <strong>nos importa es la opini\u00f3n de nuestros clientes<\/strong> para ir mejorando, creciendo y <strong>crear largos v\u00ednculos<\/strong> donde las dos partes acabamos ganando. Al final, el \u00e9xito de nuestros clientes tambi\u00e9n es el nuestro.<\/p>\n<p>Por eso hemos creado esta secci\u00f3n <strong>de entrevistas de opini\u00f3n,<\/strong> por los motivos ya mencionados y tambi\u00e9n para que nos pod\u00e1is conocer m\u00e1s.<\/p>\n<p>[\/et_pb_text][\/et_pb_column][\/et_pb_row][et_pb_row _builder_version=&#8221;4.16&#8243; global_colors_info=&#8221;{}&#8221; theme_builder_area=&#8221;post_content&#8221;][et_pb_column type=&#8221;4_4&#8243; _builder_version=&#8221;4.16&#8243; global_colors_info=&#8221;{}&#8221; theme_builder_area=&#8221;post_content&#8221;][et_pb_accordion admin_label=&#8221;Accordion&#8221; _builder_version=&#8221;4.27.4&#8243; hover_enabled=&#8221;0&#8243; global_colors_info=&#8221;{}&#8221; theme_builder_area=&#8221;post_content&#8221; sticky_enabled=&#8221;0&#8243;][et_pb_accordion_item title=&#8221;Eduard Mor &#8211; agricultor d&#8217;amettlers&#8221; _builder_version=&#8221;4.16&#8243; global_colors_info=&#8221;{}&#8221; theme_builder_area=&#8221;post_content&#8221; open=&#8221;off&#8221;]<\/p>\n<p style=\"text-align: center;\"><iframe loading=\"lazy\" width=\"560\" height=\"315\" src=\"https:\/\/www.youtube-nocookie.com\/embed\/gM7Ee-AlX5g\" title=\"YouTube video player\" frameborder=\"0\" allow=\"accelerometer; autoplay; clipboard-write; encrypted-media; gyroscope; picture-in-picture\" allowfullscreen=\"\"><\/iframe><\/p>\n<p>[\/et_pb_accordion_item][et_pb_accordion_item title=&#8221;Emili Pijuan &#8211; agricultor de pan\u00eds&#8221; _builder_version=&#8221;4.16&#8243; global_colors_info=&#8221;{}&#8221; theme_builder_area=&#8221;post_content&#8221; open=&#8221;off&#8221;]<\/p>\n<p><iframe loading=\"lazy\" title=\"YouTube video player\" src=\"https:\/\/www.youtube-nocookie.com\/embed\/QFF8HLp5AVQ\" width=\"560\" height=\"315\" frameborder=\"0\" allowfullscreen=\"allowfullscreen\"><\/iframe><\/p>\n<p>[\/et_pb_accordion_item][et_pb_accordion_item title=&#8221;Josep M. Jov\u00e9 &#8211; el president de la Comunitat de Regants Segarra Garrigues&#8221; _builder_version=&#8221;4.16&#8243; global_colors_info=&#8221;{}&#8221; theme_builder_area=&#8221;post_content&#8221; open=&#8221;off&#8221;]<\/p>\n<p><iframe loading=\"lazy\" width=\"560\" height=\"315\" src=\"https:\/\/www.youtube-nocookie.com\/embed\/XLgEj9mOy3I\" title=\"YouTube video player\" frameborder=\"0\" allow=\"accelerometer; autoplay; clipboard-write; encrypted-media; gyroscope; picture-in-picture\" allowfullscreen=\"\"><\/iframe><\/p>\n<p>[\/et_pb_accordion_item][et_pb_accordion_item title=&#8221;Ramon Nadal I la seva lluita contra gelades 2022&#8243; _builder_version=&#8221;4.16&#8243; global_colors_info=&#8221;{}&#8221; theme_builder_area=&#8221;post_content&#8221; open=&#8221;off&#8221;]<\/p>\n<p><iframe loading=\"lazy\" width=\"560\" height=\"315\" src=\"https:\/\/www.youtube-nocookie.com\/embed\/KEv0iTNGzXA\" title=\"YouTube video player\" frameborder=\"0\" allow=\"accelerometer; autoplay; clipboard-write; encrypted-media; gyroscope; picture-in-picture\" allowfullscreen=\"\"><\/iframe><\/p>\n<p>[\/et_pb_accordion_item][et_pb_accordion_item title=&#8221;Gelades 2022: F. Huguet &#038; R. Vidal expliquen la seva batalla. Han pogut salvar el cultiu amb el Pulsar?&#8221; _builder_version=&#8221;4.16&#8243; global_colors_info=&#8221;{}&#8221; theme_builder_area=&#8221;post_content&#8221; open=&#8221;off&#8221;]<\/p>\n<p><iframe loading=\"lazy\" width=\"560\" height=\"315\" src=\"https:\/\/www.youtube-nocookie.com\/embed\/3uJ8Aw_BsxA\" title=\"YouTube video player\" frameborder=\"0\" allow=\"accelerometer; autoplay; clipboard-write; encrypted-media; gyroscope; picture-in-picture\" allowfullscreen=\"\"><\/iframe><\/p>\n<p>[\/et_pb_accordion_item][et_pb_accordion_item title=&#8221;Jordi C.: Digitalizaci\u00f3n de 7 fincas con 2 programadores&#8221; open=&#8221;off&#8221; _builder_version=&#8221;4.27.4&#8243; global_colors_info=&#8221;{}&#8221; theme_builder_area=&#8221;post_content&#8221;]<\/p>\n<p style=\"text-align: center;\"><iframe loading=\"lazy\" width=\"560\" height=\"315\" src=\"https:\/\/www.youtube.com\/embed\/YeXDsXdFPEY?si=4jWrN9wpZDg6i3v4\" title=\"YouTube video player\" frameborder=\"0\" allow=\"accelerometer; autoplay; clipboard-write; encrypted-media; gyroscope; picture-in-picture; web-share\" referrerpolicy=\"strict-origin-when-cross-origin\" allowfullscreen=\"\"><\/iframe><\/p>\n<p>[\/et_pb_accordion_item][et_pb_accordion_item title=&#8221;Ramon Real: dise\u00f1o y suministro de materiales de riego para varias fincas &#8221; open=&#8221;on&#8221; _builder_version=&#8221;4.27.4&#8243; hover_enabled=&#8221;0&#8243; global_colors_info=&#8221;{}&#8221; theme_builder_area=&#8221;post_content&#8221; sticky_enabled=&#8221;0&#8243;]<\/p>\n<p><iframe loading=\"lazy\" width=\"560\" height=\"315\" src=\"https:\/\/www.youtube-nocookie.com\/embed\/dri3iffOdAU?si=QypCYF2BZhxTe85c\" title=\"YouTube video player\" frameborder=\"0\" allow=\"accelerometer; autoplay; clipboard-write; encrypted-media; gyroscope; picture-in-picture; web-share\" referrerpolicy=\"strict-origin-when-cross-origin\" allowfullscreen=\"\"><\/iframe><\/p>\n<p>[\/et_pb_accordion_item][\/et_pb_accordion][\/et_pb_column][\/et_pb_row][\/et_pb_section][et_pb_section fb_built=&#8221;1&#8243; _builder_version=&#8221;4.16&#8243; custom_padding=&#8221;||0px||false|false&#8221; animation_style=&#8221;slide&#8221; animation_direction=&#8221;bottom&#8221; animation_duration=&#8221;800ms&#8221; animation_intensity_slide=&#8221;20%&#8221; global_colors_info=&#8221;{}&#8221; theme_builder_area=&#8221;post_content&#8221;][\/et_pb_section][et_pb_section fb_built=&#8221;1&#8243; admin_label=&#8221;Section&#8221; _builder_version=&#8221;4.16&#8243; custom_padding=&#8221;||0px||false|false&#8221; collapsed=&#8221;off&#8221; global_colors_info=&#8221;{}&#8221; theme_builder_area=&#8221;post_content&#8221;][\/et_pb_section][et_pb_section fb_built=&#8221;1&#8243; _builder_version=&#8221;4.16&#8243; global_colors_info=&#8221;{}&#8221; theme_builder_area=&#8221;post_content&#8221;][et_pb_row column_structure=&#8221;2_5,3_5&#8243; _builder_version=&#8221;4.16&#8243; global_colors_info=&#8221;{}&#8221; theme_builder_area=&#8221;post_content&#8221;][et_pb_column type=&#8221;2_5&#8243; _builder_version=&#8221;4.16&#8243; global_colors_info=&#8221;{}&#8221; theme_builder_area=&#8221;post_content&#8221;][\/et_pb_column][et_pb_column type=&#8221;3_5&#8243; _builder_version=&#8221;4.16&#8243; global_colors_info=&#8221;{}&#8221; theme_builder_area=&#8221;post_content&#8221;][\/et_pb_column][\/et_pb_row][et_pb_row _builder_version=&#8221;4.16&#8243; global_colors_info=&#8221;{}&#8221; theme_builder_area=&#8221;post_content&#8221;][et_pb_column type=&#8221;4_4&#8243; _builder_version=&#8221;4.16&#8243; global_colors_info=&#8221;{}&#8221; theme_builder_area=&#8221;post_content&#8221;][et_pb_text _builder_version=&#8221;4.16&#8243; text_text_color=&#8221;#93d400&#8243; text_orientation=&#8221;center&#8221; animation_style=&#8221;slide&#8221; global_colors_info=&#8221;{}&#8221; theme_builder_area=&#8221;post_content&#8221;]<\/p>\n<h3>Si eres\/has sido cliente de Irriga y te gustar\u00eda participar con este programa, te invitamos a que nos env\u00edes un correo a marketing@irriga.es \u00a1Te esperamos!<\/h3>\n<p>[\/et_pb_text][\/et_pb_column][\/et_pb_row][et_pb_row column_structure=&#8221;1_4,1_2,1_4&#8243; use_custom_gutter=&#8221;on&#8221; gutter_width=&#8221;1&#8243; make_equal=&#8221;on&#8221; _builder_version=&#8221;4.16&#8243; width=&#8221;100%&#8221; max_width=&#8221;2560px&#8221; custom_padding=&#8221;0px||0px||false|false&#8221; animation_style=&#8221;slide&#8221; animation_direction=&#8221;bottom&#8221; animation_duration=&#8221;800ms&#8221; animation_intensity_slide=&#8221;20%&#8221; global_colors_info=&#8221;{}&#8221; theme_builder_area=&#8221;post_content&#8221;][et_pb_column type=&#8221;1_4&#8243; _builder_version=&#8221;4.16&#8243; background_image=&#8221;https:\/\/irriga.es\/wp-content\/uploads\/2021\/01\/GrupIRRIGA_001.jpg&#8221; global_colors_info=&#8221;{}&#8221; theme_builder_area=&#8221;post_content&#8221;][et_pb_divider show_divider=&#8221;off&#8221; _builder_version=&#8221;4.16&#8243; min_height=&#8221;350px&#8221; global_colors_info=&#8221;{}&#8221; theme_builder_area=&#8221;post_content&#8221;][\/et_pb_divider][\/et_pb_column][et_pb_column type=&#8221;1_2&#8243; _builder_version=&#8221;4.16&#8243; background_image=&#8221;https:\/\/irriga.es\/wp-content\/uploads\/2021\/01\/IRRIGA_052-1.jpg&#8221; global_colors_info=&#8221;{}&#8221; theme_builder_area=&#8221;post_content&#8221;][et_pb_divider show_divider=&#8221;off&#8221; _builder_version=&#8221;4.16&#8243; min_height=&#8221;350px&#8221; global_colors_info=&#8221;{}&#8221; theme_builder_area=&#8221;post_content&#8221;][\/et_pb_divider][\/et_pb_column][et_pb_column type=&#8221;1_4&#8243; _builder_version=&#8221;4.16&#8243; background_image=&#8221;https:\/\/irriga.es\/wp-content\/uploads\/2021\/01\/IRRIGA_067.jpg&#8221; global_colors_info=&#8221;{}&#8221; theme_builder_area=&#8221;post_content&#8221;][et_pb_divider show_divider=&#8221;off&#8221; _builder_version=&#8221;4.16&#8243; min_height=&#8221;350px&#8221; global_colors_info=&#8221;{}&#8221; theme_builder_area=&#8221;post_content&#8221;][\/et_pb_divider][\/et_pb_column][\/et_pb_row][\/et_pb_section]<\/p>\n","protected":false},"excerpt":{"rendered":"<p>OPINIONES Es muy f\u00e1cil hacer promesas, pero en Irriga lo que realmente nos importa es la opini\u00f3n de nuestros clientes para ir mejorando, creciendo y crear largos v\u00ednculos donde las dos partes acabamos ganando. Al final, el \u00e9xito de nuestros clientes tambi\u00e9n es el nuestro. Por eso hemos creado esta secci\u00f3n de entrevistas de opini\u00f3n, [&hellip;]<\/p>\n","protected":false},"author":1,"featured_media":0,"parent":0,"menu_order":0,"comment_status":"closed","ping_status":"closed","template":"","meta":{"_et_pb_use_builder":"on","_et_pb_old_content":"","_et_gb_content_width":"","_monsterinsights_skip_tracking":false,"_monsterinsights_sitenote_active":false,"_monsterinsights_sitenote_note":"","_monsterinsights_sitenote_category":0,"footnotes":""},"class_list":["post-7261","page","type-page","status-publish","hentry"],"yoast_head":"<!-- This site is optimized with the Yoast SEO plugin v26.6 - https:\/\/yoast.com\/wordpress\/plugins\/seo\/ -->\n<title>Opiniones - Irriga Water Solutions - \u00bfQue opinan nuestros clientes?<\/title>\n<meta name=\"description\" content=\"Descubre nuestra nueva secci\u00f3n de entrevistas - opiniones...En Irriga lo que nos importa son opiniones de los clientes para ir mejorando...\" \/>\n<meta name=\"robots\" content=\"index, follow, max-snippet:-1, max-image-preview:large, max-video-preview:-1\" \/>\n<link rel=\"canonical\" href=\"https:\/\/irriga.es\/index.php\/es\/opiniones\/\" \/>\n<meta property=\"og:locale\" content=\"ca_ES\" \/>\n<meta property=\"og:type\" content=\"article\" \/>\n<meta property=\"og:title\" content=\"Opiniones - Irriga Water Solutions - \u00bfQue opinan nuestros clientes?\" \/>\n<meta property=\"og:description\" content=\"Descubre nuestra nueva secci\u00f3n de entrevistas - opiniones...En Irriga lo que nos importa son opiniones de los clientes para ir mejorando...\" \/>\n<meta property=\"og:url\" content=\"https:\/\/irriga.es\/index.php\/es\/opiniones\/\" \/>\n<meta property=\"og:site_name\" content=\"Irriga Water Solutions\" \/>\n<meta property=\"article:modified_time\" content=\"2025-09-03T12:06:21+00:00\" \/>\n<meta property=\"og:image\" content=\"https:\/\/irriga.es\/wp-content\/uploads\/2021\/05\/3-1-300x300.jpg\" \/>\n<meta name=\"twitter:card\" content=\"summary_large_image\" \/>\n<meta name=\"twitter:label1\" content=\"Temps estimat de lectura\" \/>\n\t<meta name=\"twitter:data1\" content=\"2 minuts\" \/>\n<script type=\"application\/ld+json\" class=\"yoast-schema-graph\">{\"@context\":\"https:\/\/schema.org\",\"@graph\":[{\"@type\":\"WebPage\",\"@id\":\"https:\/\/irriga.es\/index.php\/es\/opiniones\/\",\"url\":\"https:\/\/irriga.es\/index.php\/es\/opiniones\/\",\"name\":\"Opiniones - Irriga Water Solutions - \u00bfQue opinan nuestros clientes?\",\"isPartOf\":{\"@id\":\"https:\/\/irriga.es\/#website\"},\"primaryImageOfPage\":{\"@id\":\"https:\/\/irriga.es\/index.php\/es\/opiniones\/#primaryimage\"},\"image\":{\"@id\":\"https:\/\/irriga.es\/index.php\/es\/opiniones\/#primaryimage\"},\"thumbnailUrl\":\"https:\/\/irriga.es\/wp-content\/uploads\/2021\/05\/3-1-300x300.jpg\",\"datePublished\":\"2025-06-17T10:07:54+00:00\",\"dateModified\":\"2025-09-03T12:06:21+00:00\",\"description\":\"Descubre nuestra nueva secci\u00f3n de entrevistas - opiniones...En Irriga lo que nos importa son opiniones de los clientes para ir mejorando...\",\"breadcrumb\":{\"@id\":\"https:\/\/irriga.es\/index.php\/es\/opiniones\/#breadcrumb\"},\"inLanguage\":\"ca\",\"potentialAction\":[{\"@type\":\"ReadAction\",\"target\":[\"https:\/\/irriga.es\/index.php\/es\/opiniones\/\"]}]},{\"@type\":\"ImageObject\",\"inLanguage\":\"ca\",\"@id\":\"https:\/\/irriga.es\/index.php\/es\/opiniones\/#primaryimage\",\"url\":\"https:\/\/irriga.es\/wp-content\/uploads\/2021\/05\/3-1.jpg\",\"contentUrl\":\"https:\/\/irriga.es\/wp-content\/uploads\/2021\/05\/3-1.jpg\",\"width\":540,\"height\":540,\"caption\":\"Contacte IRRIGA\"},{\"@type\":\"BreadcrumbList\",\"@id\":\"https:\/\/irriga.es\/index.php\/es\/opiniones\/#breadcrumb\",\"itemListElement\":[{\"@type\":\"ListItem\",\"position\":1,\"name\":\"Portada\",\"item\":\"https:\/\/irriga.es\/\"},{\"@type\":\"ListItem\",\"position\":2,\"name\":\"Opiniones\"}]},{\"@type\":\"WebSite\",\"@id\":\"https:\/\/irriga.es\/#website\",\"url\":\"https:\/\/irriga.es\/\",\"name\":\"Irriga Water Solutions\",\"description\":\"Sistemes de reg a mida \/\/ Obra hidr\u00e0ulica\",\"potentialAction\":[{\"@type\":\"SearchAction\",\"target\":{\"@type\":\"EntryPoint\",\"urlTemplate\":\"https:\/\/irriga.es\/?s={search_term_string}\"},\"query-input\":{\"@type\":\"PropertyValueSpecification\",\"valueRequired\":true,\"valueName\":\"search_term_string\"}}],\"inLanguage\":\"ca\"}]}<\/script>\n<!-- \/ Yoast SEO plugin. -->","yoast_head_json":{"title":"Opiniones - Irriga Water Solutions - \u00bfQue opinan nuestros clientes?","description":"Descubre nuestra nueva secci\u00f3n de entrevistas - opiniones...En Irriga lo que nos importa son opiniones de los clientes para ir mejorando...","robots":{"index":"index","follow":"follow","max-snippet":"max-snippet:-1","max-image-preview":"max-image-preview:large","max-video-preview":"max-video-preview:-1"},"canonical":"https:\/\/irriga.es\/index.php\/es\/opiniones\/","og_locale":"ca_ES","og_type":"article","og_title":"Opiniones - Irriga Water Solutions - \u00bfQue opinan nuestros clientes?","og_description":"Descubre nuestra nueva secci\u00f3n de entrevistas - opiniones...En Irriga lo que nos importa son opiniones de los clientes para ir mejorando...","og_url":"https:\/\/irriga.es\/index.php\/es\/opiniones\/","og_site_name":"Irriga Water Solutions","article_modified_time":"2025-09-03T12:06:21+00:00","og_image":[{"url":"https:\/\/irriga.es\/wp-content\/uploads\/2021\/05\/3-1-300x300.jpg","type":"","width":"","height":""}],"twitter_card":"summary_large_image","twitter_misc":{"Temps estimat de lectura":"2 minuts"},"schema":{"@context":"https:\/\/schema.org","@graph":[{"@type":"WebPage","@id":"https:\/\/irriga.es\/index.php\/es\/opiniones\/","url":"https:\/\/irriga.es\/index.php\/es\/opiniones\/","name":"Opiniones - Irriga Water Solutions - \u00bfQue opinan nuestros clientes?","isPartOf":{"@id":"https:\/\/irriga.es\/#website"},"primaryImageOfPage":{"@id":"https:\/\/irriga.es\/index.php\/es\/opiniones\/#primaryimage"},"image":{"@id":"https:\/\/irriga.es\/index.php\/es\/opiniones\/#primaryimage"},"thumbnailUrl":"https:\/\/irriga.es\/wp-content\/uploads\/2021\/05\/3-1-300x300.jpg","datePublished":"2025-06-17T10:07:54+00:00","dateModified":"2025-09-03T12:06:21+00:00","description":"Descubre nuestra nueva secci\u00f3n de entrevistas - opiniones...En Irriga lo que nos importa son opiniones de los clientes para ir mejorando...","breadcrumb":{"@id":"https:\/\/irriga.es\/index.php\/es\/opiniones\/#breadcrumb"},"inLanguage":"ca","potentialAction":[{"@type":"ReadAction","target":["https:\/\/irriga.es\/index.php\/es\/opiniones\/"]}]},{"@type":"ImageObject","inLanguage":"ca","@id":"https:\/\/irriga.es\/index.php\/es\/opiniones\/#primaryimage","url":"https:\/\/irriga.es\/wp-content\/uploads\/2021\/05\/3-1.jpg","contentUrl":"https:\/\/irriga.es\/wp-content\/uploads\/2021\/05\/3-1.jpg","width":540,"height":540,"caption":"Contacte IRRIGA"},{"@type":"BreadcrumbList","@id":"https:\/\/irriga.es\/index.php\/es\/opiniones\/#breadcrumb","itemListElement":[{"@type":"ListItem","position":1,"name":"Portada","item":"https:\/\/irriga.es\/"},{"@type":"ListItem","position":2,"name":"Opiniones"}]},{"@type":"WebSite","@id":"https:\/\/irriga.es\/#website","url":"https:\/\/irriga.es\/","name":"Irriga Water Solutions","description":"Sistemes de reg a mida \/\/ Obra hidr\u00e0ulica","potentialAction":[{"@type":"SearchAction","target":{"@type":"EntryPoint","urlTemplate":"https:\/\/irriga.es\/?s={search_term_string}"},"query-input":{"@type":"PropertyValueSpecification","valueRequired":true,"valueName":"search_term_string"}}],"inLanguage":"ca"}]}},"_links":{"self":[{"href":"https:\/\/irriga.es\/index.php\/wp-json\/wp\/v2\/pages\/7261","targetHints":{"allow":["GET"]}}],"collection":[{"href":"https:\/\/irriga.es\/index.php\/wp-json\/wp\/v2\/pages"}],"about":[{"href":"https:\/\/irriga.es\/index.php\/wp-json\/wp\/v2\/types\/page"}],"author":[{"embeddable":true,"href":"https:\/\/irriga.es\/index.php\/wp-json\/wp\/v2\/users\/1"}],"replies":[{"embeddable":true,"href":"https:\/\/irriga.es\/index.php\/wp-json\/wp\/v2\/comments?post=7261"}],"version-history":[{"count":7,"href":"https:\/\/irriga.es\/index.php\/wp-json\/wp\/v2\/pages\/7261\/revisions"}],"predecessor-version":[{"id":7582,"href":"https:\/\/irriga.es\/index.php\/wp-json\/wp\/v2\/pages\/7261\/revisions\/7582"}],"wp:attachment":[{"href":"https:\/\/irriga.es\/index.php\/wp-json\/wp\/v2\/media?parent=7261"}],"curies":[{"name":"wp","href":"https:\/\/api.w.org\/{rel}","templated":true}]}}