{"id":7311,"date":"2025-06-18T09:27:34","date_gmt":"2025-06-18T08:27:34","guid":{"rendered":"https:\/\/www.irriga.es\/?page_id=7311"},"modified":"2025-06-19T07:54:55","modified_gmt":"2025-06-19T06:54:55","slug":"ingenieria-riego-lleida","status":"publish","type":"page","link":"https:\/\/irriga.es\/index.php\/es\/ingenieria-riego-lleida\/","title":{"rendered":"Ingenier\u00eda y consultoria"},"content":{"rendered":"<p>[et_pb_section fb_built=&#8221;1&#8243; _builder_version=&#8221;4.27.4&#8243; background_color=&#8221;#003d52&#8243; custom_margin=&#8221;20px||||false|false&#8221; custom_padding=&#8221;0px||0px||false|false&#8221; global_colors_info=&#8221;{}&#8221; theme_builder_area=&#8221;post_content&#8221;][et_pb_row column_structure=&#8221;1_4,3_4&#8243; make_equal=&#8221;on&#8221; _builder_version=&#8221;4.16&#8243; global_colors_info=&#8221;{}&#8221; theme_builder_area=&#8221;post_content&#8221;][et_pb_column type=&#8221;1_4&#8243; module_id=&#8221;icontitulo&#8221; _builder_version=&#8221;4.16&#8243; global_colors_info=&#8221;{}&#8221; theme_builder_area=&#8221;post_content&#8221;][et_pb_image src=&#8221;https:\/\/irriga.es\/wp-content\/uploads\/2020\/07\/icon-irriga.png&#8221; title_text=&#8221;icon-irriga&#8221; align_tablet=&#8221;left&#8221; align_phone=&#8221;left&#8221; align_last_edited=&#8221;off|desktop&#8221; _builder_version=&#8221;4.16&#8243; width=&#8221;75px&#8221; custom_margin=&#8221;-0.5px||||false|false&#8221; global_colors_info=&#8221;{}&#8221; theme_builder_area=&#8221;post_content&#8221;][\/et_pb_image][\/et_pb_column][et_pb_column type=&#8221;3_4&#8243; _builder_version=&#8221;4.16&#8243; custom_padding=&#8221;20px||||false|false&#8221; custom_padding_tablet=&#8221;&#8221; custom_padding_phone=&#8221;&#8221; custom_padding_last_edited=&#8221;on|desktop&#8221; global_colors_info=&#8221;{}&#8221; theme_builder_area=&#8221;post_content&#8221;][et_pb_text admin_label=&#8221;Texto&#8221; _builder_version=&#8221;4.27.4&#8243; custom_margin=&#8221;||||false|false&#8221; custom_padding=&#8221;||||false|false&#8221; custom_padding_last_edited=&#8221;off|desktop&#8221; global_colors_info=&#8221;{}&#8221; theme_builder_area=&#8221;post_content&#8221;]<\/p>\n<div class=\"et_pb_column et_pb_column_4_4 et_pb_column_0_tb_body et_pb_css_mix_blend_mode_passthrough et-last-child\">\n<div class=\"et_pb_module et_pb_post_title et_pb_post_title_0_tb_body et_pb_bg_layout_dark et_pb_text_align_left et_had_animation\">\n<div class=\"et_pb_title_container\">\n<h1 id=\"titulopaginaservicios\" class=\"entry-title\">Ingenier\u00eda y consultor\u00eda<\/h1>\n<\/div>\n<\/div>\n<\/div>\n<p>[\/et_pb_text][\/et_pb_column][\/et_pb_row][\/et_pb_section][et_pb_section fb_built=&#8221;1&#8243; _builder_version=&#8221;4.16&#8243; custom_padding=&#8221;||0px||false|false&#8221; animation_style=&#8221;slide&#8221; animation_direction=&#8221;bottom&#8221; animation_duration=&#8221;800ms&#8221; animation_intensity_slide=&#8221;20%&#8221; global_colors_info=&#8221;{}&#8221; theme_builder_area=&#8221;post_content&#8221;][et_pb_row column_structure=&#8221;3_5,2_5&#8243; _builder_version=&#8221;4.27.4&#8243; background_enable_color=&#8221;off&#8221; background_image=&#8221;https:\/\/irriga.es\/wp-content\/uploads\/2025\/04\/background2-scaled.jpg&#8221; z_index=&#8221;0&#8243; width=&#8221;100%&#8221; max_width=&#8221;none&#8221; custom_margin=&#8221;-58px|auto||auto||&#8221; custom_padding=&#8221;0px||0px|||&#8221; locked=&#8221;off&#8221; global_colors_info=&#8221;{}&#8221; theme_builder_area=&#8221;post_content&#8221;][et_pb_column type=&#8221;3_5&#8243; _builder_version=&#8221;4.27.4&#8243; background_color=&#8221;RGBA(255,255,255,0)&#8221; use_background_color_gradient=&#8221;on&#8221; background_color_gradient_direction=&#8221;-114deg&#8221; background_color_gradient_stops=&#8221;rgba(0,0,0,0) 15%|#ffffff 25%&#8221; background_color_gradient_start=&#8221;rgba(0,0,0,0)&#8221; background_color_gradient_start_position=&#8221;25%&#8221; background_color_gradient_end=&#8221;#ffffff&#8221; background_color_gradient_end_position=&#8221;0%&#8221; background_enable_image=&#8221;off&#8221; custom_padding=&#8221;4vw|10vw|4vw|10vw|true|false&#8221; custom_padding_tablet=&#8221;||||false|false&#8221; custom_padding_last_edited=&#8221;off|tablet&#8221; scroll_horizontal_motion_enable=&#8221;on&#8221; scroll_horizontal_motion=&#8221;0|70|70|100|2|0|0&#8243; scroll_horizontal_motion_tablet=&#8221;0|70|70|100|0|0|0&#8243; scroll_horizontal_motion_phone=&#8221;&#8221; scroll_horizontal_motion_last_edited=&#8221;on|tablet&#8221; box_shadow_style=&#8221;preset4&#8243; box_shadow_horizontal=&#8221;-10vw&#8221; box_shadow_vertical=&#8221;0px&#8221; box_shadow_color=&#8221;#ffffff&#8221; global_colors_info=&#8221;{}&#8221; theme_builder_area=&#8221;post_content&#8221;][et_pb_text _builder_version=&#8221;4.16&#8243; header_2_font=&#8221;Kanit|700|||||||&#8221; header_2_font_size=&#8221;48px&#8221; header_2_line_height=&#8221;1.2em&#8221; max_width=&#8221;600px&#8221; header_2_font_size_tablet=&#8221;28px&#8221; header_2_font_size_phone=&#8221;18px&#8221; header_2_font_size_last_edited=&#8221;on|desktop&#8221; locked=&#8221;off&#8221; global_colors_info=&#8221;{}&#8221; theme_builder_area=&#8221;post_content&#8221;]<\/p>\n<h1><span style=\"color: #54c8e8;\">Ingenier\u00eda y consultor\u00eda en infraestructuras de regad\u00edos, agua, energ\u00eda y telegesti\u00f3n:<\/span><\/h1>\n<p>&nbsp;<\/p>\n<p>[\/et_pb_text][et_pb_text _builder_version=&#8221;4.27.4&#8243; text_line_height=&#8221;1.8em&#8221; global_colors_info=&#8221;{}&#8221; theme_builder_area=&#8221;post_content&#8221;]<\/p>\n<p>Contamos con un equipo de <strong>15 ingenieros<\/strong> que analizan, calculan y dise\u00f1an proyectos de riego a medida. Una vez definidos podemos encargarnos de todo: desde el premontaje en nuestros talleres hasta la ejecuci\u00f3n sobre el terreno con nuestros especialistas del equipo de producci\u00f3n.<strong> \u00a1T\u00fa eliges!<\/strong><\/p>\n<p>[\/et_pb_text][et_pb_text ul_type=&#8221;square&#8221; _builder_version=&#8221;4.27.4&#8243; ul_text_color=&#8221;#53c8e7&#8243; header_4_font=&#8221;||||||||&#8221; header_4_text_color=&#8221;#53c8e7&#8243; header_4_font_size=&#8221;1em&#8221; global_colors_info=&#8221;{}&#8221; theme_builder_area=&#8221;post_content&#8221;]<\/p>\n<h4 style=\"color: #003d52!important;\"><i class=\"fas fa-check-circle\" style=\"color: #53c8e7!important;\"><\/i>Proyectos de comunidades de regantes<\/h4>\n<h4 style=\"color: #003d52!important;\"><i class=\"fas fa-check-circle\" style=\"color: #53c8e7!important;\"><\/i>Proyectos de abastecimientos de agua<\/h4>\n<h4 style=\"color: #003d52!important;\"><i class=\"fas fa-check-circle\" style=\"color: #53c8e7!important;\"><\/i>Proyectos de sistemas de riego (goteo, aspersi\u00f3n, p\u00edvots)<\/h4>\n<h4 style=\"color: #003d52!important;\"><i class=\"fas fa-check-circle\" style=\"color: #53c8e7!important;\"><\/i>Proyectos de bombeos solares<\/h4>\n<h4 style=\"color: #003d52!important;\"><i class=\"fas fa-check-circle\" style=\"color: #53c8e7!important;\"><\/i>Proyectos de balsas de agua, purines&#8230;<\/h4>\n<h4 style=\"color: #003d52!important;\"><i class=\"fas fa-check-circle\" style=\"color: #53c8e7!important;\"><\/i>Telegesti\u00f3n de los sistemas de regad\u00edo<\/h4>\n<h4 style=\"color: #003d52!important;\"><i class=\"fas fa-check-circle\" style=\"color: #53c8e7!important;\"><\/i>Servicios de topograf\u00eda<\/h4>\n<p>&nbsp;<\/p>\n<p>[\/et_pb_text][\/et_pb_column][et_pb_column type=&#8221;2_5&#8243; _builder_version=&#8221;4.27.4&#8243; background_color=&#8221;RGBA(255,255,255,0)&#8221; global_colors_info=&#8221;{}&#8221; theme_builder_area=&#8221;post_content&#8221;][et_pb_text _builder_version=&#8221;4.27.4&#8243; _module_preset=&#8221;default&#8221; global_colors_info=&#8221;{}&#8221; theme_builder_area=&#8221;post_content&#8221;]&nbsp;<\/p>\n<p>&nbsp;<\/p>\n<p>&nbsp;<\/p>\n<p>&nbsp;[\/et_pb_text][et_pb_gallery gallery_ids=&#8221;1232,1231,1260&#8243; fullwidth=&#8221;on&#8221; module_id=&#8221;slider&#8221; _builder_version=&#8221;4.27.4&#8243; z_index=&#8221;1&#8243; custom_padding=&#8221;||15px||false|false&#8221; auto=&#8221;on&#8221; auto_speed=&#8221;5000&#8243; scroll_vertical_motion_enable=&#8221;on&#8221; scroll_vertical_motion=&#8221;0|50|50|100|2|0|-2&#8243; scroll_horizontal_motion=&#8221;0|63|63|100|4|0|-0.5&#8243; motion_trigger_start=&#8221;top&#8221; global_colors_info=&#8221;{}&#8221; theme_builder_area=&#8221;post_content&#8221;][\/et_pb_gallery][\/et_pb_column][\/et_pb_row][\/et_pb_section][et_pb_section fb_built=&#8221;1&#8243; admin_label=&#8221;Si ets\/has sigut client d&#8217;Irriga i t&#8217;agradaria participar amb aquest programa, t&#8217;invitem a que ens envi\u00efs un correu a marqueting@irriga.es. T&#8217;esperem!&#8221; _builder_version=&#8221;4.27.4&#8243; background_color=&#8221;#ffffff&#8221; background_image=&#8221;https:\/\/irriga.es\/wp-content\/uploads\/2020\/01\/favicon.png&#8221; background_size=&#8221;contain&#8221; background_position=&#8221;center_left&#8221; custom_margin=&#8221;25px||||false|false&#8221; custom_padding=&#8221;0px||0px||false|false&#8221; animation_style=&#8221;slide&#8221; animation_direction=&#8221;left&#8221; animation_duration=&#8221;800ms&#8221; animation_intensity_slide=&#8221;20%&#8221; scroll_vertical_motion_enable=&#8221;on&#8221; scroll_vertical_motion=&#8221;0|50|50|100|1|0|-1&#8243; background_last_edited=&#8221;on|desktop&#8221; background_enable_image_tablet=&#8221;off&#8221; background_size_tablet=&#8221;contain&#8221; background_blend_tablet=&#8221;normal&#8221; global_module=&#8221;290&#8243; saved_tabs=&#8221;all&#8221; collapsed=&#8221;off&#8221; global_colors_info=&#8221;{}&#8221; theme_builder_area=&#8221;post_content&#8221;][et_pb_row _builder_version=&#8221;4.16&#8243; global_colors_info=&#8221;{}&#8221; theme_builder_area=&#8221;post_content&#8221;][et_pb_column type=&#8221;4_4&#8243; _builder_version=&#8221;4.16&#8243; global_colors_info=&#8221;{}&#8221; theme_builder_area=&#8221;post_content&#8221;][et_pb_text _builder_version=&#8221;4.16&#8243; global_colors_info=&#8221;{}&#8221; theme_builder_area=&#8221;post_content&#8221;]<\/p>\n<h1 style=\"text-align: center;\">Vols saber-ne m\u00e9s?\u00a0<\/h1>\n<p>[\/et_pb_text][\/et_pb_column][\/et_pb_row][\/et_pb_section][et_pb_section fb_built=&#8221;1&#8243; _builder_version=&#8221;4.27.4&#8243; custom_margin=&#8221;0px||0px||false|false&#8221; custom_padding=&#8221;0px||0px||false|false&#8221; scroll_vertical_motion_enable=&#8221;on&#8221; scroll_vertical_motion=&#8221;0|50|50|100|1|0|-1&#8243; locked=&#8221;off&#8221; global_colors_info=&#8221;{}&#8221; theme_builder_area=&#8221;post_content&#8221;][et_pb_row column_structure=&#8221;3_5,2_5&#8243; _builder_version=&#8221;4.16&#8243; global_colors_info=&#8221;{}&#8221; theme_builder_area=&#8221;post_content&#8221;][et_pb_column type=&#8221;3_5&#8243; _builder_version=&#8221;4.16&#8243; global_colors_info=&#8221;{}&#8221; theme_builder_area=&#8221;post_content&#8221;][et_pb_blurb title=&#8221;D\u00e9jalo en manos de nuestro equipo especializado&#8221; image=&#8221;https:\/\/irriga.es\/wp-content\/uploads\/2020\/01\/favicon.png&#8221; icon_placement=&#8221;left&#8221; content_max_width=&#8221;1100px&#8221; _builder_version=&#8221;4.16&#8243; header_font=&#8221;||||||||&#8221; header_text_color=&#8221;#003d52&#8243; header_font_size=&#8221;1.2em&#8221; animation_style=&#8221;slide&#8221; animation_direction=&#8221;right&#8221; animation_duration=&#8221;800ms&#8221; animation_delay=&#8221;500ms&#8221; animation_intensity_slide=&#8221;20%&#8221; animation=&#8221;left&#8221; global_colors_info=&#8221;{}&#8221; theme_builder_area=&#8221;post_content&#8221;]<\/p>\n<p>Estudiamos tu proyecto y preparamos un presupuesto gratuito y sin compromiso.<\/p>\n<p>[\/et_pb_blurb][\/et_pb_column][et_pb_column type=&#8221;2_5&#8243; _builder_version=&#8221;4.16&#8243; global_colors_info=&#8221;{}&#8221; theme_builder_area=&#8221;post_content&#8221;][et_pb_button button_url=&#8221;@ET-DC@eyJkeW5hbWljIjp0cnVlLCJjb250ZW50IjoicG9zdF9saW5rX3VybF9wYWdlIiwic2V0dGluZ3MiOnsicG9zdF9pZCI6IjMwNyJ9fQ==@&#8221; button_text=&#8221;Ponte en contacto con nosotros&#8221; button_alignment=&#8221;right&#8221; _builder_version=&#8221;4.27.4&#8243; _dynamic_attributes=&#8221;button_url&#8221; background_layout=&#8221;dark&#8221; global_colors_info=&#8221;{}&#8221; theme_builder_area=&#8221;post_content&#8221;][\/et_pb_button][\/et_pb_column][\/et_pb_row][\/et_pb_section][et_pb_section fb_built=&#8221;1&#8243; _builder_version=&#8221;4.16&#8243; custom_padding=&#8221;||0px||false|false&#8221; global_colors_info=&#8221;{}&#8221; theme_builder_area=&#8221;post_content&#8221;][et_pb_row column_structure=&#8221;1_4,1_2,1_4&#8243; use_custom_gutter=&#8221;on&#8221; gutter_width=&#8221;1&#8243; make_equal=&#8221;on&#8221; _builder_version=&#8221;4.27.4&#8243; width=&#8221;100%&#8221; max_width=&#8221;2560px&#8221; custom_padding=&#8221;0px||0px||false|false&#8221; animation_style=&#8221;slide&#8221; animation_direction=&#8221;bottom&#8221; animation_duration=&#8221;800ms&#8221; animation_intensity_slide=&#8221;20%&#8221; global_colors_info=&#8221;{}&#8221; theme_builder_area=&#8221;post_content&#8221;][et_pb_column type=&#8221;1_4&#8243; _builder_version=&#8221;4.27.4&#8243; background_image=&#8221;https:\/\/irriga.es\/wp-content\/uploads\/2022\/02\/IMG-20211115-WA0001-2-scaled.jpg&#8221; global_colors_info=&#8221;{}&#8221; theme_builder_area=&#8221;post_content&#8221;][et_pb_divider show_divider=&#8221;off&#8221; _builder_version=&#8221;4.16&#8243; min_height=&#8221;350px&#8221; global_colors_info=&#8221;{}&#8221; theme_builder_area=&#8221;post_content&#8221;][\/et_pb_divider][\/et_pb_column][et_pb_column type=&#8221;1_2&#8243; _builder_version=&#8221;4.16&#8243; background_image=&#8221;https:\/\/irriga.es\/wp-content\/uploads\/2021\/01\/IRRIGA_052-1.jpg&#8221; global_colors_info=&#8221;{}&#8221; theme_builder_area=&#8221;post_content&#8221;][\/et_pb_column][et_pb_column type=&#8221;1_4&#8243; _builder_version=&#8221;4.27.4&#8243; background_image=&#8221;https:\/\/irriga.es\/wp-content\/uploads\/2021\/10\/WhatsApp-Image-2021-09-22-at-09.39.45-scaled.jpeg&#8221; global_colors_info=&#8221;{}&#8221; theme_builder_area=&#8221;post_content&#8221;][et_pb_divider show_divider=&#8221;off&#8221; _builder_version=&#8221;4.16&#8243; min_height=&#8221;350px&#8221; global_colors_info=&#8221;{}&#8221; theme_builder_area=&#8221;post_content&#8221;][\/et_pb_divider][\/et_pb_column][\/et_pb_row][\/et_pb_section]<\/p>\n","protected":false},"excerpt":{"rendered":"<p>Ingenier\u00eda y consultor\u00eda Ingenier\u00eda y consultor\u00eda en infraestructuras de regad\u00edos, agua, energ\u00eda y telegesti\u00f3n: &nbsp;Contamos con un equipo de 15 ingenieros que analizan, calculan y dise\u00f1an proyectos de riego a medida. Una vez definidos podemos encargarnos de todo: desde el premontaje en nuestros talleres hasta la ejecuci\u00f3n sobre el terreno con nuestros especialistas del equipo [&hellip;]<\/p>\n","protected":false},"author":1,"featured_media":1231,"parent":0,"menu_order":0,"comment_status":"closed","ping_status":"closed","template":"","meta":{"_et_pb_use_builder":"on","_et_pb_old_content":"<!-- wp:paragraph -->\r\n<p>This is an example page. It's different from a blog post because it will stay in one place and will show up in your site navigation (in most themes). Most people start with an About page that introduces them to potential site visitors. It might say something like this:<\/p>\r\n<!-- \/wp:paragraph -->\r\n\r\n<!-- wp:quote -->\r\n<blockquote class=\"wp-block-quote\"><p>Hi there! I'm a bike messenger by day, aspiring actor by night, and this is my website. I live in Los Angeles, have a great dog named Jack, and I like pi\u00f1a coladas. (And gettin' caught in the rain.)<\/p><\/blockquote>\r\n<!-- \/wp:quote -->\r\n\r\n<!-- wp:paragraph -->\r\n<p>...or something like this:<\/p>\r\n<!-- \/wp:paragraph -->\r\n\r\n<!-- wp:quote -->\r\n<blockquote class=\"wp-block-quote\"><p>The XYZ Doohickey Company was founded in 1971, and has been providing quality doohickeys to the public ever since. Located in Gotham City, XYZ employs over 2,000 people and does all kinds of awesome things for the Gotham community.<\/p><\/blockquote>\r\n<!-- \/wp:quote -->\r\n\r\n<!-- wp:paragraph -->\r\n<p>As a new WordPress user, you should go to <a href=\"https:\/\/irriga.es\/wp-admin\/\">your dashboard<\/a> to delete this page and create new pages for your content. Have fun!<\/p>\r\n<!-- \/wp:paragraph -->","_et_gb_content_width":"","_monsterinsights_skip_tracking":false,"_monsterinsights_sitenote_active":false,"_monsterinsights_sitenote_note":"","_monsterinsights_sitenote_category":0,"footnotes":""},"class_list":["post-7311","page","type-page","status-publish","has-post-thumbnail","hentry"],"yoast_head":"<!-- This site is optimized with the Yoast SEO plugin v26.6 - https:\/\/yoast.com\/wordpress\/plugins\/seo\/ -->\n<title>Ingenier\u00eda y consultoria - Irriga Water Solutions \/ Ingenier\u00eda Riego Lleida<\/title>\n<meta name=\"description\" content=\"Ofrecemos el servicio de ingenier\u00eda y consultor\u00eda para proyectos de riego. Ingenier\u00eda Riego Lleida. Proyectos riego Lleida\" \/>\n<meta name=\"robots\" content=\"index, follow, max-snippet:-1, max-image-preview:large, max-video-preview:-1\" \/>\n<link rel=\"canonical\" href=\"https:\/\/irriga.es\/index.php\/es\/ingenieria-riego-lleida\/\" \/>\n<meta property=\"og:locale\" content=\"ca_ES\" \/>\n<meta property=\"og:type\" content=\"article\" \/>\n<meta property=\"og:title\" content=\"Ingenier\u00eda y consultoria - Irriga Water Solutions \/ Ingenier\u00eda Riego Lleida\" \/>\n<meta property=\"og:description\" content=\"Ofrecemos el servicio de ingenier\u00eda y consultor\u00eda para proyectos de riego. Ingenier\u00eda Riego Lleida. Proyectos riego Lleida\" \/>\n<meta property=\"og:url\" content=\"https:\/\/irriga.es\/index.php\/es\/ingenieria-riego-lleida\/\" \/>\n<meta property=\"og:site_name\" content=\"Irriga Water Solutions\" \/>\n<meta property=\"article:modified_time\" content=\"2025-06-19T06:54:55+00:00\" \/>\n<meta property=\"og:image\" content=\"https:\/\/irriga.es\/wp-content\/uploads\/2021\/01\/IRRIGA_045.jpg\" \/>\n\t<meta property=\"og:image:width\" content=\"800\" \/>\n\t<meta property=\"og:image:height\" content=\"534\" \/>\n\t<meta property=\"og:image:type\" content=\"image\/jpeg\" \/>\n<meta name=\"twitter:card\" content=\"summary_large_image\" \/>\n<meta name=\"twitter:label1\" content=\"Temps estimat de lectura\" \/>\n\t<meta name=\"twitter:data1\" content=\"2 minuts\" \/>\n<script type=\"application\/ld+json\" class=\"yoast-schema-graph\">{\"@context\":\"https:\/\/schema.org\",\"@graph\":[{\"@type\":\"WebPage\",\"@id\":\"https:\/\/irriga.es\/index.php\/es\/ingenieria-riego-lleida\/\",\"url\":\"https:\/\/irriga.es\/index.php\/es\/ingenieria-riego-lleida\/\",\"name\":\"Ingenier\u00eda y consultoria - Irriga Water Solutions \/ Ingenier\u00eda Riego Lleida\",\"isPartOf\":{\"@id\":\"https:\/\/irriga.es\/#website\"},\"primaryImageOfPage\":{\"@id\":\"https:\/\/irriga.es\/index.php\/es\/ingenieria-riego-lleida\/#primaryimage\"},\"image\":{\"@id\":\"https:\/\/irriga.es\/index.php\/es\/ingenieria-riego-lleida\/#primaryimage\"},\"thumbnailUrl\":\"https:\/\/irriga.es\/wp-content\/uploads\/2021\/01\/IRRIGA_045.jpg\",\"datePublished\":\"2025-06-18T08:27:34+00:00\",\"dateModified\":\"2025-06-19T06:54:55+00:00\",\"description\":\"Ofrecemos el servicio de ingenier\u00eda y consultor\u00eda para proyectos de riego. Ingenier\u00eda Riego Lleida. Proyectos riego Lleida\",\"breadcrumb\":{\"@id\":\"https:\/\/irriga.es\/index.php\/es\/ingenieria-riego-lleida\/#breadcrumb\"},\"inLanguage\":\"ca\",\"potentialAction\":[{\"@type\":\"ReadAction\",\"target\":[\"https:\/\/irriga.es\/index.php\/es\/ingenieria-riego-lleida\/\"]}]},{\"@type\":\"ImageObject\",\"inLanguage\":\"ca\",\"@id\":\"https:\/\/irriga.es\/index.php\/es\/ingenieria-riego-lleida\/#primaryimage\",\"url\":\"https:\/\/irriga.es\/wp-content\/uploads\/2021\/01\/IRRIGA_045.jpg\",\"contentUrl\":\"https:\/\/irriga.es\/wp-content\/uploads\/2021\/01\/IRRIGA_045.jpg\",\"width\":800,\"height\":534,\"caption\":\"enginyeria reg Lleida, projectes reg Lleida\"},{\"@type\":\"BreadcrumbList\",\"@id\":\"https:\/\/irriga.es\/index.php\/es\/ingenieria-riego-lleida\/#breadcrumb\",\"itemListElement\":[{\"@type\":\"ListItem\",\"position\":1,\"name\":\"Portada\",\"item\":\"https:\/\/irriga.es\/\"},{\"@type\":\"ListItem\",\"position\":2,\"name\":\"Ingenier\u00eda y consultoria\"}]},{\"@type\":\"WebSite\",\"@id\":\"https:\/\/irriga.es\/#website\",\"url\":\"https:\/\/irriga.es\/\",\"name\":\"Irriga Water Solutions\",\"description\":\"Sistemes de reg a mida \/\/ Obra hidr\u00e0ulica\",\"potentialAction\":[{\"@type\":\"SearchAction\",\"target\":{\"@type\":\"EntryPoint\",\"urlTemplate\":\"https:\/\/irriga.es\/?s={search_term_string}\"},\"query-input\":{\"@type\":\"PropertyValueSpecification\",\"valueRequired\":true,\"valueName\":\"search_term_string\"}}],\"inLanguage\":\"ca\"}]}<\/script>\n<!-- \/ Yoast SEO plugin. -->","yoast_head_json":{"title":"Ingenier\u00eda y consultoria - Irriga Water Solutions \/ Ingenier\u00eda Riego Lleida","description":"Ofrecemos el servicio de ingenier\u00eda y consultor\u00eda para proyectos de riego. Ingenier\u00eda Riego Lleida. Proyectos riego Lleida","robots":{"index":"index","follow":"follow","max-snippet":"max-snippet:-1","max-image-preview":"max-image-preview:large","max-video-preview":"max-video-preview:-1"},"canonical":"https:\/\/irriga.es\/index.php\/es\/ingenieria-riego-lleida\/","og_locale":"ca_ES","og_type":"article","og_title":"Ingenier\u00eda y consultoria - Irriga Water Solutions \/ Ingenier\u00eda Riego Lleida","og_description":"Ofrecemos el servicio de ingenier\u00eda y consultor\u00eda para proyectos de riego. Ingenier\u00eda Riego Lleida. Proyectos riego Lleida","og_url":"https:\/\/irriga.es\/index.php\/es\/ingenieria-riego-lleida\/","og_site_name":"Irriga Water Solutions","article_modified_time":"2025-06-19T06:54:55+00:00","og_image":[{"width":800,"height":534,"url":"https:\/\/irriga.es\/wp-content\/uploads\/2021\/01\/IRRIGA_045.jpg","type":"image\/jpeg"}],"twitter_card":"summary_large_image","twitter_misc":{"Temps estimat de lectura":"2 minuts"},"schema":{"@context":"https:\/\/schema.org","@graph":[{"@type":"WebPage","@id":"https:\/\/irriga.es\/index.php\/es\/ingenieria-riego-lleida\/","url":"https:\/\/irriga.es\/index.php\/es\/ingenieria-riego-lleida\/","name":"Ingenier\u00eda y consultoria - Irriga Water Solutions \/ Ingenier\u00eda Riego Lleida","isPartOf":{"@id":"https:\/\/irriga.es\/#website"},"primaryImageOfPage":{"@id":"https:\/\/irriga.es\/index.php\/es\/ingenieria-riego-lleida\/#primaryimage"},"image":{"@id":"https:\/\/irriga.es\/index.php\/es\/ingenieria-riego-lleida\/#primaryimage"},"thumbnailUrl":"https:\/\/irriga.es\/wp-content\/uploads\/2021\/01\/IRRIGA_045.jpg","datePublished":"2025-06-18T08:27:34+00:00","dateModified":"2025-06-19T06:54:55+00:00","description":"Ofrecemos el servicio de ingenier\u00eda y consultor\u00eda para proyectos de riego. Ingenier\u00eda Riego Lleida. Proyectos riego Lleida","breadcrumb":{"@id":"https:\/\/irriga.es\/index.php\/es\/ingenieria-riego-lleida\/#breadcrumb"},"inLanguage":"ca","potentialAction":[{"@type":"ReadAction","target":["https:\/\/irriga.es\/index.php\/es\/ingenieria-riego-lleida\/"]}]},{"@type":"ImageObject","inLanguage":"ca","@id":"https:\/\/irriga.es\/index.php\/es\/ingenieria-riego-lleida\/#primaryimage","url":"https:\/\/irriga.es\/wp-content\/uploads\/2021\/01\/IRRIGA_045.jpg","contentUrl":"https:\/\/irriga.es\/wp-content\/uploads\/2021\/01\/IRRIGA_045.jpg","width":800,"height":534,"caption":"enginyeria reg Lleida, projectes reg Lleida"},{"@type":"BreadcrumbList","@id":"https:\/\/irriga.es\/index.php\/es\/ingenieria-riego-lleida\/#breadcrumb","itemListElement":[{"@type":"ListItem","position":1,"name":"Portada","item":"https:\/\/irriga.es\/"},{"@type":"ListItem","position":2,"name":"Ingenier\u00eda y consultoria"}]},{"@type":"WebSite","@id":"https:\/\/irriga.es\/#website","url":"https:\/\/irriga.es\/","name":"Irriga Water Solutions","description":"Sistemes de reg a mida \/\/ Obra hidr\u00e0ulica","potentialAction":[{"@type":"SearchAction","target":{"@type":"EntryPoint","urlTemplate":"https:\/\/irriga.es\/?s={search_term_string}"},"query-input":{"@type":"PropertyValueSpecification","valueRequired":true,"valueName":"search_term_string"}}],"inLanguage":"ca"}]}},"_links":{"self":[{"href":"https:\/\/irriga.es\/index.php\/wp-json\/wp\/v2\/pages\/7311","targetHints":{"allow":["GET"]}}],"collection":[{"href":"https:\/\/irriga.es\/index.php\/wp-json\/wp\/v2\/pages"}],"about":[{"href":"https:\/\/irriga.es\/index.php\/wp-json\/wp\/v2\/types\/page"}],"author":[{"embeddable":true,"href":"https:\/\/irriga.es\/index.php\/wp-json\/wp\/v2\/users\/1"}],"replies":[{"embeddable":true,"href":"https:\/\/irriga.es\/index.php\/wp-json\/wp\/v2\/comments?post=7311"}],"version-history":[{"count":6,"href":"https:\/\/irriga.es\/index.php\/wp-json\/wp\/v2\/pages\/7311\/revisions"}],"predecessor-version":[{"id":7408,"href":"https:\/\/irriga.es\/index.php\/wp-json\/wp\/v2\/pages\/7311\/revisions\/7408"}],"wp:featuredmedia":[{"embeddable":true,"href":"https:\/\/irriga.es\/index.php\/wp-json\/wp\/v2\/media\/1231"}],"wp:attachment":[{"href":"https:\/\/irriga.es\/index.php\/wp-json\/wp\/v2\/media?parent=7311"}],"curies":[{"name":"wp","href":"https:\/\/api.w.org\/{rel}","templated":true}]}}