{"id":7312,"date":"2025-06-18T09:00:53","date_gmt":"2025-06-18T08:00:53","guid":{"rendered":"https:\/\/www.irriga.es\/?page_id=7312"},"modified":"2025-06-18T12:45:38","modified_gmt":"2025-06-18T11:45:38","slug":"bombeo-solar","status":"publish","type":"page","link":"https:\/\/irriga.es\/index.php\/es\/bombeo-solar\/","title":{"rendered":"Bombeo solar"},"content":{"rendered":"<p>[et_pb_section fb_built=&#8221;1&#8243; _builder_version=&#8221;4.27.4&#8243; background_color=&#8221;#003d52&#8243; custom_margin=&#8221;20px||||false|false&#8221; custom_padding=&#8221;0px||0px||false|false&#8221; global_colors_info=&#8221;{}&#8221;][et_pb_row column_structure=&#8221;1_4,3_4&#8243; make_equal=&#8221;on&#8221; _builder_version=&#8221;4.16&#8243; global_colors_info=&#8221;{}&#8221;][et_pb_column type=&#8221;1_4&#8243; module_id=&#8221;icontitulo&#8221; _builder_version=&#8221;4.16&#8243; global_colors_info=&#8221;{}&#8221;][et_pb_image src=&#8221;https:\/\/irriga.es\/wp-content\/uploads\/2020\/07\/icon-irriga.png&#8221; title_text=&#8221;icon-irriga&#8221; align_tablet=&#8221;left&#8221; align_phone=&#8221;left&#8221; align_last_edited=&#8221;off|desktop&#8221; _builder_version=&#8221;4.16&#8243; width=&#8221;75px&#8221; custom_margin=&#8221;-0.5px||||false|false&#8221; global_colors_info=&#8221;{}&#8221;][\/et_pb_image][\/et_pb_column][et_pb_column type=&#8221;3_4&#8243; _builder_version=&#8221;4.16&#8243; custom_padding=&#8221;20px||||false|false&#8221; custom_padding_tablet=&#8221;&#8221; custom_padding_phone=&#8221;&#8221; custom_padding_last_edited=&#8221;on|desktop&#8221; global_colors_info=&#8221;{}&#8221;][et_pb_text admin_label=&#8221;Texto&#8221; _builder_version=&#8221;4.27.4&#8243; custom_margin=&#8221;||||false|false&#8221; custom_padding=&#8221;||||false|false&#8221; custom_padding_last_edited=&#8221;off|desktop&#8221; global_colors_info=&#8221;{}&#8221;]<\/p>\n<div class=\"et_pb_column et_pb_column_4_4 et_pb_column_0_tb_body  et_pb_css_mix_blend_mode_passthrough et-last-child\">\n<div class=\"et_pb_module et_pb_post_title et_pb_post_title_0_tb_body et_pb_bg_layout_dark  et_pb_text_align_left et_had_animation\">\n<div class=\"et_pb_title_container\">\n<h1 id=\"titulopaginaservicios\" class=\"entry-title\">BOMBEO SOLAR<\/h1>\n<\/div>\n<\/div>\n<\/div>\n<p>[\/et_pb_text][\/et_pb_column][\/et_pb_row][\/et_pb_section][et_pb_section fb_built=&#8221;1&#8243; _builder_version=&#8221;4.16&#8243; custom_padding=&#8221;||0px||false|false&#8221; animation_style=&#8221;slide&#8221; animation_direction=&#8221;bottom&#8221; animation_duration=&#8221;800ms&#8221; animation_intensity_slide=&#8221;20%&#8221; global_colors_info=&#8221;{}&#8221;][et_pb_row column_structure=&#8221;3_5,2_5&#8243; _builder_version=&#8221;4.27.4&#8243; background_enable_color=&#8221;off&#8221; background_image=&#8221;https:\/\/irriga.es\/wp-content\/uploads\/2025\/04\/background-scaled.jpg&#8221; z_index=&#8221;0&#8243; width=&#8221;100%&#8221; max_width=&#8221;none&#8221; custom_margin=&#8221;-71px|auto||auto||&#8221; custom_padding=&#8221;0px||0px|||&#8221; locked=&#8221;off&#8221; global_colors_info=&#8221;{}&#8221;][et_pb_column type=&#8221;3_5&#8243; _builder_version=&#8221;4.27.4&#8243; background_color=&#8221;RGBA(255,255,255,0)&#8221; use_background_color_gradient=&#8221;on&#8221; background_color_gradient_direction=&#8221;-114deg&#8221; background_color_gradient_stops=&#8221;rgba(0,0,0,0) 15%|#ffffff 25%&#8221; background_color_gradient_start=&#8221;rgba(0,0,0,0)&#8221; background_color_gradient_start_position=&#8221;25%&#8221; background_color_gradient_end=&#8221;#ffffff&#8221; background_color_gradient_end_position=&#8221;0%&#8221; background_enable_image=&#8221;off&#8221; custom_padding=&#8221;4vw|10vw|4vw|10vw|true|false&#8221; custom_padding_tablet=&#8221;||||false|false&#8221; custom_padding_last_edited=&#8221;off|tablet&#8221; scroll_horizontal_motion_enable=&#8221;on&#8221; scroll_horizontal_motion=&#8221;0|70|70|100|2|0|0&#8243; scroll_horizontal_motion_tablet=&#8221;0|70|70|100|0|0|0&#8243; scroll_horizontal_motion_phone=&#8221;&#8221; scroll_horizontal_motion_last_edited=&#8221;on|tablet&#8221; box_shadow_style=&#8221;preset4&#8243; box_shadow_horizontal=&#8221;-10vw&#8221; box_shadow_vertical=&#8221;0px&#8221; box_shadow_color=&#8221;#ffffff&#8221; global_colors_info=&#8221;{}&#8221;][et_pb_text _builder_version=&#8221;4.27.4&#8243; header_2_font=&#8221;Kanit|700|||||||&#8221; header_2_font_size=&#8221;48px&#8221; header_2_line_height=&#8221;1.2em&#8221; max_width=&#8221;600px&#8221; header_2_font_size_tablet=&#8221;28px&#8221; header_2_font_size_phone=&#8221;18px&#8221; header_2_font_size_last_edited=&#8221;on|desktop&#8221; locked=&#8221;off&#8221; global_colors_info=&#8221;{}&#8221;]<\/p>\n<h1><span style=\"color: #94c11f;\">Aprovecha la energ\u00eda del sol para bombear agua de forma aut\u00f3noma, silenciosa y econ\u00f3mica<\/span><\/h1>\n<p>&nbsp;<\/p>\n<p>[\/et_pb_text][et_pb_text _builder_version=&#8221;4.16&#8243; text_line_height=&#8221;1.8em&#8221; global_colors_info=&#8221;{}&#8221;]<\/p>\n<h2>Instalamos sistemas de bombeo solar con dise\u00f1o t\u00e9cnico personalizado y mantenimiento m\u00ednimo.<\/h2>\n<p>[\/et_pb_text][et_pb_toggle title=&#8221;Bombeos solares&#8221; open=&#8221;on&#8221; open_toggle_text_color=&#8221;#003d52&#8243; open_toggle_background_color=&#8221;#ffffff&#8221; closed_toggle_background_color=&#8221;#ffffff&#8221; icon_color=&#8221;#53c8e7&#8243; use_icon_font_size=&#8221;on&#8221; icon_font_size=&#8221;22px&#8221; open_icon_color=&#8221;#53c8e7&#8243; open_use_icon_font_size=&#8221;on&#8221; open_icon_font_size=&#8221;22px&#8221; _builder_version=&#8221;4.27.4&#8243; title_text_color=&#8221;#003d52&#8243; body_text_color=&#8221;#000000&#8243; module_alignment=&#8221;right&#8221; custom_margin=&#8221;||0px||false|false&#8221; custom_padding=&#8221;||0px||false|false&#8221; border_width_all=&#8221;0px&#8221; global_colors_info=&#8221;{}&#8221;]<i class=\"fas fa-check-circle\" style=\"color: #53c8e7!important;\"><\/i> Bombeo directo a red<\/p>\n<p><i class=\"fas fa-check-circle\" style=\"color: #53c8e7!important;\"><\/i> Bombeo en balsa<\/p>\n<p><i class=\"fas fa-check-circle\" style=\"color: #53c8e7!important;\"><\/i> Bombeos con sistema h\u00edbrido[\/et_pb_toggle][\/et_pb_column][et_pb_column type=&#8221;2_5&#8243; _builder_version=&#8221;4.27.4&#8243; background_color=&#8221;RGBA(255,255,255,0)&#8221; global_colors_info=&#8221;{}&#8221;][et_pb_text _builder_version=&#8221;4.27.4&#8243; _module_preset=&#8221;default&#8221; global_colors_info=&#8221;{}&#8221;]<\/p>\n<p>&nbsp;<\/p>\n<p>&nbsp;<\/p>\n<p>&nbsp;<\/p>\n<p>&nbsp;<\/p>\n<p>[\/et_pb_text][et_pb_gallery gallery_ids=&#8221;4379,1730,1353,1351&#8243; fullwidth=&#8221;on&#8221; module_id=&#8221;slider&#8221; _builder_version=&#8221;4.27.4&#8243; z_index=&#8221;1&#8243; custom_padding=&#8221;||15px||false|false&#8221; auto=&#8221;on&#8221; auto_speed=&#8221;5000&#8243; scroll_vertical_motion_enable=&#8221;on&#8221; scroll_vertical_motion=&#8221;0|50|50|100|2|0|-2&#8243; scroll_horizontal_motion=&#8221;0|63|63|100|4|0|-0.5&#8243; motion_trigger_start=&#8221;top&#8221; global_colors_info=&#8221;{}&#8221;][\/et_pb_gallery][\/et_pb_column][\/et_pb_row][et_pb_row column_structure=&#8221;1_2,1_2&#8243; _builder_version=&#8221;4.27.4&#8243; _module_preset=&#8221;default&#8221; global_colors_info=&#8221;{}&#8221;][et_pb_column type=&#8221;1_2&#8243; _builder_version=&#8221;4.27.4&#8243; _module_preset=&#8221;default&#8221; global_colors_info=&#8221;{}&#8221;][et_pb_text _builder_version=&#8221;4.27.4&#8243; _module_preset=&#8221;default&#8221; global_colors_info=&#8221;{}&#8221;]<\/p>\n<h1 style=\"text-align: center;\"><span style=\"color: #94c11f;\">Estos son los principales componentes que forman un sistema de bombeo solar<\/span><\/h1>\n<p><span><\/span><\/p>\n<p style=\"text-align: center;\"><span><\/span><\/p>\n<h3 style=\"text-align: center;\">Planta fotovoltaica<\/h3>\n<p style=\"text-align: center;\">Est\u00e1 formada por un conjunto de m\u00f3dulos solares de silicio, que generan energ\u00eda el\u00e9ctrica en corriente continua. La potencia total de la planta se expresa en potencia pico (kWp), que corresponde a la m\u00e1xima generaci\u00f3n en condiciones ideales (1.000 W\/m\u00b2 y 25\u00b0C).<br \/>Los paneles pueden instalarse sobre cubiertas o directamente en el terreno, en estructuras fijas orientadas a sur o en soportes dedicados solares (de uno o dos ejes). En bombeos solares, son habituales las estructuras fijas o los seguidores de un eje.<\/p>\n<h3 style=\"text-align: center;\"><\/h3>\n<h3 style=\"text-align: center;\"><\/h3>\n<h3 style=\"text-align: center;\">Variador de frecuencia<\/h3>\n<p style=\"text-align: center;\">Es el cerebro electr\u00f3nico del sistema. Regula la velocidad de la bomba seg\u00fan la producci\u00f3n solar en tiempo real, adaptando el caudal de agua a la energ\u00eda disponible y optimizando el rendimiento del sistema.<br \/>Transforma la corriente continua de los paneles en corriente alterna trif\u00e1sica para alimentar el motor de la bomba. Tambi\u00e9n permite integrar grupos electr\u00f3genos en sistemas h\u00edbridos a trav\u00e9s del mismo variador.<\/p>\n<h3 style=\"text-align: center;\"><\/h3>\n<h3 style=\"text-align: center;\">Bomba<\/h3>\n<p style=\"text-align: center;\">Se utilizan bombas centr\u00edfugas convencionales (sumergibles o de superficie), conectadas a motores el\u00e9ctricos trif\u00e1sicos. Deben ser seleccionadas con precisi\u00f3n para trabajar correctamente en las variaciones de energ\u00eda solar del d\u00eda.<\/p>\n<h3 style=\"text-align: center;\"><\/h3>\n<h3 style=\"text-align: center;\"><\/h3>\n<h3 style=\"text-align: center;\">Sistema de control<\/h3>\n<p style=\"text-align: center;\">Gesti\u00f3n inteligente del sistema: controla la producci\u00f3n solar, el estado del bombeo y las condiciones del suministro de agua. Puede incluir monitorizaci\u00f3n remota, alarmas y adaptaci\u00f3n autom\u00e1tica a la demanda del sistema.<\/p>\n<p>[\/et_pb_text][\/et_pb_column][et_pb_column type=&#8221;1_2&#8243; _builder_version=&#8221;4.27.4&#8243; _module_preset=&#8221;default&#8221; global_colors_info=&#8221;{}&#8221;][et_pb_image src=&#8221;https:\/\/irriga.es\/wp-content\/uploads\/2025\/06\/bombeo-solar-esp.png&#8221; alt=&#8221;bombeo solar, lleida&#8221; title_text=&#8221;bombeo-solar-esp&#8221; _builder_version=&#8221;4.27.4&#8243; _module_preset=&#8221;default&#8221; global_colors_info=&#8221;{}&#8221;][\/et_pb_image][\/et_pb_column][\/et_pb_row][et_pb_row _builder_version=&#8221;4.27.4&#8243; _module_preset=&#8221;default&#8221; global_colors_info=&#8221;{}&#8221;][et_pb_column type=&#8221;4_4&#8243; _builder_version=&#8221;4.27.4&#8243; _module_preset=&#8221;default&#8221; global_colors_info=&#8221;{}&#8221;][et_pb_heading title=&#8221;En IRRIGA dise\u00f1amos y dimensionamos tu sistema de bombeo solar a medida, teniendo en cuenta las necesidades h\u00eddricas, ubicaci\u00f3n y recursos disponibles. Trabajar con energ\u00eda solar es apostar por la autonom\u00eda, la eficiencia y la sostenibilidad.&#8221; _builder_version=&#8221;4.27.4&#8243; _module_preset=&#8221;default&#8221; title_level=&#8221;h2&#8243; title_font=&#8221;||on||||||&#8221; title_text_align=&#8221;center&#8221; title_text_color=&#8221;#8CC63F&#8221; global_colors_info=&#8221;{}&#8221;][\/et_pb_heading][\/et_pb_column][\/et_pb_row][\/et_pb_section][et_pb_section fb_built=&#8221;1&#8243; admin_label=&#8221;Si ets\/has sigut client d&#8217;Irriga i t&#8217;agradaria participar amb aquest programa, t&#8217;invitem a que ens envi\u00efs un correu a marqueting@irriga.es. T&#8217;esperem!&#8221; _builder_version=&#8221;4.27.4&#8243; background_color=&#8221;#ffffff&#8221; background_image=&#8221;https:\/\/irriga.es\/wp-content\/uploads\/2020\/01\/favicon.png&#8221; background_size=&#8221;contain&#8221; background_position=&#8221;center_left&#8221; custom_margin=&#8221;25px||||false|false&#8221; custom_padding=&#8221;0px||0px||false|false&#8221; animation_style=&#8221;slide&#8221; animation_direction=&#8221;left&#8221; animation_duration=&#8221;800ms&#8221; animation_intensity_slide=&#8221;20%&#8221; scroll_vertical_motion_enable=&#8221;on&#8221; scroll_vertical_motion=&#8221;0|50|50|100|1|0|-1&#8243; background_last_edited=&#8221;on|desktop&#8221; background_enable_image_tablet=&#8221;off&#8221; background_size_tablet=&#8221;contain&#8221; background_blend_tablet=&#8221;normal&#8221; global_module=&#8221;290&#8243; saved_tabs=&#8221;all&#8221; collapsed=&#8221;off&#8221; global_colors_info=&#8221;{}&#8221;][et_pb_row _builder_version=&#8221;4.16&#8243; global_colors_info=&#8221;{}&#8221;][et_pb_column type=&#8221;4_4&#8243; _builder_version=&#8221;4.16&#8243; global_colors_info=&#8221;{}&#8221;][et_pb_text _builder_version=&#8221;4.16&#8243; global_colors_info=&#8221;{}&#8221;]<\/p>\n<h1 style=\"text-align: center;\">Vols saber-ne m\u00e9s?\u00a0<\/h1>\n<p>[\/et_pb_text][\/et_pb_column][\/et_pb_row][et_pb_row column_structure=&#8221;3_5,2_5&#8243; _builder_version=&#8221;4.16&#8243; locked=&#8221;off&#8221; global_colors_info=&#8221;{}&#8221;][et_pb_column type=&#8221;3_5&#8243; _builder_version=&#8221;4.16&#8243; global_colors_info=&#8221;{}&#8221;][et_pb_blurb title=&#8221;Deixa-ho en mans del nostre equip especialitzat&#8221; image=&#8221;https:\/\/irriga.es\/wp-content\/uploads\/2020\/01\/favicon.png&#8221; icon_placement=&#8221;left&#8221; content_max_width=&#8221;1100px&#8221; _builder_version=&#8221;4.16&#8243; header_font=&#8221;||||||||&#8221; header_text_color=&#8221;#003d52&#8243; header_font_size=&#8221;1.2em&#8221; animation_style=&#8221;slide&#8221; animation_direction=&#8221;right&#8221; animation_duration=&#8221;800ms&#8221; animation_delay=&#8221;500ms&#8221; animation_intensity_slide=&#8221;20%&#8221; animation=&#8221;left&#8221; global_colors_info=&#8221;{}&#8221;]Estudiem el teu projecte i preparem un pressupost gratu\u00eft i sense comprom\u00eds.[\/et_pb_blurb][\/et_pb_column][et_pb_column type=&#8221;2_5&#8243; _builder_version=&#8221;4.16&#8243; global_colors_info=&#8221;{}&#8221;][et_pb_button button_url=&#8221;@ET-DC@eyJkeW5hbWljIjp0cnVlLCJjb250ZW50IjoicG9zdF9saW5rX3VybF9wYWdlIiwic2V0dGluZ3MiOnsicG9zdF9pZCI6IjMwNyJ9fQ==@&#8221; button_text=&#8221;Posa&#8217;t en contacte amb nosaltres&#8221; button_alignment=&#8221;right&#8221; _builder_version=&#8221;4.27.4&#8243; _dynamic_attributes=&#8221;button_url&#8221; background_layout=&#8221;dark&#8221; global_colors_info=&#8221;{}&#8221;][\/et_pb_button][\/et_pb_column][\/et_pb_row][\/et_pb_section][et_pb_section fb_built=&#8221;1&#8243; _builder_version=&#8221;4.16&#8243; custom_padding=&#8221;||0px||false|false&#8221; global_colors_info=&#8221;{}&#8221;][et_pb_row column_structure=&#8221;1_4,1_2,1_4&#8243; use_custom_gutter=&#8221;on&#8221; gutter_width=&#8221;1&#8243; make_equal=&#8221;on&#8221; _builder_version=&#8221;4.16&#8243; width=&#8221;100%&#8221; max_width=&#8221;2560px&#8221; custom_padding=&#8221;0px||0px||false|false&#8221; animation_style=&#8221;slide&#8221; animation_direction=&#8221;bottom&#8221; animation_duration=&#8221;800ms&#8221; animation_intensity_slide=&#8221;20%&#8221; global_colors_info=&#8221;{}&#8221;][et_pb_column type=&#8221;1_4&#8243; _builder_version=&#8221;4.16&#8243; background_image=&#8221;https:\/\/irriga.es\/wp-content\/uploads\/2022\/09\/WhatsApp-Image-2022-08-22-at-09.35.55-scaled.jpeg&#8221; global_colors_info=&#8221;{}&#8221;][et_pb_divider show_divider=&#8221;off&#8221; _builder_version=&#8221;4.16&#8243; min_height=&#8221;350px&#8221; global_colors_info=&#8221;{}&#8221;][\/et_pb_divider][\/et_pb_column][et_pb_column type=&#8221;1_2&#8243; _builder_version=&#8221;4.16&#8243; background_image=&#8221;https:\/\/irriga.es\/wp-content\/uploads\/2021\/01\/IRRIGA_052-1.jpg&#8221; global_colors_info=&#8221;{}&#8221;][et_pb_divider show_divider=&#8221;off&#8221; _builder_version=&#8221;4.16&#8243; min_height=&#8221;350px&#8221; global_colors_info=&#8221;{}&#8221;][\/et_pb_divider][\/et_pb_column][et_pb_column type=&#8221;1_4&#8243; _builder_version=&#8221;4.16&#8243; background_image=&#8221;https:\/\/irriga.es\/wp-content\/uploads\/2021\/01\/IRRIGA_067.jpg&#8221; global_colors_info=&#8221;{}&#8221;][et_pb_divider show_divider=&#8221;off&#8221; _builder_version=&#8221;4.16&#8243; min_height=&#8221;350px&#8221; global_colors_info=&#8221;{}&#8221;][\/et_pb_divider][\/et_pb_column][\/et_pb_row][\/et_pb_section]<\/p>\n","protected":false},"excerpt":{"rendered":"<p>BOMBEO SOLAR Aprovecha la energ\u00eda del sol para bombear agua de forma aut\u00f3noma, silenciosa y econ\u00f3mica &nbsp;Instalamos sistemas de bombeo solar con dise\u00f1o t\u00e9cnico personalizado y mantenimiento m\u00ednimo. Bombeo directo a red Bombeo en balsa Bombeos con sistema h\u00edbrido&nbsp; &nbsp; &nbsp; &nbsp;Estos son los principales componentes que forman un sistema de bombeo solar Planta fotovoltaica [&hellip;]<\/p>\n","protected":false},"author":1,"featured_media":4379,"parent":0,"menu_order":0,"comment_status":"closed","ping_status":"closed","template":"","meta":{"_et_pb_use_builder":"on","_et_pb_old_content":"<!-- wp:paragraph -->\r\n<p>This is an example page. It's different from a blog post because it will stay in one place and will show up in your site navigation (in most themes). Most people start with an About page that introduces them to potential site visitors. It might say something like this:<\/p>\r\n<!-- \/wp:paragraph -->\r\n\r\n<!-- wp:quote -->\r\n<blockquote class=\"wp-block-quote\"><p>Hi there! I'm a bike messenger by day, aspiring actor by night, and this is my website. I live in Los Angeles, have a great dog named Jack, and I like pi\u00f1a coladas. (And gettin' caught in the rain.)<\/p><\/blockquote>\r\n<!-- \/wp:quote -->\r\n\r\n<!-- wp:paragraph -->\r\n<p>...or something like this:<\/p>\r\n<!-- \/wp:paragraph -->\r\n\r\n<!-- wp:quote -->\r\n<blockquote class=\"wp-block-quote\"><p>The XYZ Doohickey Company was founded in 1971, and has been providing quality doohickeys to the public ever since. Located in Gotham City, XYZ employs over 2,000 people and does all kinds of awesome things for the Gotham community.<\/p><\/blockquote>\r\n<!-- \/wp:quote -->\r\n\r\n<!-- wp:paragraph -->\r\n<p>As a new WordPress user, you should go to <a href=\"https:\/\/irriga.es\/wp-admin\/\">your dashboard<\/a> to delete this page and create new pages for your content. Have fun!<\/p>\r\n<!-- \/wp:paragraph -->","_et_gb_content_width":"","_monsterinsights_skip_tracking":false,"_monsterinsights_sitenote_active":false,"_monsterinsights_sitenote_note":"","_monsterinsights_sitenote_category":0,"footnotes":""},"class_list":["post-7312","page","type-page","status-publish","has-post-thumbnail","hentry"],"yoast_head":"<!-- This site is optimized with the Yoast SEO plugin v26.6 - https:\/\/yoast.com\/wordpress\/plugins\/seo\/ -->\n<title>Bombeo solar - Irriga Water Solutions \/ Bombeo Solar Lleida<\/title>\n<meta name=\"description\" content=\"En Irriga dise\u00f1amos y dimensionamos tu sistema de bombeo solar a medida teniendo en cuenta muchos par\u00e1metros....bombeo solar Lleida...\" \/>\n<meta name=\"robots\" content=\"index, follow, max-snippet:-1, max-image-preview:large, max-video-preview:-1\" \/>\n<link rel=\"canonical\" href=\"https:\/\/irriga.es\/index.php\/es\/bombeo-solar\/\" \/>\n<meta property=\"og:locale\" content=\"ca_ES\" \/>\n<meta property=\"og:type\" content=\"article\" \/>\n<meta property=\"og:title\" content=\"Bombeo solar - Irriga Water Solutions \/ Bombeo Solar Lleida\" \/>\n<meta property=\"og:description\" content=\"En Irriga dise\u00f1amos y dimensionamos tu sistema de bombeo solar a medida teniendo en cuenta muchos par\u00e1metros....bombeo solar Lleida...\" \/>\n<meta property=\"og:url\" content=\"https:\/\/irriga.es\/index.php\/es\/bombeo-solar\/\" \/>\n<meta property=\"og:site_name\" content=\"Irriga Water Solutions\" \/>\n<meta property=\"article:modified_time\" content=\"2025-06-18T11:45:38+00:00\" \/>\n<meta property=\"og:image\" content=\"https:\/\/irriga.es\/wp-content\/uploads\/2022\/09\/WhatsApp-Image-2022-08-22-at-09.35.55-scaled.jpeg\" \/>\n\t<meta property=\"og:image:width\" content=\"750\" \/>\n\t<meta property=\"og:image:height\" content=\"1000\" \/>\n\t<meta property=\"og:image:type\" content=\"image\/jpeg\" \/>\n<meta name=\"twitter:card\" content=\"summary_large_image\" \/>\n<meta name=\"twitter:label1\" content=\"Temps estimat de lectura\" \/>\n\t<meta name=\"twitter:data1\" content=\"3 minuts\" \/>\n<script type=\"application\/ld+json\" class=\"yoast-schema-graph\">{\"@context\":\"https:\/\/schema.org\",\"@graph\":[{\"@type\":\"WebPage\",\"@id\":\"https:\/\/irriga.es\/index.php\/es\/bombeo-solar\/\",\"url\":\"https:\/\/irriga.es\/index.php\/es\/bombeo-solar\/\",\"name\":\"Bombeo solar - Irriga Water Solutions \/ Bombeo Solar Lleida\",\"isPartOf\":{\"@id\":\"https:\/\/irriga.es\/#website\"},\"primaryImageOfPage\":{\"@id\":\"https:\/\/irriga.es\/index.php\/es\/bombeo-solar\/#primaryimage\"},\"image\":{\"@id\":\"https:\/\/irriga.es\/index.php\/es\/bombeo-solar\/#primaryimage\"},\"thumbnailUrl\":\"https:\/\/irriga.es\/wp-content\/uploads\/2022\/09\/WhatsApp-Image-2022-08-22-at-09.35.55-scaled.jpeg\",\"datePublished\":\"2025-06-18T08:00:53+00:00\",\"dateModified\":\"2025-06-18T11:45:38+00:00\",\"description\":\"En Irriga dise\u00f1amos y dimensionamos tu sistema de bombeo solar a medida teniendo en cuenta muchos par\u00e1metros....bombeo solar Lleida...\",\"breadcrumb\":{\"@id\":\"https:\/\/irriga.es\/index.php\/es\/bombeo-solar\/#breadcrumb\"},\"inLanguage\":\"ca\",\"potentialAction\":[{\"@type\":\"ReadAction\",\"target\":[\"https:\/\/irriga.es\/index.php\/es\/bombeo-solar\/\"]}]},{\"@type\":\"ImageObject\",\"inLanguage\":\"ca\",\"@id\":\"https:\/\/irriga.es\/index.php\/es\/bombeo-solar\/#primaryimage\",\"url\":\"https:\/\/irriga.es\/wp-content\/uploads\/2022\/09\/WhatsApp-Image-2022-08-22-at-09.35.55-scaled.jpeg\",\"contentUrl\":\"https:\/\/irriga.es\/wp-content\/uploads\/2022\/09\/WhatsApp-Image-2022-08-22-at-09.35.55-scaled.jpeg\",\"width\":750,\"height\":1000,\"caption\":\"BOMBEIG SOLAR LLEIDA, ENERGIA FOTOVOLTAICA, BOMBEO SOLAR, RIEGO SOLAR, REG SOLAR, PLACAS SOLARES EN RIEGO, PLAQUES SOLARS EN REG, PLAQUES SOLARS\"},{\"@type\":\"BreadcrumbList\",\"@id\":\"https:\/\/irriga.es\/index.php\/es\/bombeo-solar\/#breadcrumb\",\"itemListElement\":[{\"@type\":\"ListItem\",\"position\":1,\"name\":\"Portada\",\"item\":\"https:\/\/irriga.es\/\"},{\"@type\":\"ListItem\",\"position\":2,\"name\":\"Bombeo solar\"}]},{\"@type\":\"WebSite\",\"@id\":\"https:\/\/irriga.es\/#website\",\"url\":\"https:\/\/irriga.es\/\",\"name\":\"Irriga Water Solutions\",\"description\":\"Sistemes de reg a mida \/\/ Obra hidr\u00e0ulica\",\"potentialAction\":[{\"@type\":\"SearchAction\",\"target\":{\"@type\":\"EntryPoint\",\"urlTemplate\":\"https:\/\/irriga.es\/?s={search_term_string}\"},\"query-input\":{\"@type\":\"PropertyValueSpecification\",\"valueRequired\":true,\"valueName\":\"search_term_string\"}}],\"inLanguage\":\"ca\"}]}<\/script>\n<!-- \/ Yoast SEO plugin. -->","yoast_head_json":{"title":"Bombeo solar - Irriga Water Solutions \/ Bombeo Solar Lleida","description":"En Irriga dise\u00f1amos y dimensionamos tu sistema de bombeo solar a medida teniendo en cuenta muchos par\u00e1metros....bombeo solar Lleida...","robots":{"index":"index","follow":"follow","max-snippet":"max-snippet:-1","max-image-preview":"max-image-preview:large","max-video-preview":"max-video-preview:-1"},"canonical":"https:\/\/irriga.es\/index.php\/es\/bombeo-solar\/","og_locale":"ca_ES","og_type":"article","og_title":"Bombeo solar - Irriga Water Solutions \/ Bombeo Solar Lleida","og_description":"En Irriga dise\u00f1amos y dimensionamos tu sistema de bombeo solar a medida teniendo en cuenta muchos par\u00e1metros....bombeo solar Lleida...","og_url":"https:\/\/irriga.es\/index.php\/es\/bombeo-solar\/","og_site_name":"Irriga Water Solutions","article_modified_time":"2025-06-18T11:45:38+00:00","og_image":[{"width":750,"height":1000,"url":"https:\/\/irriga.es\/wp-content\/uploads\/2022\/09\/WhatsApp-Image-2022-08-22-at-09.35.55-scaled.jpeg","type":"image\/jpeg"}],"twitter_card":"summary_large_image","twitter_misc":{"Temps estimat de lectura":"3 minuts"},"schema":{"@context":"https:\/\/schema.org","@graph":[{"@type":"WebPage","@id":"https:\/\/irriga.es\/index.php\/es\/bombeo-solar\/","url":"https:\/\/irriga.es\/index.php\/es\/bombeo-solar\/","name":"Bombeo solar - Irriga Water Solutions \/ Bombeo Solar Lleida","isPartOf":{"@id":"https:\/\/irriga.es\/#website"},"primaryImageOfPage":{"@id":"https:\/\/irriga.es\/index.php\/es\/bombeo-solar\/#primaryimage"},"image":{"@id":"https:\/\/irriga.es\/index.php\/es\/bombeo-solar\/#primaryimage"},"thumbnailUrl":"https:\/\/irriga.es\/wp-content\/uploads\/2022\/09\/WhatsApp-Image-2022-08-22-at-09.35.55-scaled.jpeg","datePublished":"2025-06-18T08:00:53+00:00","dateModified":"2025-06-18T11:45:38+00:00","description":"En Irriga dise\u00f1amos y dimensionamos tu sistema de bombeo solar a medida teniendo en cuenta muchos par\u00e1metros....bombeo solar Lleida...","breadcrumb":{"@id":"https:\/\/irriga.es\/index.php\/es\/bombeo-solar\/#breadcrumb"},"inLanguage":"ca","potentialAction":[{"@type":"ReadAction","target":["https:\/\/irriga.es\/index.php\/es\/bombeo-solar\/"]}]},{"@type":"ImageObject","inLanguage":"ca","@id":"https:\/\/irriga.es\/index.php\/es\/bombeo-solar\/#primaryimage","url":"https:\/\/irriga.es\/wp-content\/uploads\/2022\/09\/WhatsApp-Image-2022-08-22-at-09.35.55-scaled.jpeg","contentUrl":"https:\/\/irriga.es\/wp-content\/uploads\/2022\/09\/WhatsApp-Image-2022-08-22-at-09.35.55-scaled.jpeg","width":750,"height":1000,"caption":"BOMBEIG SOLAR LLEIDA, ENERGIA FOTOVOLTAICA, BOMBEO SOLAR, RIEGO SOLAR, REG SOLAR, PLACAS SOLARES EN RIEGO, PLAQUES SOLARS EN REG, PLAQUES SOLARS"},{"@type":"BreadcrumbList","@id":"https:\/\/irriga.es\/index.php\/es\/bombeo-solar\/#breadcrumb","itemListElement":[{"@type":"ListItem","position":1,"name":"Portada","item":"https:\/\/irriga.es\/"},{"@type":"ListItem","position":2,"name":"Bombeo solar"}]},{"@type":"WebSite","@id":"https:\/\/irriga.es\/#website","url":"https:\/\/irriga.es\/","name":"Irriga Water Solutions","description":"Sistemes de reg a mida \/\/ Obra hidr\u00e0ulica","potentialAction":[{"@type":"SearchAction","target":{"@type":"EntryPoint","urlTemplate":"https:\/\/irriga.es\/?s={search_term_string}"},"query-input":{"@type":"PropertyValueSpecification","valueRequired":true,"valueName":"search_term_string"}}],"inLanguage":"ca"}]}},"_links":{"self":[{"href":"https:\/\/irriga.es\/index.php\/wp-json\/wp\/v2\/pages\/7312","targetHints":{"allow":["GET"]}}],"collection":[{"href":"https:\/\/irriga.es\/index.php\/wp-json\/wp\/v2\/pages"}],"about":[{"href":"https:\/\/irriga.es\/index.php\/wp-json\/wp\/v2\/types\/page"}],"author":[{"embeddable":true,"href":"https:\/\/irriga.es\/index.php\/wp-json\/wp\/v2\/users\/1"}],"replies":[{"embeddable":true,"href":"https:\/\/irriga.es\/index.php\/wp-json\/wp\/v2\/comments?post=7312"}],"version-history":[{"count":12,"href":"https:\/\/irriga.es\/index.php\/wp-json\/wp\/v2\/pages\/7312\/revisions"}],"predecessor-version":[{"id":7370,"href":"https:\/\/irriga.es\/index.php\/wp-json\/wp\/v2\/pages\/7312\/revisions\/7370"}],"wp:featuredmedia":[{"embeddable":true,"href":"https:\/\/irriga.es\/index.php\/wp-json\/wp\/v2\/media\/4379"}],"wp:attachment":[{"href":"https:\/\/irriga.es\/index.php\/wp-json\/wp\/v2\/media?parent=7312"}],"curies":[{"name":"wp","href":"https:\/\/api.w.org\/{rel}","templated":true}]}}