{"id":7732,"date":"2026-01-28T09:32:50","date_gmt":"2026-01-28T08:32:50","guid":{"rendered":"https:\/\/www.irriga.es\/?page_id=7732"},"modified":"2026-02-25T11:32:57","modified_gmt":"2026-02-25T10:32:57","slug":"targeta-de-fidelitat","status":"publish","type":"page","link":"https:\/\/irriga.es\/index.php\/targeta-de-fidelitat\/","title":{"rendered":"TARGETA DE FIDELITAT"},"content":{"rendered":"<p>[et_pb_section fb_built=&#8221;1&#8243; admin_label=&#8221;section&#8221; _builder_version=&#8221;4.16&#8243; global_colors_info=&#8221;{}&#8221; theme_builder_area=&#8221;post_content&#8221;][et_pb_row admin_label=&#8221;row&#8221; _builder_version=&#8221;4.16&#8243; background_size=&#8221;initial&#8221; background_position=&#8221;top_left&#8221; background_repeat=&#8221;repeat&#8221; global_colors_info=&#8221;{}&#8221; theme_builder_area=&#8221;post_content&#8221;][et_pb_column type=&#8221;4_4&#8243; _builder_version=&#8221;4.16&#8243; custom_padding=&#8221;|||&#8221; global_colors_info=&#8221;{}&#8221; custom_padding__hover=&#8221;|||&#8221; theme_builder_area=&#8221;post_content&#8221;][et_pb_text admin_label=&#8221;Text&#8221; _builder_version=&#8221;4.27.4&#8243; _module_preset=&#8221;default&#8221; global_colors_info=&#8221;{}&#8221; theme_builder_area=&#8221;post_content&#8221;]<\/p>\n<h1 data-start=\"177\" data-end=\"310\">A IRRIGA, com cada gota, la teva fidelitat tamb\u00e9 COMPTA!<\/h1>\n<h3 data-start=\"177\" data-end=\"310\"><span style=\"color: #8cc63f;\"><em>A partir del dia 2 de febrer 2026, activem el programa de fidelitzaci\u00f3!<\/em><\/span><\/h3>\n<p data-start=\"177\" data-end=\"310\">Premiem la confian\u00e7a dels nostres clients habituals. Amb la <strong data-start=\"246\" data-end=\"280\">Targeta de Fidelitzaci\u00f3 IRRIGA<\/strong>, cada compra suma avantatges.<\/p>\n<h3 data-start=\"312\" data-end=\"329\">Com funciona?<\/h3>\n<p data-start=\"249\" data-end=\"428\"><span data-start=\"252\" data-end=\"286\">&#8211; <\/span><strong data-start=\"252\" data-end=\"286\">Per cada compra m\u00ednima de 30 \u20ac<\/strong> a la botiga IRRIGA, obtindr\u00e0s <strong data-start=\"317\" data-end=\"329\">1 segell<\/strong>.<br data-start=\"330\" data-end=\"333\" \/><span data-start=\"336\" data-end=\"361\">&#8211; <\/span><strong data-start=\"336\" data-end=\"361\">En acumular 5 segells<\/strong>, gaudir\u00e0s d\u2019un <strong data-start=\"377\" data-end=\"397\">10% de descompte<\/strong> en la teva <strong data-start=\"409\" data-end=\"427\">seg\u00fcent compra<\/strong>.<\/p>\n<h3 data-start=\"430\" data-end=\"462\"><strong data-start=\"434\" data-end=\"462\">Condicions del descompte<\/strong><\/h3>\n<p data-start=\"464\" data-end=\"598\">\u2714\ufe0f El <strong data-start=\"470\" data-end=\"490\">10% de descompte<\/strong> s\u2019aplica sobre un <strong data-start=\"509\" data-end=\"569\">import m\u00e0xim equivalent a la suma total de les 5 compres<\/strong> que han generat els segells.<\/p>\n<h4><strong data-start=\"604\" data-end=\"623\">Exemple<\/strong><\/h4>\n<ul data-start=\"624\" data-end=\"737\">\n<li data-start=\"624\" data-end=\"690\">Realitzes <strong data-start=\"636\" data-end=\"658\">5 compres de 200 \u20ac<\/strong> \u2192 total acumulat: <strong data-start=\"677\" data-end=\"688\">1.000 \u20ac<\/strong><\/li>\n<li data-start=\"691\" data-end=\"737\">\n<p data-start=\"693\" data-end=\"737\">El teu <strong data-start=\"700\" data-end=\"719\">descompte m\u00e0xim<\/strong> ser\u00e0 de <strong data-start=\"728\" data-end=\"737\">100 \u20ac<\/strong><\/p>\n<\/li>\n<\/ul>\n<p data-start=\"739\" data-end=\"882\">-&gt; Si en la seg\u00fcent compra gastes <strong data-start=\"773\" data-end=\"782\">120 \u20ac<\/strong>, s\u2019aplica el <strong data-start=\"796\" data-end=\"824\">descompte m\u00e0xim de 100 \u20ac<\/strong>.<br data-start=\"825\" data-end=\"828\" \/>-&gt; Si gastes <strong data-start=\"841\" data-end=\"849\">80 \u20ac<\/strong>, la compra <strong data-start=\"861\" data-end=\"881\">et surt gratu\u00efta<\/strong><\/p>\n<ul data-start=\"539\" data-end=\"909\">\n<li data-start=\"829\" data-end=\"909\"><\/li>\n<\/ul>\n<p>[\/et_pb_text][\/et_pb_column][\/et_pb_row][et_pb_row column_structure=&#8221;1_2,1_2&#8243; _builder_version=&#8221;4.27.4&#8243; _module_preset=&#8221;default&#8221; global_colors_info=&#8221;{}&#8221; theme_builder_area=&#8221;post_content&#8221;][et_pb_column type=&#8221;1_2&#8243; _builder_version=&#8221;4.27.4&#8243; _module_preset=&#8221;default&#8221; global_colors_info=&#8221;{}&#8221; theme_builder_area=&#8221;post_content&#8221;][et_pb_text _builder_version=&#8221;4.27.4&#8243; _module_preset=&#8221;default&#8221; global_colors_info=&#8221;{}&#8221; theme_builder_area=&#8221;post_content&#8221;]<\/p>\n<h3 data-start=\"911\" data-end=\"934\">Condicions generals<\/h3>\n<ul data-start=\"935\" data-end=\"1250\">\n<li data-start=\"935\" data-end=\"981\">\n<p data-start=\"937\" data-end=\"981\">La targeta \u00e9s <strong data-start=\"951\" data-end=\"980\">personal i intransferible<\/strong>.<\/p>\n<\/li>\n<li data-start=\"935\" data-end=\"981\">L&#8217;\u00faltim dia per demanar la Targeta de fidelitat \u00e9s el divendres 27 de febrer 2026<\/li>\n<li data-start=\"935\" data-end=\"981\"><span style=\"font-size: 16px;\">Per rebre un segell sempre has de portar la teva targeta<\/span><\/li>\n<li data-start=\"982\" data-end=\"1034\">\n<p data-start=\"984\" data-end=\"1034\">Nom\u00e9s es permet <strong data-start=\"1000\" data-end=\"1033\">una targeta activa per client<\/strong>.<\/p>\n<\/li>\n<li data-start=\"1035\" data-end=\"1107\">\n<p data-start=\"1037\" data-end=\"1107\">Els segells no tenen valor econ\u00f2mic ni es poden bescanviar per diners.<\/p>\n<\/li>\n<li data-start=\"1108\" data-end=\"1250\">\n<p data-start=\"1110\" data-end=\"1250\">IRRIGA es reserva el dret de <strong data-start=\"1139\" data-end=\"1193\">modificar o cancel\u00b7lar el programa de fidelitzaci\u00f3<\/strong> en qualsevol moment, informant-ho pels canals habituals.<\/p>\n<\/li>\n<li data-start=\"1108\" data-end=\"1250\">El descompte m\u00e0xim: 300euros per targeta<\/li>\n<li data-start=\"1108\" data-end=\"1250\">m\u00e0xim 4 targetes a l&#8217;any per client<\/li>\n<li data-start=\"1108\" data-end=\"1250\">No aplicable a compres basades a pressupostos \u00a0realitzats per departament d&#8217;enginyeria t\u00e8cnica.<\/li>\n<li data-start=\"1108\" data-end=\"1250\">La targeta de fidelitzaci\u00f3 s\u2019aplica \u00fanicament a compres directes a la botiga, per a clients amb tarifa est\u00e0ndar. <br \/>IRRIGA <em><strong>es guarda el dret de exloure d\u2019aquesta promoci\u00f3<\/strong><\/em> els clients amb acords comercials espec\u00edfics o amb descomptes personalitzats.<\/li>\n<\/ul>\n<p>[\/et_pb_text][\/et_pb_column][et_pb_column type=&#8221;1_2&#8243; _builder_version=&#8221;4.27.4&#8243; _module_preset=&#8221;default&#8221; global_colors_info=&#8221;{}&#8221; theme_builder_area=&#8221;post_content&#8221;][et_pb_image src=&#8221;https:\/\/irriga.es\/wp-content\/uploads\/2026\/01\/targeta-de-fidelitat-mockup-scaled.jpg&#8221; alt=&#8221;TARGETA DE FIDELITAT IRRIGA, BOTIGA DE REG, FERRETERIA LLEIDA&#8221; title_text=&#8221;targeta-de-fidelitat-mockup&#8221; _builder_version=&#8221;4.27.4&#8243; _module_preset=&#8221;default&#8221; global_colors_info=&#8221;{}&#8221; theme_builder_area=&#8221;post_content&#8221;][\/et_pb_image][\/et_pb_column][\/et_pb_row][\/et_pb_section]<\/p>\n","protected":false},"excerpt":{"rendered":"<p>A IRRIGA, com cada gota, la teva fidelitat tamb\u00e9 COMPTA! A partir del dia 2 de febrer 2026, activem el programa de fidelitzaci\u00f3! Premiem la confian\u00e7a dels nostres clients habituals. Amb la Targeta de Fidelitzaci\u00f3 IRRIGA, cada compra suma avantatges. Com funciona? &#8211; Per cada compra m\u00ednima de 30 \u20ac a la botiga IRRIGA, obtindr\u00e0s [&hellip;]<\/p>\n","protected":false},"author":1,"featured_media":7711,"parent":0,"menu_order":0,"comment_status":"closed","ping_status":"closed","template":"","meta":{"_et_pb_use_builder":"on","_et_pb_old_content":"","_et_gb_content_width":"","_monsterinsights_skip_tracking":false,"_monsterinsights_sitenote_active":false,"_monsterinsights_sitenote_note":"","_monsterinsights_sitenote_category":0,"footnotes":""},"class_list":["post-7732","page","type-page","status-publish","has-post-thumbnail","hentry"],"yoast_head":"<!-- This site is optimized with the Yoast SEO plugin v26.6 - https:\/\/yoast.com\/wordpress\/plugins\/seo\/ -->\n<title>TARGETA DE FIDELITAT - Irriga Water Solutions<\/title>\n<meta name=\"description\" content=\"A IRRIGA premiem la confian\u00e7a dels nostres clients habituals. Amb la Targeta de Fidelitzaci\u00f3 IRRIGA, cada compra suma avantatges.\" \/>\n<meta name=\"robots\" content=\"index, follow, max-snippet:-1, max-image-preview:large, max-video-preview:-1\" \/>\n<link rel=\"canonical\" href=\"https:\/\/irriga.es\/index.php\/targeta-de-fidelitat\/\" \/>\n<meta property=\"og:locale\" content=\"ca_ES\" \/>\n<meta property=\"og:type\" content=\"article\" \/>\n<meta property=\"og:title\" content=\"TARGETA DE FIDELITAT - Irriga Water Solutions\" \/>\n<meta property=\"og:description\" content=\"A IRRIGA premiem la confian\u00e7a dels nostres clients habituals. Amb la Targeta de Fidelitzaci\u00f3 IRRIGA, cada compra suma avantatges.\" \/>\n<meta property=\"og:url\" content=\"https:\/\/irriga.es\/index.php\/targeta-de-fidelitat\/\" \/>\n<meta property=\"og:site_name\" content=\"Irriga Water Solutions\" \/>\n<meta property=\"article:modified_time\" content=\"2026-02-25T10:32:57+00:00\" \/>\n<meta property=\"og:image\" content=\"https:\/\/irriga.es\/wp-content\/uploads\/2026\/01\/targeta-de-fidelitat-mockup-scaled.jpg\" \/>\n\t<meta property=\"og:image:width\" content=\"1400\" \/>\n\t<meta property=\"og:image:height\" content=\"934\" \/>\n\t<meta property=\"og:image:type\" content=\"image\/jpeg\" \/>\n<meta name=\"twitter:card\" content=\"summary_large_image\" \/>\n<meta name=\"twitter:label1\" content=\"Temps estimat de lectura\" \/>\n\t<meta name=\"twitter:data1\" content=\"2 minuts\" \/>\n<script type=\"application\/ld+json\" class=\"yoast-schema-graph\">{\"@context\":\"https:\/\/schema.org\",\"@graph\":[{\"@type\":\"WebPage\",\"@id\":\"https:\/\/irriga.es\/index.php\/targeta-de-fidelitat\/\",\"url\":\"https:\/\/irriga.es\/index.php\/targeta-de-fidelitat\/\",\"name\":\"TARGETA DE FIDELITAT - Irriga Water Solutions\",\"isPartOf\":{\"@id\":\"https:\/\/irriga.es\/#website\"},\"primaryImageOfPage\":{\"@id\":\"https:\/\/irriga.es\/index.php\/targeta-de-fidelitat\/#primaryimage\"},\"image\":{\"@id\":\"https:\/\/irriga.es\/index.php\/targeta-de-fidelitat\/#primaryimage\"},\"thumbnailUrl\":\"https:\/\/irriga.es\/wp-content\/uploads\/2026\/01\/targeta-de-fidelitat-mockup-scaled.jpg\",\"datePublished\":\"2026-01-28T08:32:50+00:00\",\"dateModified\":\"2026-02-25T10:32:57+00:00\",\"description\":\"A IRRIGA premiem la confian\u00e7a dels nostres clients habituals. Amb la Targeta de Fidelitzaci\u00f3 IRRIGA, cada compra suma avantatges.\",\"breadcrumb\":{\"@id\":\"https:\/\/irriga.es\/index.php\/targeta-de-fidelitat\/#breadcrumb\"},\"inLanguage\":\"ca\",\"potentialAction\":[{\"@type\":\"ReadAction\",\"target\":[\"https:\/\/irriga.es\/index.php\/targeta-de-fidelitat\/\"]}]},{\"@type\":\"ImageObject\",\"inLanguage\":\"ca\",\"@id\":\"https:\/\/irriga.es\/index.php\/targeta-de-fidelitat\/#primaryimage\",\"url\":\"https:\/\/irriga.es\/wp-content\/uploads\/2026\/01\/targeta-de-fidelitat-mockup-scaled.jpg\",\"contentUrl\":\"https:\/\/irriga.es\/wp-content\/uploads\/2026\/01\/targeta-de-fidelitat-mockup-scaled.jpg\",\"width\":1400,\"height\":934,\"caption\":\"TARGETA DE FIDELITAT IRRIGA, BOTIGA DE REG, FERRETERIA LLEIDA\"},{\"@type\":\"BreadcrumbList\",\"@id\":\"https:\/\/irriga.es\/index.php\/targeta-de-fidelitat\/#breadcrumb\",\"itemListElement\":[{\"@type\":\"ListItem\",\"position\":1,\"name\":\"Portada\",\"item\":\"https:\/\/irriga.es\/\"},{\"@type\":\"ListItem\",\"position\":2,\"name\":\"TARGETA DE FIDELITAT\"}]},{\"@type\":\"WebSite\",\"@id\":\"https:\/\/irriga.es\/#website\",\"url\":\"https:\/\/irriga.es\/\",\"name\":\"Irriga Water Solutions\",\"description\":\"Sistemes de reg a mida \/\/ Obra hidr\u00e0ulica\",\"potentialAction\":[{\"@type\":\"SearchAction\",\"target\":{\"@type\":\"EntryPoint\",\"urlTemplate\":\"https:\/\/irriga.es\/?s={search_term_string}\"},\"query-input\":{\"@type\":\"PropertyValueSpecification\",\"valueRequired\":true,\"valueName\":\"search_term_string\"}}],\"inLanguage\":\"ca\"}]}<\/script>\n<!-- \/ Yoast SEO plugin. -->","yoast_head_json":{"title":"TARGETA DE FIDELITAT - Irriga Water Solutions","description":"A IRRIGA premiem la confian\u00e7a dels nostres clients habituals. Amb la Targeta de Fidelitzaci\u00f3 IRRIGA, cada compra suma avantatges.","robots":{"index":"index","follow":"follow","max-snippet":"max-snippet:-1","max-image-preview":"max-image-preview:large","max-video-preview":"max-video-preview:-1"},"canonical":"https:\/\/irriga.es\/index.php\/targeta-de-fidelitat\/","og_locale":"ca_ES","og_type":"article","og_title":"TARGETA DE FIDELITAT - Irriga Water Solutions","og_description":"A IRRIGA premiem la confian\u00e7a dels nostres clients habituals. Amb la Targeta de Fidelitzaci\u00f3 IRRIGA, cada compra suma avantatges.","og_url":"https:\/\/irriga.es\/index.php\/targeta-de-fidelitat\/","og_site_name":"Irriga Water Solutions","article_modified_time":"2026-02-25T10:32:57+00:00","og_image":[{"width":1400,"height":934,"url":"https:\/\/irriga.es\/wp-content\/uploads\/2026\/01\/targeta-de-fidelitat-mockup-scaled.jpg","type":"image\/jpeg"}],"twitter_card":"summary_large_image","twitter_misc":{"Temps estimat de lectura":"2 minuts"},"schema":{"@context":"https:\/\/schema.org","@graph":[{"@type":"WebPage","@id":"https:\/\/irriga.es\/index.php\/targeta-de-fidelitat\/","url":"https:\/\/irriga.es\/index.php\/targeta-de-fidelitat\/","name":"TARGETA DE FIDELITAT - Irriga Water Solutions","isPartOf":{"@id":"https:\/\/irriga.es\/#website"},"primaryImageOfPage":{"@id":"https:\/\/irriga.es\/index.php\/targeta-de-fidelitat\/#primaryimage"},"image":{"@id":"https:\/\/irriga.es\/index.php\/targeta-de-fidelitat\/#primaryimage"},"thumbnailUrl":"https:\/\/irriga.es\/wp-content\/uploads\/2026\/01\/targeta-de-fidelitat-mockup-scaled.jpg","datePublished":"2026-01-28T08:32:50+00:00","dateModified":"2026-02-25T10:32:57+00:00","description":"A IRRIGA premiem la confian\u00e7a dels nostres clients habituals. Amb la Targeta de Fidelitzaci\u00f3 IRRIGA, cada compra suma avantatges.","breadcrumb":{"@id":"https:\/\/irriga.es\/index.php\/targeta-de-fidelitat\/#breadcrumb"},"inLanguage":"ca","potentialAction":[{"@type":"ReadAction","target":["https:\/\/irriga.es\/index.php\/targeta-de-fidelitat\/"]}]},{"@type":"ImageObject","inLanguage":"ca","@id":"https:\/\/irriga.es\/index.php\/targeta-de-fidelitat\/#primaryimage","url":"https:\/\/irriga.es\/wp-content\/uploads\/2026\/01\/targeta-de-fidelitat-mockup-scaled.jpg","contentUrl":"https:\/\/irriga.es\/wp-content\/uploads\/2026\/01\/targeta-de-fidelitat-mockup-scaled.jpg","width":1400,"height":934,"caption":"TARGETA DE FIDELITAT IRRIGA, BOTIGA DE REG, FERRETERIA LLEIDA"},{"@type":"BreadcrumbList","@id":"https:\/\/irriga.es\/index.php\/targeta-de-fidelitat\/#breadcrumb","itemListElement":[{"@type":"ListItem","position":1,"name":"Portada","item":"https:\/\/irriga.es\/"},{"@type":"ListItem","position":2,"name":"TARGETA DE FIDELITAT"}]},{"@type":"WebSite","@id":"https:\/\/irriga.es\/#website","url":"https:\/\/irriga.es\/","name":"Irriga Water Solutions","description":"Sistemes de reg a mida \/\/ Obra hidr\u00e0ulica","potentialAction":[{"@type":"SearchAction","target":{"@type":"EntryPoint","urlTemplate":"https:\/\/irriga.es\/?s={search_term_string}"},"query-input":{"@type":"PropertyValueSpecification","valueRequired":true,"valueName":"search_term_string"}}],"inLanguage":"ca"}]}},"_links":{"self":[{"href":"https:\/\/irriga.es\/index.php\/wp-json\/wp\/v2\/pages\/7732","targetHints":{"allow":["GET"]}}],"collection":[{"href":"https:\/\/irriga.es\/index.php\/wp-json\/wp\/v2\/pages"}],"about":[{"href":"https:\/\/irriga.es\/index.php\/wp-json\/wp\/v2\/types\/page"}],"author":[{"embeddable":true,"href":"https:\/\/irriga.es\/index.php\/wp-json\/wp\/v2\/users\/1"}],"replies":[{"embeddable":true,"href":"https:\/\/irriga.es\/index.php\/wp-json\/wp\/v2\/comments?post=7732"}],"version-history":[{"count":17,"href":"https:\/\/irriga.es\/index.php\/wp-json\/wp\/v2\/pages\/7732\/revisions"}],"predecessor-version":[{"id":7843,"href":"https:\/\/irriga.es\/index.php\/wp-json\/wp\/v2\/pages\/7732\/revisions\/7843"}],"wp:featuredmedia":[{"embeddable":true,"href":"https:\/\/irriga.es\/index.php\/wp-json\/wp\/v2\/media\/7711"}],"wp:attachment":[{"href":"https:\/\/irriga.es\/index.php\/wp-json\/wp\/v2\/media?parent=7732"}],"curies":[{"name":"wp","href":"https:\/\/api.w.org\/{rel}","templated":true}]}}