{"id":7749,"date":"2026-01-28T11:07:00","date_gmt":"2026-01-28T10:07:00","guid":{"rendered":"https:\/\/www.irriga.es\/?page_id=7749"},"modified":"2026-01-28T14:11:56","modified_gmt":"2026-01-28T13:11:56","slug":"tarjeta-de-fidelidad","status":"publish","type":"page","link":"https:\/\/irriga.es\/index.php\/es\/tarjeta-de-fidelidad\/","title":{"rendered":"TARJETA DE FIDELIDAD"},"content":{"rendered":"<p>[et_pb_section fb_built=&#8221;1&#8243; admin_label=&#8221;section&#8221; _builder_version=&#8221;4.16&#8243; global_colors_info=&#8221;{}&#8221; theme_builder_area=&#8221;post_content&#8221;][et_pb_row admin_label=&#8221;row&#8221; _builder_version=&#8221;4.16&#8243; background_size=&#8221;initial&#8221; background_position=&#8221;top_left&#8221; background_repeat=&#8221;repeat&#8221; global_colors_info=&#8221;{}&#8221; theme_builder_area=&#8221;post_content&#8221;][et_pb_column type=&#8221;4_4&#8243; _builder_version=&#8221;4.16&#8243; custom_padding=&#8221;|||&#8221; global_colors_info=&#8221;{}&#8221; custom_padding__hover=&#8221;|||&#8221; theme_builder_area=&#8221;post_content&#8221;][et_pb_text _builder_version=&#8221;4.27.4&#8243; _module_preset=&#8221;default&#8221; global_colors_info=&#8221;{}&#8221; theme_builder_area=&#8221;post_content&#8221;]<\/p>\n<h1>\u00a1En IRRIGA, como cada gota, tu fidelidad tambi\u00e9n CUENTA!<\/h1>\n<h2><em><span style=\"color: #8cc63f;\">\u00a1A partir del d\u00eda 2 de febrero 2026, activamos el programa de fidelizaci\u00f3n!<\/span><\/em><\/h2>\n<p>Premiamos la confianza de nuestros clientes habituales. Con la Tarjeta de Fidelizaci\u00f3n IRRIGA, cada compra suma ventajas.<\/p>\n<p><strong>\u00bfC\u00f3mo funciona?<\/strong><br \/>&#8211; Por cada compra m\u00ednima <span style=\"text-decoration: underline;\">de 30\u20ac en la tienda El Centro de Riego de<\/span> IRRIGA, obtendr\u00e1s 1 sello.<br \/>&#8211; Al acumular 5 sellos recibir\u00e1s <strong>un descuento del 10% para tu pr\u00f3xima compra.<\/strong><\/p>\n<p><strong>Condiciones del descuento<\/strong><br \/>&#8211; El descuento <span style=\"text-decoration: underline;\">del 10% se aplicar\u00e1 sobre un importe m\u00e1ximo equivalente a la suma total de las 5 compras<\/span> generadas por los sellos.<\/p>\n<p><strong>Ejemplo<\/strong>:<\/p>\n<ul data-start=\"624\" data-end=\"737\">\n<li data-start=\"624\" data-end=\"690\">\n<p data-start=\"626\" data-end=\"690\">Realizas <strong data-start=\"636\" data-end=\"658\">5 compras de 200 \u20ac<\/strong> \u2192 total acumulado: <strong data-start=\"677\" data-end=\"688\">1.000 \u20ac<\/strong><\/p>\n<\/li>\n<li data-start=\"691\" data-end=\"737\">\n<p data-start=\"693\" data-end=\"737\">tu <strong data-start=\"700\" data-end=\"719\">descuento m\u00e1ximo<\/strong> ser\u00e1 de <strong data-start=\"728\" data-end=\"737\">100 \u20ac<\/strong><\/p>\n<\/li>\n<\/ul>\n<p data-start=\"739\" data-end=\"882\">Si en la siguiente compra gastas <strong data-start=\"773\" data-end=\"782\">120 \u20ac<\/strong>, se te aplicar\u00e1 el <strong data-start=\"796\" data-end=\"824\">descuento m\u00e1ximo de 100 \u20ac<\/strong>.<br data-start=\"825\" data-end=\"828\" \/>Si gastas <strong data-start=\"841\" data-end=\"849\">80 \u20ac<\/strong>, la compra te <strong data-start=\"861\" data-end=\"881\">sale gratis<\/strong>.<\/p>\n<p>&#8211; V\u00e1lido para materiales de riego y productos de ferreter\u00eda.<br \/>&#8211; El descuento no es acumulable a otras promociones, ofertas o descuentos especiales.<br \/>&#8211; Es necesario presentar la tarjeta correctamente sellada en el momento de realizar la compra.<\/p>\n<p>[\/et_pb_text][\/et_pb_column][\/et_pb_row][et_pb_row column_structure=&#8221;1_2,1_2&#8243; _builder_version=&#8221;4.27.4&#8243; _module_preset=&#8221;default&#8221; global_colors_info=&#8221;{}&#8221; theme_builder_area=&#8221;post_content&#8221;][et_pb_column type=&#8221;1_2&#8243; _builder_version=&#8221;4.27.4&#8243; _module_preset=&#8221;default&#8221; global_colors_info=&#8221;{}&#8221; theme_builder_area=&#8221;post_content&#8221;][et_pb_text _builder_version=&#8221;4.27.4&#8243; _module_preset=&#8221;default&#8221; global_colors_info=&#8221;{}&#8221; theme_builder_area=&#8221;post_content&#8221;]<\/p>\n<p><strong>Condiciones generales<\/strong><br \/>&#8211; La tarjeta es personal e intransferible.<br \/>&#8211; S\u00f3lo se permite una tarjeta activa por cliente.<br \/>&#8211; Los sellos no tienen valor econ\u00f3mico ni pueden canjearse por dinero.<br \/>&#8211; IRRIGA se reserva el derecho de modificar o cancelar el programa de fidelizaci\u00f3n en cualquier momento, inform\u00e1ndolo por los canales habituales.<\/p>\n<p>[\/et_pb_text][\/et_pb_column][et_pb_column type=&#8221;1_2&#8243; _builder_version=&#8221;4.27.4&#8243; _module_preset=&#8221;default&#8221; global_colors_info=&#8221;{}&#8221; theme_builder_area=&#8221;post_content&#8221;][et_pb_image src=&#8221;https:\/\/irriga.es\/wp-content\/uploads\/2026\/01\/targeta-de-fidelitat-mockup-1-scaled.jpg&#8221; alt=&#8221;tarjeta de fidelidad&#8221; title_text=&#8221;targeta-de-fidelitat-mockup&#8221; _builder_version=&#8221;4.27.4&#8243; _module_preset=&#8221;default&#8221; global_colors_info=&#8221;{}&#8221; theme_builder_area=&#8221;post_content&#8221;][\/et_pb_image][\/et_pb_column][\/et_pb_row][\/et_pb_section]<\/p>\n","protected":false},"excerpt":{"rendered":"<p>\u00a1En IRRIGA, como cada gota, tu fidelidad tambi\u00e9n CUENTA! \u00a1A partir del d\u00eda 2 de febrero 2026, activamos el programa de fidelizaci\u00f3n! Premiamos la confianza de nuestros clientes habituales. Con la Tarjeta de Fidelizaci\u00f3n IRRIGA, cada compra suma ventajas. \u00bfC\u00f3mo funciona?- Por cada compra m\u00ednima de 30\u20ac en la tienda El Centro de Riego de [&hellip;]<\/p>\n","protected":false},"author":1,"featured_media":7711,"parent":0,"menu_order":0,"comment_status":"closed","ping_status":"closed","template":"","meta":{"_et_pb_use_builder":"on","_et_pb_old_content":"","_et_gb_content_width":"","_monsterinsights_skip_tracking":false,"_monsterinsights_sitenote_active":false,"_monsterinsights_sitenote_note":"","_monsterinsights_sitenote_category":0,"footnotes":""},"class_list":["post-7749","page","type-page","status-publish","has-post-thumbnail","hentry"],"yoast_head":"<!-- This site is optimized with the Yoast SEO plugin v26.6 - https:\/\/yoast.com\/wordpress\/plugins\/seo\/ -->\n<title>TARJETA DE FIDELIDAD - Irriga Water Solutions<\/title>\n<meta name=\"description\" content=\"En Irriga, como cada gota, tu fidelidad tambi\u00e9n cuenta! Premiem la confianza de nuestros clientes habituales. Com tu tarjeta de fidelidad de IRRIGA, cada compra suma ventajas!\" \/>\n<meta name=\"robots\" content=\"index, follow, max-snippet:-1, max-image-preview:large, max-video-preview:-1\" \/>\n<link rel=\"canonical\" href=\"https:\/\/irriga.es\/index.php\/es\/tarjeta-de-fidelidad\/\" \/>\n<meta property=\"og:locale\" content=\"ca_ES\" \/>\n<meta property=\"og:type\" content=\"article\" \/>\n<meta property=\"og:title\" content=\"TARJETA DE FIDELIDAD - Irriga Water Solutions\" \/>\n<meta property=\"og:description\" content=\"En Irriga, como cada gota, tu fidelidad tambi\u00e9n cuenta! Premiem la confianza de nuestros clientes habituales. Com tu tarjeta de fidelidad de IRRIGA, cada compra suma ventajas!\" \/>\n<meta property=\"og:url\" content=\"https:\/\/irriga.es\/index.php\/es\/tarjeta-de-fidelidad\/\" \/>\n<meta property=\"og:site_name\" content=\"Irriga Water Solutions\" \/>\n<meta property=\"article:modified_time\" content=\"2026-01-28T13:11:56+00:00\" \/>\n<meta property=\"og:image\" content=\"https:\/\/irriga.es\/wp-content\/uploads\/2026\/01\/targeta-de-fidelitat-mockup-scaled.jpg\" \/>\n\t<meta property=\"og:image:width\" content=\"1400\" \/>\n\t<meta property=\"og:image:height\" content=\"934\" \/>\n\t<meta property=\"og:image:type\" content=\"image\/jpeg\" \/>\n<meta name=\"twitter:card\" content=\"summary_large_image\" \/>\n<meta name=\"twitter:label1\" content=\"Temps estimat de lectura\" \/>\n\t<meta name=\"twitter:data1\" content=\"2 minuts\" \/>\n<script type=\"application\/ld+json\" class=\"yoast-schema-graph\">{\"@context\":\"https:\/\/schema.org\",\"@graph\":[{\"@type\":\"WebPage\",\"@id\":\"https:\/\/irriga.es\/index.php\/es\/tarjeta-de-fidelidad\/\",\"url\":\"https:\/\/irriga.es\/index.php\/es\/tarjeta-de-fidelidad\/\",\"name\":\"TARJETA DE FIDELIDAD - Irriga Water Solutions\",\"isPartOf\":{\"@id\":\"https:\/\/irriga.es\/#website\"},\"primaryImageOfPage\":{\"@id\":\"https:\/\/irriga.es\/index.php\/es\/tarjeta-de-fidelidad\/#primaryimage\"},\"image\":{\"@id\":\"https:\/\/irriga.es\/index.php\/es\/tarjeta-de-fidelidad\/#primaryimage\"},\"thumbnailUrl\":\"https:\/\/irriga.es\/wp-content\/uploads\/2026\/01\/targeta-de-fidelitat-mockup-scaled.jpg\",\"datePublished\":\"2026-01-28T10:07:00+00:00\",\"dateModified\":\"2026-01-28T13:11:56+00:00\",\"description\":\"En Irriga, como cada gota, tu fidelidad tambi\u00e9n cuenta! Premiem la confianza de nuestros clientes habituales. Com tu tarjeta de fidelidad de IRRIGA, cada compra suma ventajas!\",\"breadcrumb\":{\"@id\":\"https:\/\/irriga.es\/index.php\/es\/tarjeta-de-fidelidad\/#breadcrumb\"},\"inLanguage\":\"ca\",\"potentialAction\":[{\"@type\":\"ReadAction\",\"target\":[\"https:\/\/irriga.es\/index.php\/es\/tarjeta-de-fidelidad\/\"]}]},{\"@type\":\"ImageObject\",\"inLanguage\":\"ca\",\"@id\":\"https:\/\/irriga.es\/index.php\/es\/tarjeta-de-fidelidad\/#primaryimage\",\"url\":\"https:\/\/irriga.es\/wp-content\/uploads\/2026\/01\/targeta-de-fidelitat-mockup-scaled.jpg\",\"contentUrl\":\"https:\/\/irriga.es\/wp-content\/uploads\/2026\/01\/targeta-de-fidelitat-mockup-scaled.jpg\",\"width\":1400,\"height\":934,\"caption\":\"TARGETA DE FIDELITAT IRRIGA, BOTIGA DE REG, FERRETERIA LLEIDA\"},{\"@type\":\"BreadcrumbList\",\"@id\":\"https:\/\/irriga.es\/index.php\/es\/tarjeta-de-fidelidad\/#breadcrumb\",\"itemListElement\":[{\"@type\":\"ListItem\",\"position\":1,\"name\":\"Portada\",\"item\":\"https:\/\/irriga.es\/\"},{\"@type\":\"ListItem\",\"position\":2,\"name\":\"TARJETA DE FIDELIDAD\"}]},{\"@type\":\"WebSite\",\"@id\":\"https:\/\/irriga.es\/#website\",\"url\":\"https:\/\/irriga.es\/\",\"name\":\"Irriga Water Solutions\",\"description\":\"Sistemes de reg a mida \/\/ Obra hidr\u00e0ulica\",\"potentialAction\":[{\"@type\":\"SearchAction\",\"target\":{\"@type\":\"EntryPoint\",\"urlTemplate\":\"https:\/\/irriga.es\/?s={search_term_string}\"},\"query-input\":{\"@type\":\"PropertyValueSpecification\",\"valueRequired\":true,\"valueName\":\"search_term_string\"}}],\"inLanguage\":\"ca\"}]}<\/script>\n<!-- \/ Yoast SEO plugin. -->","yoast_head_json":{"title":"TARJETA DE FIDELIDAD - Irriga Water Solutions","description":"En Irriga, como cada gota, tu fidelidad tambi\u00e9n cuenta! Premiem la confianza de nuestros clientes habituales. Com tu tarjeta de fidelidad de IRRIGA, cada compra suma ventajas!","robots":{"index":"index","follow":"follow","max-snippet":"max-snippet:-1","max-image-preview":"max-image-preview:large","max-video-preview":"max-video-preview:-1"},"canonical":"https:\/\/irriga.es\/index.php\/es\/tarjeta-de-fidelidad\/","og_locale":"ca_ES","og_type":"article","og_title":"TARJETA DE FIDELIDAD - Irriga Water Solutions","og_description":"En Irriga, como cada gota, tu fidelidad tambi\u00e9n cuenta! Premiem la confianza de nuestros clientes habituales. Com tu tarjeta de fidelidad de IRRIGA, cada compra suma ventajas!","og_url":"https:\/\/irriga.es\/index.php\/es\/tarjeta-de-fidelidad\/","og_site_name":"Irriga Water Solutions","article_modified_time":"2026-01-28T13:11:56+00:00","og_image":[{"width":1400,"height":934,"url":"https:\/\/irriga.es\/wp-content\/uploads\/2026\/01\/targeta-de-fidelitat-mockup-scaled.jpg","type":"image\/jpeg"}],"twitter_card":"summary_large_image","twitter_misc":{"Temps estimat de lectura":"2 minuts"},"schema":{"@context":"https:\/\/schema.org","@graph":[{"@type":"WebPage","@id":"https:\/\/irriga.es\/index.php\/es\/tarjeta-de-fidelidad\/","url":"https:\/\/irriga.es\/index.php\/es\/tarjeta-de-fidelidad\/","name":"TARJETA DE FIDELIDAD - Irriga Water Solutions","isPartOf":{"@id":"https:\/\/irriga.es\/#website"},"primaryImageOfPage":{"@id":"https:\/\/irriga.es\/index.php\/es\/tarjeta-de-fidelidad\/#primaryimage"},"image":{"@id":"https:\/\/irriga.es\/index.php\/es\/tarjeta-de-fidelidad\/#primaryimage"},"thumbnailUrl":"https:\/\/irriga.es\/wp-content\/uploads\/2026\/01\/targeta-de-fidelitat-mockup-scaled.jpg","datePublished":"2026-01-28T10:07:00+00:00","dateModified":"2026-01-28T13:11:56+00:00","description":"En Irriga, como cada gota, tu fidelidad tambi\u00e9n cuenta! Premiem la confianza de nuestros clientes habituales. Com tu tarjeta de fidelidad de IRRIGA, cada compra suma ventajas!","breadcrumb":{"@id":"https:\/\/irriga.es\/index.php\/es\/tarjeta-de-fidelidad\/#breadcrumb"},"inLanguage":"ca","potentialAction":[{"@type":"ReadAction","target":["https:\/\/irriga.es\/index.php\/es\/tarjeta-de-fidelidad\/"]}]},{"@type":"ImageObject","inLanguage":"ca","@id":"https:\/\/irriga.es\/index.php\/es\/tarjeta-de-fidelidad\/#primaryimage","url":"https:\/\/irriga.es\/wp-content\/uploads\/2026\/01\/targeta-de-fidelitat-mockup-scaled.jpg","contentUrl":"https:\/\/irriga.es\/wp-content\/uploads\/2026\/01\/targeta-de-fidelitat-mockup-scaled.jpg","width":1400,"height":934,"caption":"TARGETA DE FIDELITAT IRRIGA, BOTIGA DE REG, FERRETERIA LLEIDA"},{"@type":"BreadcrumbList","@id":"https:\/\/irriga.es\/index.php\/es\/tarjeta-de-fidelidad\/#breadcrumb","itemListElement":[{"@type":"ListItem","position":1,"name":"Portada","item":"https:\/\/irriga.es\/"},{"@type":"ListItem","position":2,"name":"TARJETA DE FIDELIDAD"}]},{"@type":"WebSite","@id":"https:\/\/irriga.es\/#website","url":"https:\/\/irriga.es\/","name":"Irriga Water Solutions","description":"Sistemes de reg a mida \/\/ Obra hidr\u00e0ulica","potentialAction":[{"@type":"SearchAction","target":{"@type":"EntryPoint","urlTemplate":"https:\/\/irriga.es\/?s={search_term_string}"},"query-input":{"@type":"PropertyValueSpecification","valueRequired":true,"valueName":"search_term_string"}}],"inLanguage":"ca"}]}},"_links":{"self":[{"href":"https:\/\/irriga.es\/index.php\/wp-json\/wp\/v2\/pages\/7749","targetHints":{"allow":["GET"]}}],"collection":[{"href":"https:\/\/irriga.es\/index.php\/wp-json\/wp\/v2\/pages"}],"about":[{"href":"https:\/\/irriga.es\/index.php\/wp-json\/wp\/v2\/types\/page"}],"author":[{"embeddable":true,"href":"https:\/\/irriga.es\/index.php\/wp-json\/wp\/v2\/users\/1"}],"replies":[{"embeddable":true,"href":"https:\/\/irriga.es\/index.php\/wp-json\/wp\/v2\/comments?post=7749"}],"version-history":[{"count":7,"href":"https:\/\/irriga.es\/index.php\/wp-json\/wp\/v2\/pages\/7749\/revisions"}],"predecessor-version":[{"id":7768,"href":"https:\/\/irriga.es\/index.php\/wp-json\/wp\/v2\/pages\/7749\/revisions\/7768"}],"wp:featuredmedia":[{"embeddable":true,"href":"https:\/\/irriga.es\/index.php\/wp-json\/wp\/v2\/media\/7711"}],"wp:attachment":[{"href":"https:\/\/irriga.es\/index.php\/wp-json\/wp\/v2\/media?parent=7749"}],"curies":[{"name":"wp","href":"https:\/\/api.w.org\/{rel}","templated":true}]}}